{"id":22866,"date":"2024-04-19T13:10:05","date_gmt":"2024-04-19T10:10:05","guid":{"rendered":"https:\/\/zooprekes24.lt\/produktas\/canvit-chondro-sunims\/"},"modified":"2026-03-31T17:42:59","modified_gmt":"2026-03-31T15:42:59","slug":"canvit-chondro-maisto-papildas-mazu-ir-vidutiniu-veisliu-sunims-sanariu-stiprinimui","status":"publish","type":"product","link":"https:\/\/zooprekes24.lt\/et\/produktas\/canvit-chondro-maisto-papildas-mazu-ir-vidutiniu-veisliu-sunims-sanariu-stiprinimui\/","title":{"rendered":"Canvit Chondro maisto papildas ma\u017e\u0173 ir vidutini\u0173 veisli\u0173 \u0161unims, s\u0105nari\u0173 stiprinimui"},"content":{"rendered":"<h3>Canvit Chondro sisaldab k\u00f5hrekaitset ja bioloogiliselt aktiivseid koostisosi: kondroitiinsulfaat, gl\u00fckoosamiinsulfaat, kollageen, C-vitamiin ja orgaanilised mikroelemendid. Need ained tugevdavad teie lemmiklooma k\u00f5hre, k\u00f5\u00f5luseid ja sidemeteid, aitavad kaasa kollageeni moodustumisele ja suurendavad mehaanilist vastupidavust.<\/h3>\n<ul>\n<li>Ideaalne toidulisand liikumisprobleemide ennetamiseks.<\/li>\n<li>Soodustab liigeste regenereerimist ja liikuvuse paranemist \u00e4\u00e4rmiselt l\u00fchikese aja jooksul.<\/li>\n<li>Tugevdab k\u00f5hre, aitab kaasa kollageeni moodustumisele ja suurendab mehaanilist vastupidavust.<\/li>\n<li><a href=\"https:\/\/www.canvit.cz\/en\/\" target=\"_blank\" rel=\"noopener noreferrer\">Canvit<\/a> Chondro on t\u00e4iuslik kombinatsioon k\u00f5hrega kaitsvatest ja bioaktiivsetest ainetest.<\/li>\n<li>Rikkalikult kondroitiinsulfaati, gl\u00fckosamiinsulfaati ja kollageeni, <a href=\"https:\/\/zooprekes24.lt\/et\/?s=vitamino+c&amp;post_type=product&amp;product_cat=0\" target=\"_blank\" rel=\"noopener noreferrer\">c-vitamiin<\/a> ja orgaaniliste mikroelementide allikas.<\/li>\n<\/ul>","protected":false},"excerpt":{"rendered":"<p>Canvit Chondro sud\u0117tyje yra kremzles apsaugan\u010di\u0173 ir biologi\u0161kai aktyvi\u0173 med\u017eiag\u0173: chondroitino sulfato, gliukozamino sulfato, kolageno, vitamino c ir organini\u0173 mikroelement\u0173. \u0160ios med\u017eiagos stiprina augintinio kremzles, sausgysles ir rais\u010dius, padeda susidaryti kolagenui ir didina mechanin\u012f atsparum\u0105. Idealus papildas judrumo sunkum\u0173 prevencijai. Skatina s\u0105nari\u0173 regeneracija ir judrumo gerinim\u0105 per ypa\u010d trump\u0105 period\u0105. Stiprina kremzles, padeda susidaryti kolagenui&#8230;<\/p>","protected":false},"featured_media":19953,"comment_status":"closed","ping_status":"closed","template":"","meta":{"_acf_changed":false,"slim_seo":{"title":"Canvit Chondro maisto papildas ma\u017e\u0173 ir vidutini\u0173 veisli\u0173 \u0161unims, s\u0105nari\u0173 stiprinimui - Zooprekes24","description":"Canvit Chondro sisaldab k\u00f5hrekaitset ja bioloogiliselt aktiivseid koostisosi: kondroitiinsulfaat, gl\u00fckoosamiinsulfaat, kollageen, C-vitamiin ja orgaaniline"},"iawp_total_views":75},"product_brand":[],"product_cat":[9021,32,8999,31,9022],"product_tag":[3332,2441],"class_list":{"0":"post-22866","1":"product","2":"type-product","3":"status-publish","4":"has-post-thumbnail","6":"product_cat-canvit-sunims","7":"product_cat-kitos-sunu-prekes","8":"product_cat-sunims","9":"product_cat-sunu-prekiu-gamintojai","10":"product_cat-vitaminai-ir-papildai-sunims","11":"product_tag-canvit-vitaminai-suniui","12":"product_tag-vitaminai","13":"pa_prekiu-zenklai-canvit","14":"pa_suns-amzius-jauniems","15":"pa_suns-amzius-senjorams","16":"pa_suns-amzius-suaugusiems","17":"pa_suns-amzius-visiems-amziams","18":"pa_veisles-dydis-mazoms-veislems","19":"pa_veisles-dydis-vidutinems-veislems","21":"first","22":"instock","23":"featured","24":"taxable","25":"shipping-taxable","26":"purchasable","27":"product-type-variable"},"acf":[],"_links":{"self":[{"href":"https:\/\/zooprekes24.lt\/et\/wp-json\/wp\/v2\/product\/22866","targetHints":{"allow":["GET"]}}],"collection":[{"href":"https:\/\/zooprekes24.lt\/et\/wp-json\/wp\/v2\/product"}],"about":[{"href":"https:\/\/zooprekes24.lt\/et\/wp-json\/wp\/v2\/types\/product"}],"replies":[{"embeddable":true,"href":"https:\/\/zooprekes24.lt\/et\/wp-json\/wp\/v2\/comments?post=22866"}],"wp:featuredmedia":[{"embeddable":true,"href":"https:\/\/zooprekes24.lt\/et\/wp-json\/wp\/v2\/media\/19953"}],"wp:attachment":[{"href":"https:\/\/zooprekes24.lt\/et\/wp-json\/wp\/v2\/media?parent=22866"}],"wp:term":[{"taxonomy":"product_brand","embeddable":true,"href":"https:\/\/zooprekes24.lt\/et\/wp-json\/wp\/v2\/product_brand?post=22866"},{"taxonomy":"product_cat","embeddable":true,"href":"https:\/\/zooprekes24.lt\/et\/wp-json\/wp\/v2\/product_cat?post=22866"},{"taxonomy":"product_tag","embeddable":true,"href":"https:\/\/zooprekes24.lt\/et\/wp-json\/wp\/v2\/product_tag?post=22866"}],"curies":[{"name":"wp","href":"https:\/\/api.w.org\/{rel}","templated":true}]}}