{"id":22865,"date":"2024-04-19T13:10:05","date_gmt":"2024-04-19T10:10:05","guid":{"rendered":"https:\/\/zooprekes24.lt\/produktas\/canvit-chondro-maxi-sunims\/"},"modified":"2026-03-31T17:47:28","modified_gmt":"2026-03-31T15:47:28","slug":"canvit-chondro-maxi-maisto-papildas-dideliu-veisliu-sunims-sanariu-stiprinimui","status":"publish","type":"product","link":"https:\/\/zooprekes24.lt\/et\/produktas\/canvit-chondro-maxi-maisto-papildas-dideliu-veisliu-sunims-sanariu-stiprinimui\/","title":{"rendered":"Canvit Chondro Maxi maisto papildas dideli\u0173 veisli\u0173 \u0161unims, s\u0105nari\u0173 stiprinimui"},"content":{"rendered":"<h3>Canvit Chondro Maxi - gl\u00fckoosamiin ja kondroitiin k\u00f5hrede kasvuks ning C-vitamiin koos kollageeniga tugevate k\u00f5\u00f5luste ja sidemete jaoks.<\/h3>\n<ul>\n<li>Ideaalne toidulisand liikumisprobleemide ennetamiseks.<\/li>\n<li>Soodustab liigeste regenereerimist ja liikuvuse paranemist \u00e4\u00e4rmiselt l\u00fchikese aja jooksul.<\/li>\n<li>Tugevdab k\u00f5hre, aitab kaasa kollageeni moodustumisele ja suurendab mehaanilist vastupidavust.<\/li>\n<li><a href=\"https:\/\/www.canvit.cz\/en\/\" target=\"_blank\" rel=\"noopener noreferrer\">Canvit<\/a> Chondro Maxi on t\u00e4iuslik kombinatsioon k\u00f5hrekaitset ja bioloogiliselt aktiivseid koostisosi.<\/li>\n<li>Rikkalikult kondroitiinsulfaati, gl\u00fckosamiinsulfaati ja kollageeni, <a href=\"https:\/\/zooprekes24.lt\/et\/?s=vitamino+c&amp;post_type=product&amp;product_cat=0\" target=\"_blank\" rel=\"noopener noreferrer\">c-vitamiin<\/a> ja orgaaniline mikroelement.<\/li>\n<\/ul>","protected":false},"excerpt":{"rendered":"<p>Canvit Chondro Maxi - gl\u00fckoosamiin ja kondroitiin k\u00f5hrede kasvuks ning C-vitamiin koos kollageeniga tugevate k\u00f5\u00f5luste ja sidemete jaoks. Ideaalne toidulisand liikumisprobleemide ennetamiseks. Soodustab liigeste taastumist ja paremat liikuvust v\u00e4ga l\u00fchikese ajaga. Tugevdab k\u00f5hre, aitab kaasa kollageeni moodustumisele ja suurendab mehaanilist vastupidavust. Canvit Chondro Maxi on ideaalne kombinatsioon k\u00f5hrega kaitsvatest ja bioaktiivsetest ainetest.....<\/p>","protected":false},"featured_media":19952,"comment_status":"closed","ping_status":"closed","template":"","meta":{"_acf_changed":false,"slim_seo":{"title":"Canvit Chondro Maxi maisto papildas dideli\u0173 veisli\u0173 \u0161unims, s\u0105nari\u0173 stiprinimui - Zooprekes24","description":"Canvit Chondro Maxi - gl\u00fckoosamiin ja kondroitiin k\u00f5hrede kasvuks ning C-vitamiin koos kollageeniga tugevate k\u00f5\u00f5luste ja sidemete jaoks. Ideaalne toidulisand"},"iawp_total_views":343},"product_brand":[],"product_cat":[9021,32,8999,31,9022],"product_tag":[2441],"class_list":{"0":"post-22865","1":"product","2":"type-product","3":"status-publish","4":"has-post-thumbnail","6":"product_cat-canvit-sunims","7":"product_cat-kitos-sunu-prekes","8":"product_cat-sunims","9":"product_cat-sunu-prekiu-gamintojai","10":"product_cat-vitaminai-ir-papildai-sunims","11":"product_tag-vitaminai","12":"pa_prekiu-zenklai-canvit","13":"pa_suns-amzius-jauniems","14":"pa_suns-amzius-senjorams","15":"pa_suns-amzius-suaugusiems","16":"pa_suns-amzius-visiems-amziams","17":"pa_veisles-dydis-didelems-veislems","19":"first","20":"instock","21":"featured","22":"taxable","23":"shipping-taxable","24":"purchasable","25":"product-type-variable"},"acf":[],"_links":{"self":[{"href":"https:\/\/zooprekes24.lt\/et\/wp-json\/wp\/v2\/product\/22865","targetHints":{"allow":["GET"]}}],"collection":[{"href":"https:\/\/zooprekes24.lt\/et\/wp-json\/wp\/v2\/product"}],"about":[{"href":"https:\/\/zooprekes24.lt\/et\/wp-json\/wp\/v2\/types\/product"}],"replies":[{"embeddable":true,"href":"https:\/\/zooprekes24.lt\/et\/wp-json\/wp\/v2\/comments?post=22865"}],"wp:featuredmedia":[{"embeddable":true,"href":"https:\/\/zooprekes24.lt\/et\/wp-json\/wp\/v2\/media\/19952"}],"wp:attachment":[{"href":"https:\/\/zooprekes24.lt\/et\/wp-json\/wp\/v2\/media?parent=22865"}],"wp:term":[{"taxonomy":"product_brand","embeddable":true,"href":"https:\/\/zooprekes24.lt\/et\/wp-json\/wp\/v2\/product_brand?post=22865"},{"taxonomy":"product_cat","embeddable":true,"href":"https:\/\/zooprekes24.lt\/et\/wp-json\/wp\/v2\/product_cat?post=22865"},{"taxonomy":"product_tag","embeddable":true,"href":"https:\/\/zooprekes24.lt\/et\/wp-json\/wp\/v2\/product_tag?post=22865"}],"curies":[{"name":"wp","href":"https:\/\/api.w.org\/{rel}","templated":true}]}}