{"id":22864,"date":"2024-04-19T13:10:05","date_gmt":"2024-04-19T10:10:05","guid":{"rendered":"https:\/\/zooprekes24.lt\/produktas\/canvit-biotin-sunims\/"},"modified":"2026-03-31T17:37:51","modified_gmt":"2026-03-31T15:37:51","slug":"canvit-biotiini-paikesepiirid","status":"publish","type":"product","link":"https:\/\/zooprekes24.lt\/et\/produktas\/canvit-biotin-sunims\/","title":{"rendered":"Canvit Biotin maisto papildas \u0161unims, kailiui ir odai stiprinti"},"content":{"rendered":"<h3>Canvit Biotin - suurep\u00e4rane <a href=\"https:\/\/zooprekes24.lt\/et\/?s=vitaminai&amp;post_type=product&amp;product_cat=0\" target=\"_blank\" rel=\"noopener noreferrer\">vitamiinid<\/a> l\u00e4ikiva karvkatte saavutamiseks ning naha ja karvkatte seisundi taastamiseks.<\/h3>\n<ul>\n<li>Aitab s\u00e4ilitada terve ja l\u00e4ikiva karvkatte.<\/li>\n<li>M\u00f5jutab positiivselt lemmiklooma k\u00fc\u00fcnte keratiini.<\/li>\n<li>Sisaldab aktiivset biotiini, tsinki ja B-vitamiine.<\/li>\n<li>Toidulisandid tablettidena (100 g - 100 tabletti, 230 g - 230 tabletti).<\/li>\n<li><a href=\"https:\/\/www.canvit.cz\/en\/\" target=\"_blank\" rel=\"noopener noreferrer\">Canvit<\/a> Metioniini kompleks soodustab terve naha arengut.<\/li>\n<\/ul>","protected":false},"excerpt":{"rendered":"<p>Canvit Biotin - t\u00e4iuslikud vitamiinid l\u00e4ikivaks karvkatteks ning naha ja karvkatte seisundi taastamiseks. Aitab s\u00e4ilitada terve ja l\u00e4ikiva karvkatte. M\u00f5jutab positiivselt lemmiklooma k\u00fc\u00fcnte keratiini. Sisaldab aktiivset biotiini, tsinki, B-vitamiine. Toidulisandid tablettide kujul (100 g - 100 tabletti, 230 g - 230 tabletti). Canvit Methionine Complex soodustab terve naha arengut.<\/p>","protected":false},"featured_media":19951,"comment_status":"closed","ping_status":"closed","template":"","meta":{"_acf_changed":false,"slim_seo":{"title":"Canvit Biotin maisto papildas \u0161unims, kailiui ir odai stiprinti - Zooprekes24","description":"Canvit Biotin - t\u00e4iuslikud vitamiinid l\u00e4ikivaks karvkatteks ning naha ja karvkatte seisundi taastamiseks. Aitab s\u00e4ilitada terve ja l\u00e4ikiva karvkatte. Omab positiivset m\u00f5ju"},"iawp_total_views":83},"product_brand":[],"product_cat":[9021,32,8999,31,9022],"product_tag":[1358,2441],"class_list":{"0":"post-22864","1":"product","2":"type-product","3":"status-publish","4":"has-post-thumbnail","6":"product_cat-canvit-sunims","7":"product_cat-kitos-sunu-prekes","8":"product_cat-sunims","9":"product_cat-sunu-prekiu-gamintojai","10":"product_cat-vitaminai-ir-papildai-sunims","11":"product_tag-papildai-suns-kailiui","12":"product_tag-vitaminai","13":"pa_prekiu-zenklai-canvit","14":"pa_suns-amzius-jauniems","15":"pa_suns-amzius-senjorams","16":"pa_suns-amzius-suaugusiems","17":"pa_suns-amzius-visiems-amziams","18":"pa_veisles-dydis-mazoms-veislems","19":"pa_veisles-dydis-vidutinems-veislems","21":"first","22":"instock","23":"featured","24":"taxable","25":"shipping-taxable","26":"purchasable","27":"product-type-variable"},"acf":[],"_links":{"self":[{"href":"https:\/\/zooprekes24.lt\/et\/wp-json\/wp\/v2\/product\/22864","targetHints":{"allow":["GET"]}}],"collection":[{"href":"https:\/\/zooprekes24.lt\/et\/wp-json\/wp\/v2\/product"}],"about":[{"href":"https:\/\/zooprekes24.lt\/et\/wp-json\/wp\/v2\/types\/product"}],"replies":[{"embeddable":true,"href":"https:\/\/zooprekes24.lt\/et\/wp-json\/wp\/v2\/comments?post=22864"}],"wp:featuredmedia":[{"embeddable":true,"href":"https:\/\/zooprekes24.lt\/et\/wp-json\/wp\/v2\/media\/19951"}],"wp:attachment":[{"href":"https:\/\/zooprekes24.lt\/et\/wp-json\/wp\/v2\/media?parent=22864"}],"wp:term":[{"taxonomy":"product_brand","embeddable":true,"href":"https:\/\/zooprekes24.lt\/et\/wp-json\/wp\/v2\/product_brand?post=22864"},{"taxonomy":"product_cat","embeddable":true,"href":"https:\/\/zooprekes24.lt\/et\/wp-json\/wp\/v2\/product_cat?post=22864"},{"taxonomy":"product_tag","embeddable":true,"href":"https:\/\/zooprekes24.lt\/et\/wp-json\/wp\/v2\/product_tag?post=22864"}],"curies":[{"name":"wp","href":"https:\/\/api.w.org\/{rel}","templated":true}]}}