{"id":22863,"date":"2024-04-19T13:10:05","date_gmt":"2024-04-19T10:10:05","guid":{"rendered":"https:\/\/zooprekes24.lt\/produktas\/canvit-biocal-plus-sunims\/"},"modified":"2026-03-31T17:16:57","modified_gmt":"2026-03-31T15:16:57","slug":"canvit-biocal-plus-sunims","status":"publish","type":"product","link":"https:\/\/zooprekes24.lt\/et\/produktas\/canvit-biocal-plus-sunims\/","title":{"rendered":"Canvit Biocal Plus toidulisand koertele, liigeste ja k\u00f5\u00f5luste tugevdamiseks 230 g"},"content":{"rendered":"<h3>Canvit Biocal Plus - <a href=\"https:\/\/zooprekes24.lt\/et\/?s=papildas&amp;post_type=product&amp;product_cat=0\" target=\"_blank\" rel=\"noopener noreferrer\">toidulisand<\/a> tugevdatud kollageeniga aitab <a href=\"https:\/\/www.canvit.cz\/en\/\" target=\"_blank\" rel=\"noopener noreferrer\">tagada oma lemmiklooma hea liigeste tervis<\/a> ja k\u00f5\u00f5luste seisundid.<\/h3>\n<ul>\n<li>Toidulisandid on saadaval tablettidena.<\/li>\n<li>Parandab lihaste funktsiooni.<\/li>\n<li>Kasulik hammaste tervisele.<\/li>\n<li>Sisaldab kaltsiumi, naatriumi, fosforit ja kollageeni.<\/li>\n<li>Leevendab liikumisraskustega koerte seisundit.<\/li>\n<\/ul>","protected":false},"excerpt":{"rendered":"<p>Kollageeniga rikastatud toidulisand Canvit Biocal Plus aitab hoida teie lemmiklooma liigesed ja k\u00f5\u00f5lused heas seisukorras. Toidulisandid tablettide kujul. Parandab lihaste funktsiooni. M\u00f5jutab positiivselt hammaste tervist. Sisaldab kaltsiumi, naatriumi, fosforit ja kollageeni. Leevendab liikumisprobleemidega koerte seisundit.<\/p>","protected":false},"featured_media":19950,"comment_status":"closed","ping_status":"closed","template":"","meta":{"_acf_changed":false,"slim_seo":{"title":"Canvit Biocal Plus maisto papildas \u0161unims, s\u0105nari\u0173 ir sausgysli\u0173 stiprinimui 230 g - Zooprekes24","description":"Kollageeniga rikastatud toidulisand Canvit Biocal Plus aitab hoida teie lemmiklooma liigesed ja k\u00f5\u00f5lused heas seisukorras. Toidulisandid tablettide kujul. Parandab lihaseid"},"iawp_total_views":119},"product_brand":[],"product_cat":[9021,32,8999,31,9022],"product_tag":[1519,2441,1331],"class_list":{"0":"post-22863","1":"product","2":"type-product","3":"status-publish","4":"has-post-thumbnail","6":"product_cat-canvit-sunims","7":"product_cat-kitos-sunu-prekes","8":"product_cat-sunims","9":"product_cat-sunu-prekiu-gamintojai","10":"product_cat-vitaminai-ir-papildai-sunims","11":"product_tag-papildai-suns-sanariams","12":"product_tag-vitaminai","13":"product_tag-vitaminai-senam-suniui","14":"pa_prekiu-zenklai-canvit","15":"pa_suns-amzius-jauniems","16":"pa_suns-amzius-senjorams","17":"pa_suns-amzius-suaugusiems","18":"pa_suns-amzius-visiems-amziams","19":"pa_veisles-dydis-didelems-veislems","20":"pa_veisles-dydis-mazoms-veislems","21":"pa_veisles-dydis-vidutinems-veislems","22":"pa_veisles-dydis-visu-dydziu-veislems","24":"first","25":"instock","26":"featured","27":"taxable","28":"shipping-taxable","29":"purchasable","30":"product-type-simple"},"acf":[],"_links":{"self":[{"href":"https:\/\/zooprekes24.lt\/et\/wp-json\/wp\/v2\/product\/22863","targetHints":{"allow":["GET"]}}],"collection":[{"href":"https:\/\/zooprekes24.lt\/et\/wp-json\/wp\/v2\/product"}],"about":[{"href":"https:\/\/zooprekes24.lt\/et\/wp-json\/wp\/v2\/types\/product"}],"replies":[{"embeddable":true,"href":"https:\/\/zooprekes24.lt\/et\/wp-json\/wp\/v2\/comments?post=22863"}],"wp:featuredmedia":[{"embeddable":true,"href":"https:\/\/zooprekes24.lt\/et\/wp-json\/wp\/v2\/media\/19950"}],"wp:attachment":[{"href":"https:\/\/zooprekes24.lt\/et\/wp-json\/wp\/v2\/media?parent=22863"}],"wp:term":[{"taxonomy":"product_brand","embeddable":true,"href":"https:\/\/zooprekes24.lt\/et\/wp-json\/wp\/v2\/product_brand?post=22863"},{"taxonomy":"product_cat","embeddable":true,"href":"https:\/\/zooprekes24.lt\/et\/wp-json\/wp\/v2\/product_cat?post=22863"},{"taxonomy":"product_tag","embeddable":true,"href":"https:\/\/zooprekes24.lt\/et\/wp-json\/wp\/v2\/product_tag?post=22863"}],"curies":[{"name":"wp","href":"https:\/\/api.w.org\/{rel}","templated":true}]}}