{"id":22857,"date":"2024-04-19T13:10:05","date_gmt":"2024-04-19T10:10:05","guid":{"rendered":"https:\/\/zooprekes24.lt\/produktas\/royal-canin-kitten-sterilised\/"},"modified":"2025-07-03T19:18:13","modified_gmt":"2025-07-03T17:18:13","slug":"royal-canin-kassipoeg-steriliseeritud","status":"publish","type":"product","link":"https:\/\/zooprekes24.lt\/et\/produktas\/royal-canin-kitten-sterilised\/","title":{"rendered":"Royal Canin Kitten Steriliseeritud kuivtoit kassipoegadele"},"content":{"rendered":"<h3>Royal Canin Kitten Steriliseeritud - t\u00e4iendatud \u00f5ige koguse kaltsiumi, vitamiinide ja muude toitainetega, et tagada harmooniline kasv. P\u00e4rast steriliseerimist muutuvad kassipoegade toitumisvajadused, seega on toit tasakaalustatud, et pakkuda steriliseeritud kassipoegadele vajalikke toitaineid ilma kaalut\u00f5usu ohuta.<\/h3>\n<ul>\n<li><a href=\"https:\/\/zooprekes24.lt\/et\/?s=ka%C4%8Diukams&amp;post_type=product&amp;product_cat=0\" target=\"_blank\" rel=\"noopener noreferrer\">Kassipoegade jaoks<\/a> p\u00e4rast steriliseerimist 6-12 kuu vanuselt.<\/li>\n<li>Graanulite kuju ja tekstuur on ideaalsed j\u00e4\u00e4vhammaste moodustumiseks.<\/li>\n<li>Energiavajaduse neutraliseerimine suurendab \u00fclekaalulisuse riski. Royal Canin Kitten Sterilised sisaldab m\u00f5\u00f5dukalt rasva, mis aitab piirata kaalut\u00f5usu, ilma et see kahjustaks tervist.<\/li>\n<li><a href=\"https:\/\/www.youtube.com\/watch?reload=9&amp;reload=9&amp;v=FYwO1fiYoa8\" target=\"_blank\" rel=\"noopener noreferrer\">ainu\u00fcksi taimse ja mineraalse p\u00e4ritoluga koostisainetega<\/a>hea seedimise jaoks.<\/li>\n<li><a href=\"https:\/\/www.royalcanin.com\/lt\/about-us\/quality-and-food-safety\" target=\"_blank\" rel=\"noopener noreferrer\">Patenteeritud antioks\u00fcdantide kompleks<\/a> (C- ja E-vitamiinid, tauriin ja luteiin) ning mannan-oligosahhariidid tugevdavad teie kassipoegade loomulikku kaitsev\u00f5imet.<\/li>\n<li>Kasvuperioodil on kassipoegade seedetrakt veel ebak\u00fcps ja areneb j\u00e4rk-j\u00e4rgult mitme kuu jooksul. Prebiootikumide (MOS) ja kergesti seeditavate valkude kombinatsioon s\u00e4ilitab soolestiku mikrobiootika tervisliku tasakaalu ja tagab kassipoegade tervisliku seedimise.<\/li>\n<\/ul>\n<p><img loading=\"lazy\" decoding=\"async\" class=\"\" src=\"https:\/\/zooprekes24.lt\/wp-content\/uploads\/sacred-birman-kitten-birth-growth-brand-emblematic-4.jpeg\" width=\"350\" height=\"287\" \/><\/p>","protected":false},"excerpt":{"rendered":"<p>Royal Canin Kitten Sterilised &#8211; papildytas tinkamu kalcio, vitamin\u0173 ir kit\u0173 maisting\u0173j\u0173 med\u017eiag\u0173 kiekiu, u\u017etikrinan\u010diu harmoning\u0105 augim\u0105. Po sterilizacijos kei\u010diasi ka\u010diuko mitybos poreikiai, tad maistas subalansuotas taip, kad suteikt\u0173 tiek maisto med\u017eiag\u0173, kiek b\u016btina sterilizuotiems ka\u010diukams, be rizikos priaugti svorio. Skirta ka\u010diukams po sterilizacijos nuo 6 iki 12 m\u0117nesi\u0173 am\u017eiaus. Granuli\u0173 forma ir tekst\u016bra idealiai&#8230;<\/p>","protected":false},"featured_media":19948,"comment_status":"closed","ping_status":"closed","template":"","meta":{"_acf_changed":false,"slim_seo":{"title":"Royal Canin Kitten Sterilised sausas maistas ka\u010diukams - Zooprekes24","description":"Royal Canin Kitten Steriliseeritud - t\u00e4iendatud \u00f5ige koguse kaltsiumi, vitamiinide ja muude toitainetega, et tagada harmooniline kasv. P\u00e4rast steriliseerimist"},"iawp_total_views":298},"product_brand":[],"product_cat":[72,83,25,9019,9016],"product_tag":[1671,1675,1682,1696],"class_list":{"0":"post-22857","1":"product","2":"type-product","3":"status-publish","4":"has-post-thumbnail","6":"product_cat-kaciu-maistas","7":"product_cat-kaciu-prekiu-gamintojai","8":"product_cat-katems","9":"product_cat-royal-canin-kaciu-prekiu-gamintojai","10":"product_cat-sausas-maistas-kaciu-maistas","11":"product_tag-begrudis-kaciu-maistas","12":"product_tag-kaciu-edalas","13":"product_tag-kaciu-maistas-super-premium-klases","14":"product_tag-super-premium-maistas-katems","15":"pa_pasaro-sudetis-ryziai","16":"pa_pasaro-sudetis-vistiena","17":"pa_prekiu-zenklai-royal-canin","19":"first","20":"instock","21":"featured","22":"taxable","23":"shipping-taxable","24":"purchasable","25":"product-type-variable"},"acf":[],"_links":{"self":[{"href":"https:\/\/zooprekes24.lt\/et\/wp-json\/wp\/v2\/product\/22857","targetHints":{"allow":["GET"]}}],"collection":[{"href":"https:\/\/zooprekes24.lt\/et\/wp-json\/wp\/v2\/product"}],"about":[{"href":"https:\/\/zooprekes24.lt\/et\/wp-json\/wp\/v2\/types\/product"}],"replies":[{"embeddable":true,"href":"https:\/\/zooprekes24.lt\/et\/wp-json\/wp\/v2\/comments?post=22857"}],"wp:featuredmedia":[{"embeddable":true,"href":"https:\/\/zooprekes24.lt\/et\/wp-json\/wp\/v2\/media\/19948"}],"wp:attachment":[{"href":"https:\/\/zooprekes24.lt\/et\/wp-json\/wp\/v2\/media?parent=22857"}],"wp:term":[{"taxonomy":"product_brand","embeddable":true,"href":"https:\/\/zooprekes24.lt\/et\/wp-json\/wp\/v2\/product_brand?post=22857"},{"taxonomy":"product_cat","embeddable":true,"href":"https:\/\/zooprekes24.lt\/et\/wp-json\/wp\/v2\/product_cat?post=22857"},{"taxonomy":"product_tag","embeddable":true,"href":"https:\/\/zooprekes24.lt\/et\/wp-json\/wp\/v2\/product_tag?post=22857"}],"curies":[{"name":"wp","href":"https:\/\/api.w.org\/{rel}","templated":true}]}}