{"id":22849,"date":"2024-04-19T13:10:05","date_gmt":"2024-04-19T10:10:05","guid":{"rendered":"https:\/\/zooprekes24.lt\/produktas\/royal-canin-mother-babycat\/"},"modified":"2025-07-03T19:23:04","modified_gmt":"2025-07-03T17:23:04","slug":"royal-canin-mother-babycat","status":"publish","type":"product","link":"https:\/\/zooprekes24.lt\/et\/produktas\/royal-canin-mother-babycat\/","title":{"rendered":"Royal Canin Mother &amp; Babycat kuivtoit"},"content":{"rendered":"<h3>Royal Canin Mother &amp; Babycat - t\u00e4iustatud \u00f5ige koguse kaltsiumi, vitamiinide ja muude toitainetega, et tagada harmooniline kasv. Sobib kutsikate v\u00f5\u00f5rutamiseks esimeses kasvufaasis ning kassidele ja imetavatele kassidele.<\/h3>\n<ul>\n<li><a href=\"https:\/\/zooprekes24.lt\/et\/?s=ka%C4%8Diukams&amp;post_type=product&amp;product_cat=0\" target=\"_blank\" rel=\"noopener noreferrer\">Kassipoegade jaoks<\/a> 1 kuni 4 kuu vanuselt.<\/li>\n<li>Toit koosneb spetsiaalsetest graanulitest, mis lahustuvad kergesti, v\u00f5imaldades kassipoegadel kiiremini piimalt tahkele toidule \u00fcle minna.<\/li>\n<li>Royal Canin Mother &amp; Babycat toitu on t\u00e4iendatud \u00f5ige koguse kaltsiumi, vitamiinide ja muude toitainetega, et tagada harmooniline kasv.<\/li>\n<li><a href=\"https:\/\/www.youtube.com\/watch?reload=9&amp;reload=9&amp;v=FYwO1fiYoa8\" target=\"_blank\" rel=\"noopener noreferrer\">ainu\u00fcksi taimse ja mineraalse p\u00e4ritoluga koostisainetega<\/a>hea seedimise jaoks.<\/li>\n<li><a href=\"https:\/\/www.royalcanin.com\/lt\/about-us\/quality-and-food-safety\" target=\"_blank\" rel=\"noopener noreferrer\">Patenteeritud antioks\u00fcdantide kompleks<\/a> (C- ja E-vitamiinid, tauriin ja luteiin) ning mannan-oligosahhariidid tugevdavad teie kassipoegade loomulikku kaitsev\u00f5imet.<\/li>\n<li>V\u00e4hendab ebameeldivat fekaalil\u00f5hna.<\/li>\n<\/ul>\n<p><img loading=\"lazy\" decoding=\"async\" class=\"\" src=\"https:\/\/zooprekes24.lt\/wp-content\/uploads\/sacred-birman-mother-kitten-birth-growth-brand-emblematic-38.jpeg\" width=\"350\" height=\"273\" \/><\/p>","protected":false},"excerpt":{"rendered":"<p>Royal Canin Mother &amp; Babycat &#8211; papildytas tinkamu kalcio, vitamin\u0173 ir kit\u0173 maisting\u0173j\u0173 med\u017eiag\u0173 kiekiu, u\u017etikrinan\u010diu harmoning\u0105 augim\u0105. Tinkamas nujunkomiems ma\u017eyliams pirmojoje augimo faz\u0117je bei katingoms ir \u017eindan\u010dioms kat\u0117ms. Skirta\u00a0ka\u010diukams nuo 1 iki 4 m\u0117nesi\u0173 am\u017eiaus. \u0116dalas sudarytas i\u0161 speciali\u0173 granuliu, kurios lengvai tirpsta, tod\u0117l ka\u010diukai grei\u010diau pereina nuo pieno prie kieto maisto. Royal Canin&#8230;<\/p>","protected":false},"featured_media":26041,"comment_status":"closed","ping_status":"closed","template":"","meta":{"_acf_changed":false,"slim_seo":{"title":"Royal Canin Mother & Babycat sausas maistas - Zooprekes24","description":"Royal Canin Mother &amp; Babycat - t\u00e4iustatud \u00f5ige koguse kaltsiumi, vitamiinide ja muude toitainetega, et tagada harmooniline kasv. Sobib v\u00f5\u00f5rutamiseks"},"iawp_total_views":360},"product_brand":[],"product_cat":[72,83,25,9019,9016],"product_tag":[1671,1675,1682,2185,1696],"class_list":{"0":"post-22849","1":"product","2":"type-product","3":"status-publish","4":"has-post-thumbnail","6":"product_cat-kaciu-maistas","7":"product_cat-kaciu-prekiu-gamintojai","8":"product_cat-katems","9":"product_cat-royal-canin-kaciu-prekiu-gamintojai","10":"product_cat-sausas-maistas-kaciu-maistas","11":"product_tag-begrudis-kaciu-maistas","12":"product_tag-kaciu-edalas","13":"product_tag-kaciu-maistas-super-premium-klases","14":"product_tag-nujunkomiems-kaciukams","15":"product_tag-super-premium-maistas-katems","16":"pa_pasaro-sudetis-ryziai","17":"pa_pasaro-sudetis-vistiena","18":"pa_prekiu-zenklai-royal-canin","20":"first","21":"instock","22":"featured","23":"taxable","24":"shipping-taxable","25":"purchasable","26":"product-type-variable"},"acf":[],"_links":{"self":[{"href":"https:\/\/zooprekes24.lt\/et\/wp-json\/wp\/v2\/product\/22849","targetHints":{"allow":["GET"]}}],"collection":[{"href":"https:\/\/zooprekes24.lt\/et\/wp-json\/wp\/v2\/product"}],"about":[{"href":"https:\/\/zooprekes24.lt\/et\/wp-json\/wp\/v2\/types\/product"}],"replies":[{"embeddable":true,"href":"https:\/\/zooprekes24.lt\/et\/wp-json\/wp\/v2\/comments?post=22849"}],"wp:featuredmedia":[{"embeddable":true,"href":"https:\/\/zooprekes24.lt\/et\/wp-json\/wp\/v2\/media\/26041"}],"wp:attachment":[{"href":"https:\/\/zooprekes24.lt\/et\/wp-json\/wp\/v2\/media?parent=22849"}],"wp:term":[{"taxonomy":"product_brand","embeddable":true,"href":"https:\/\/zooprekes24.lt\/et\/wp-json\/wp\/v2\/product_brand?post=22849"},{"taxonomy":"product_cat","embeddable":true,"href":"https:\/\/zooprekes24.lt\/et\/wp-json\/wp\/v2\/product_cat?post=22849"},{"taxonomy":"product_tag","embeddable":true,"href":"https:\/\/zooprekes24.lt\/et\/wp-json\/wp\/v2\/product_tag?post=22849"}],"curies":[{"name":"wp","href":"https:\/\/api.w.org\/{rel}","templated":true}]}}