{"id":22841,"date":"2024-04-19T13:10:05","date_gmt":"2024-04-19T10:10:05","guid":{"rendered":"https:\/\/zooprekes24.lt\/produktas\/royal-canin-digestive-care\/"},"modified":"2026-02-27T06:36:01","modified_gmt":"2026-02-27T04:36:01","slug":"royal-canin-digestive-care","status":"publish","type":"product","link":"https:\/\/zooprekes24.lt\/et\/produktas\/royal-canin-digestive-care\/","title":{"rendered":"Royal Canin Digestive Care kasside kuivtoit"},"content":{"rendered":"<h3>Royal Canin Digestive Care - seedes\u00fcsteemi optimaalse toimimise tagamiseks. Toit koosneb <a href=\"https:\/\/www.royalcanin.com\/lt\/about-us\/quality-and-food-safety\" target=\"_blank\" rel=\"noopener noreferrer\">probiootikumide ja kiudainete kombinatsioon<\/a>mis tagab soolestiku floora tasakaalu ja aitab reguleerida soolestiku l\u00e4bilaskvust. Seedetrakti tundlikkus v\u00f5ib olla rohke ja halvasti koosnevate v\u00e4ljaheidete p\u00f5hjuseks. Ja toidu liiga kiire alla neelamine ilma seda korralikult n\u00e4rimata v\u00f5ib p\u00f5hjustada oksendamist.<\/h3>\n<ul>\n<li>Sisaldab rohkem kui 90% h\u00e4sti imenduvat valku (L.I.P.*). Toit p\u00f5hineb probiootikumide (FOS: frukto-oligosahhariidid) ja kiudainete (sh sinep) kombinatsioonil, mis tagab soolefloora tasakaalu ja aitab reguleerida soolestiku l\u00e4bitavust.<\/li>\n<li>Soodustab n\u00e4rimist ja aeglasemat s\u00f6\u00f6mist. T\u00e4nu Royal Canin Digestive Care pelletite ainulaadsele tekstuurile ja kujule s\u00f6\u00f6vad kassid aeglasemalt ja n\u00e4rivad h\u00e4sti.<\/li>\n<li>T\u00f5estatud t\u00f5husus: n\u00e4htav tulemus juba 10 p\u00e4eva p\u00e4rast s\u00f6\u00f6tmist Seedehooldus: 49%* v\u00e4hem v\u00e4ljaheiteid t\u00e4nu paremale seedimisele ja toitainete imendumisele. *Royal Canini siseuuringud, 2014 - V\u00f5rreldes tavalise t\u00e4iskasvanud kassitoiduga.<\/li>\n<li><a href=\"https:\/\/www.youtube.com\/watch?reload=9&amp;reload=9&amp;v=FYwO1fiYoa8\" target=\"_blank\" rel=\"noopener noreferrer\">Spetsiaalselt kombineeritud mineraalid<\/a> aitab s\u00e4ilitada <a href=\"https:\/\/zooprekes24.lt\/et\/?s=royal+urinary&amp;post_type=product&amp;product_cat=0\" target=\"_blank\" rel=\"noopener noreferrer\">kassi uriinis\u00fcsteemi tervislikule toimimisele<\/a>.<\/li>\n<\/ul>\n<p><img loading=\"lazy\" decoding=\"async\" class=\"\" src=\"https:\/\/zooprekes24.lt\/wp-content\/uploads\/bc36o-hub-kurilian-bobtail-adult-black-and-white-10.jpeg\" width=\"350\" height=\"262\" \/><\/p>","protected":false},"excerpt":{"rendered":"<p>Royal Canin Digestive Care &#8211; optimaliai vir\u0161kinimo sistemos veiklai. Maist\u0105 sudaro probiotik\u0173 ir skaidul\u0173 derinys, kuris u\u017etikrina \u017earnyno floros pusiausvyr\u0105 ir padeda reguliuoti \u017earnyno praeinamum\u0105. Skrand\u017eio ir vir\u0161kinamojo trakto jautrumas gali b\u016bti gausi\u0173 ir prastos konsistencijos i\u0161mat\u0173 prie\u017eastimi. O per greitas maisto rijimas, jo tinkamai nesukram\u010dius, gali sukelti v\u0117mim\u0105. Sud\u0117tyje daugiau nei 90% labai gerai&#8230;<\/p>","protected":false},"featured_media":19945,"comment_status":"closed","ping_status":"closed","template":"","meta":{"_acf_changed":false,"slim_seo":{"title":"Royal Canin Digestive Care sausas maistas kat\u0117ms - Zooprekes24","description":"Royal Canin Digestive Care - seedes\u00fcsteemi optimaalse toimimise tagamiseks. Sisaldab probiootikumide ja kiudainete kombinatsiooni, et tagada soolestiku floora tasakaal."},"iawp_total_views":531},"product_brand":[],"product_cat":[72,83,25,9019,9016],"product_tag":[1671,1675,1682,1696],"class_list":{"0":"post-22841","1":"product","2":"type-product","3":"status-publish","4":"has-post-thumbnail","6":"product_cat-kaciu-maistas","7":"product_cat-kaciu-prekiu-gamintojai","8":"product_cat-katems","9":"product_cat-royal-canin-kaciu-prekiu-gamintojai","10":"product_cat-sausas-maistas-kaciu-maistas","11":"product_tag-begrudis-kaciu-maistas","12":"product_tag-kaciu-edalas","13":"product_tag-kaciu-maistas-super-premium-klases","14":"product_tag-super-premium-maistas-katems","15":"pa_pasaro-sudetis-ryziai","16":"pa_pasaro-sudetis-vistiena","17":"pa_prekiu-zenklai-royal-canin","19":"first","20":"instock","21":"sale","22":"featured","23":"taxable","24":"shipping-taxable","25":"purchasable","26":"product-type-variable"},"acf":[],"_links":{"self":[{"href":"https:\/\/zooprekes24.lt\/et\/wp-json\/wp\/v2\/product\/22841","targetHints":{"allow":["GET"]}}],"collection":[{"href":"https:\/\/zooprekes24.lt\/et\/wp-json\/wp\/v2\/product"}],"about":[{"href":"https:\/\/zooprekes24.lt\/et\/wp-json\/wp\/v2\/types\/product"}],"replies":[{"embeddable":true,"href":"https:\/\/zooprekes24.lt\/et\/wp-json\/wp\/v2\/comments?post=22841"}],"wp:featuredmedia":[{"embeddable":true,"href":"https:\/\/zooprekes24.lt\/et\/wp-json\/wp\/v2\/media\/19945"}],"wp:attachment":[{"href":"https:\/\/zooprekes24.lt\/et\/wp-json\/wp\/v2\/media?parent=22841"}],"wp:term":[{"taxonomy":"product_brand","embeddable":true,"href":"https:\/\/zooprekes24.lt\/et\/wp-json\/wp\/v2\/product_brand?post=22841"},{"taxonomy":"product_cat","embeddable":true,"href":"https:\/\/zooprekes24.lt\/et\/wp-json\/wp\/v2\/product_cat?post=22841"},{"taxonomy":"product_tag","embeddable":true,"href":"https:\/\/zooprekes24.lt\/et\/wp-json\/wp\/v2\/product_tag?post=22841"}],"curies":[{"name":"wp","href":"https:\/\/api.w.org\/{rel}","templated":true}]}}