{"id":22823,"date":"2024-04-19T13:09:08","date_gmt":"2024-04-19T10:09:08","guid":{"rendered":"https:\/\/zooprekes24.lt\/produktas\/royal-canin-dental-care\/"},"modified":"2026-02-27T06:27:13","modified_gmt":"2026-02-27T04:27:13","slug":"royal-canin-hambaravi","status":"publish","type":"product","link":"https:\/\/zooprekes24.lt\/et\/produktas\/royal-canin-dental-care\/","title":{"rendered":"Royal Canin Dental Care kasside kuivtoit"},"content":{"rendered":"<h3>Royal Canin Dental Care on tasakaalustatud toit t\u00e4iskasvanud kassidele, mis v\u00e4hendab hambakahjustusi ja ennetab v\u00e4hirakkude teket.<\/h3>\n<ul>\n<li>Adresseeritud\u00a0<a href=\"https:\/\/zooprekes24.lt\/et\/kategorija\/prekes-katems\/parditoodete-tootjad\/royal-canin-katems\/\" target=\"_blank\" rel=\"noopener noreferrer\">t\u00e4iskasvanud kassidele<\/a>tundlike igemetega inimestele.<\/li>\n<li><a href=\"https:\/\/www.youtube.com\/watch?reload=9&amp;reload=9&amp;v=FYwO1fiYoa8\" target=\"_blank\" rel=\"noopener noreferrer\">Hakkliha ainulaadne kuju ja konsistentsus<\/a> on puhastav toime, mille tulemuseks on v\u00e4hem hambakivi moodustumist. P\u00e4rast 28-p\u00e4evast s\u00f6\u00f6tmist v\u00e4heneb hambakivi moodustumine 59 % v\u00f5rra.<\/li>\n<li>Naatriumfosfaatidega - aktiivsed koostisosad, mis talletavad kaltsiumi s\u00fcljes ja takistavad selle hambakivina hambale ladestumist.<\/li>\n<li>Royal Canin Hambaravi <a href=\"https:\/\/www.royalcanin.com\/lt\/about-us\/quality-and-food-safety\" target=\"_blank\" rel=\"noopener noreferrer\">M\u00f5eldud koos mineraalide tasakaaluga<\/a>aitab s\u00e4ilitada t\u00e4iskasvanud kassi uriinis\u00fcsteemi tervist.<\/li>\n<\/ul>\n<p><img loading=\"lazy\" decoding=\"async\" class=\"\" src=\"https:\/\/zooprekes24.lt\/wp-content\/uploads\/bc3h-hub-british-shorthair-adult-black-and-white-20.jpeg\" width=\"350\" height=\"262\" \/><\/p>","protected":false},"excerpt":{"rendered":"<p>Royal Canin Dental Care &#8211; subalansuotas \u0117dalas suaugusioms kat\u0117ms ma\u017einantis dant\u0173 \u0117duonies susidarym\u0105 ir apsaugantis nuo v\u0117\u017eio l\u0105steli\u0173 formavimosi. Skirta\u00a0suaugusioms kat\u0117ms,\u00a0turin\u010dioms jautrias dantenas. Unikali smulkinto maisto forma\u00a0ir konsistencija pasi\u017eymi\u00a0valomuoju poveikiu, d\u0117l ko\u00a0susidaro ma\u017eiau dant\u0173 akmen\u0173.\u00a0Akmen\u0173 susidarymas suma\u017e\u0117ja 59 proc.\u00a0po\u00a028 dien\u0173\u00a0\u0161eriant \u0161iuo pa\u0161aru. Su natrio fosfatais &#8211;\u00a0veikliosiomis med\u017eiagomis, kurios kaupia seil\u0117se esant\u012f kalc\u012f ir neleid\u017eia jam&#8230;<\/p>","protected":false},"featured_media":19943,"comment_status":"closed","ping_status":"closed","template":"","meta":{"_acf_changed":false,"slim_seo":{"title":"Royal Canin Dental Care sausas maistas kat\u0117ms - Zooprekes24","description":"Royal Canin Dental Care on tasakaalustatud toit t\u00e4iskasvanud kassidele, mis v\u00e4hendab hambakahjustusi ja ennetab v\u00e4hirakkude teket. Kasutamiseks koos"},"iawp_total_views":460},"product_brand":[],"product_cat":[72,83,25,9019,9016],"product_tag":[1671,1675,1682,1696],"class_list":{"0":"post-22823","1":"product","2":"type-product","3":"status-publish","4":"has-post-thumbnail","6":"product_cat-kaciu-maistas","7":"product_cat-kaciu-prekiu-gamintojai","8":"product_cat-katems","9":"product_cat-royal-canin-kaciu-prekiu-gamintojai","10":"product_cat-sausas-maistas-kaciu-maistas","11":"product_tag-begrudis-kaciu-maistas","12":"product_tag-kaciu-edalas","13":"product_tag-kaciu-maistas-super-premium-klases","14":"product_tag-super-premium-maistas-katems","15":"pa_pasaro-sudetis-ryziai","16":"pa_pasaro-sudetis-vistiena","17":"pa_prekiu-zenklai-royal-canin","19":"first","20":"instock","21":"sale","22":"featured","23":"taxable","24":"shipping-taxable","25":"purchasable","26":"product-type-variable"},"acf":[],"_links":{"self":[{"href":"https:\/\/zooprekes24.lt\/et\/wp-json\/wp\/v2\/product\/22823","targetHints":{"allow":["GET"]}}],"collection":[{"href":"https:\/\/zooprekes24.lt\/et\/wp-json\/wp\/v2\/product"}],"about":[{"href":"https:\/\/zooprekes24.lt\/et\/wp-json\/wp\/v2\/types\/product"}],"replies":[{"embeddable":true,"href":"https:\/\/zooprekes24.lt\/et\/wp-json\/wp\/v2\/comments?post=22823"}],"wp:featuredmedia":[{"embeddable":true,"href":"https:\/\/zooprekes24.lt\/et\/wp-json\/wp\/v2\/media\/19943"}],"wp:attachment":[{"href":"https:\/\/zooprekes24.lt\/et\/wp-json\/wp\/v2\/media?parent=22823"}],"wp:term":[{"taxonomy":"product_brand","embeddable":true,"href":"https:\/\/zooprekes24.lt\/et\/wp-json\/wp\/v2\/product_brand?post=22823"},{"taxonomy":"product_cat","embeddable":true,"href":"https:\/\/zooprekes24.lt\/et\/wp-json\/wp\/v2\/product_cat?post=22823"},{"taxonomy":"product_tag","embeddable":true,"href":"https:\/\/zooprekes24.lt\/et\/wp-json\/wp\/v2\/product_tag?post=22823"}],"curies":[{"name":"wp","href":"https:\/\/api.w.org\/{rel}","templated":true}]}}