{"id":22791,"date":"2024-04-19T13:07:38","date_gmt":"2024-04-19T10:07:38","guid":{"rendered":"https:\/\/zooprekes24.lt\/produktas\/aatas-tantalizing-tuna-tilapia-80g\/"},"modified":"2026-03-02T14:18:50","modified_gmt":"2026-03-02T12:18:50","slug":"aatas-ahvatlev-tuunikala-tilapia-80g","status":"publish","type":"product","link":"https:\/\/zooprekes24.lt\/et\/produktas\/aatas-tantalizing-tuna-tilapia-80g\/","title":{"rendered":"Aatas Tantalizing Tuna &amp; Tilapia konservtoit kassidele"},"content":{"rendered":"<h3>Aatas Tantalizing Tuna &amp; Tilapia on suurep\u00e4rase maitsega, t\u00e4ielik niiske <a href=\"https:\/\/zooprekes24.lt\/et\/?s=%C4%97dalas+kat%C4%97ms&amp;post_type=product&amp;product_cat=0\" target=\"_blank\" rel=\"noopener noreferrer\">Kassitoit<\/a>valmistatud loodusest p\u00fc\u00fctud kaladest. Suurep\u00e4rane valik teie lemmiklooma tervislikuks toitumiseks.<\/h3>\n<ul>\n<li>Looduslik liha.<\/li>\n<li>Ei sisalda teravilja.<\/li>\n<li><a href=\"https:\/\/www.aatascat.com\/lt\/about1\" target=\"_blank\" rel=\"noopener noreferrer\">S\u00e4ilitusaine- ja GMO-vaba.<\/a><\/li>\n<li>V\u00e4hese rasva- ja kalorisisaldusega.<\/li>\n<li>Isegi k\u00f5ige n\u00f5udlikumad naudivad seda.<\/li>\n<\/ul>","protected":false},"excerpt":{"rendered":"<p>Aatas Tantalizing Tuna &amp; Tilapia puikaus skonio, visavertis dr\u0117gnas \u0117dalas kat\u0117ms, pagamintas i\u0161 laukin\u0117je gamtoje pagautos \u017euvies. Puikus pasirinkimas sveikai J\u016bs\u0173 augintinio mitybai. Nat\u016brali m\u0117sa. Sud\u0117tyje n\u0117ra gr\u016bd\u0173. Be konservant\u0173 ir GMO. Ma\u017eai riebal\u0173 ir kalorij\u0173. Patiks ir pa\u010dioms i\u0161rankiausioms.<\/p>","protected":false},"featured_media":19936,"comment_status":"closed","ping_status":"closed","template":"","meta":{"_acf_changed":false,"slim_seo":{"title":"Aatas Tantalizing Tuna & Tilapia konservai kat\u0117ms - Zooprekes24","description":"Aatas Tantalizing Tuna &amp; Tilapia on suurep\u00e4rase maitsega, loodusest p\u00fc\u00fctud kalast valmistatud t\u00e4ismass kassitoit. Ideaalne valik k\u00fclalistele"},"iawp_total_views":176},"product_brand":[],"product_cat":[9071,9027,72,83,25,9020],"product_tag":[1815,1817,1675],"class_list":{"0":"post-22791","1":"product","2":"type-product","3":"status-publish","4":"has-post-thumbnail","6":"product_cat-aatas-katems","7":"product_cat-begrudis-maistas-kaciu-maistas","8":"product_cat-kaciu-maistas","9":"product_cat-kaciu-prekiu-gamintojai","10":"product_cat-katems","11":"product_cat-slapias-maistas-kaciu-maistas","12":"product_tag-atas","13":"product_tag-edalas-katems","14":"product_tag-kaciu-edalas","15":"pa_pasaro-sudetis-tunas","16":"pa_pasaro-sudetis-zuvis","17":"pa_prekiu-zenklai-aatas","19":"first","20":"instock","21":"featured","22":"taxable","23":"shipping-taxable","24":"purchasable","25":"product-type-variable"},"acf":[],"_links":{"self":[{"href":"https:\/\/zooprekes24.lt\/et\/wp-json\/wp\/v2\/product\/22791","targetHints":{"allow":["GET"]}}],"collection":[{"href":"https:\/\/zooprekes24.lt\/et\/wp-json\/wp\/v2\/product"}],"about":[{"href":"https:\/\/zooprekes24.lt\/et\/wp-json\/wp\/v2\/types\/product"}],"replies":[{"embeddable":true,"href":"https:\/\/zooprekes24.lt\/et\/wp-json\/wp\/v2\/comments?post=22791"}],"wp:featuredmedia":[{"embeddable":true,"href":"https:\/\/zooprekes24.lt\/et\/wp-json\/wp\/v2\/media\/19936"}],"wp:attachment":[{"href":"https:\/\/zooprekes24.lt\/et\/wp-json\/wp\/v2\/media?parent=22791"}],"wp:term":[{"taxonomy":"product_brand","embeddable":true,"href":"https:\/\/zooprekes24.lt\/et\/wp-json\/wp\/v2\/product_brand?post=22791"},{"taxonomy":"product_cat","embeddable":true,"href":"https:\/\/zooprekes24.lt\/et\/wp-json\/wp\/v2\/product_cat?post=22791"},{"taxonomy":"product_tag","embeddable":true,"href":"https:\/\/zooprekes24.lt\/et\/wp-json\/wp\/v2\/product_tag?post=22791"}],"curies":[{"name":"wp","href":"https:\/\/api.w.org\/{rel}","templated":true}]}}