{"id":22771,"date":"2024-04-19T13:07:38","date_gmt":"2024-04-19T10:07:38","guid":{"rendered":"https:\/\/zooprekes24.lt\/produktas\/acana-pacifica-cat\/"},"modified":"2024-11-15T14:03:03","modified_gmt":"2024-11-15T11:03:03","slug":"acana-pacifica-cat","status":"publish","type":"product","link":"https:\/\/zooprekes24.lt\/et\/produktas\/acana-pacifica-cat\/","title":{"rendered":"Acana Pacifica Cat kasside kuivtoit"},"content":{"rendered":"<h3>Acana Pacifica Cat sisaldab rohkelt heeringat, sardiini, lesta, h\u00f5behaugi ja ahvenat, mis on p\u00fc\u00fctud P\u00f5hja-Vancouveri saarelt Vaiksest ookeanist. K\u00f5ik tarnitakse v\u00e4rskelt vastavalt <a href=\"https:\/\/www.acanapetfoods.co.uk\/about-acana\/biologically-appropriate\/wholeprey-meat-ratios\/\" target=\"_blank\" rel=\"noopener noreferrer\">WholePrey\u2122<\/a> m\u00f5iste (kogusaak).<\/h3>\n<p>Iga s\u00f6\u00f6dapala on rikkalik\u00a0<a href=\"https:\/\/zooprekes24.lt\/et\/?s=omega+3+sunims&amp;post_type=product&amp;product_cat=0\" target=\"_blank\" rel=\"noopener noreferrer\">Omega 3<\/a> (DHA, EPA), mis on ekstraheeritud looduslikust Brunswicki heeringast, mis on kasulik immuunsuse tugevdamiseks ning suurep\u00e4rase naha ja karvkatte seisundi parandamiseks. Mahep\u00f5llumajanduslikud meretaimed ja taimeekstraktid, sealhulgas kadakamarjad, lavendli\u00f5ied, p\u00e4ikesekuivatatud lutsern ja piparm\u00fcndilehed parandavad kassi ainevahetust ja toniseerivad seedetrakti. Valmistatud auhinnatud k\u00f6\u00f6gis parimatest ja v\u00e4rsketest koostisosadest, <a href=\"https:\/\/www.acanapetfoods.co.uk\/about-acana\/biologically-appropriate\/\" target=\"_blank\" rel=\"noopener noreferrer\">Bioloogiliselt sobiv\u2122<\/a> (Bioloogiliselt sobiv) koostis tagab, et teie kass on terve ja \u00f5nnelik.<\/p>","protected":false},"excerpt":{"rendered":"<p>Acana Pacifica Cat sud\u0117tyje gausu \u0160iaur\u0117s Vankuverio saloje i\u0161 Ramiojo vandenyno su\u017evejotos silk\u0117s, sardin\u0117s, plek\u0161n\u0117s, sidabrin\u0117s lydekos ir e\u0161erio. Viskas pristatoma \u0161vie\u017eia laikantis WholePrey\u2122 (viso grobio) koncepcijos. Kiekviename pa\u0161aro k\u0105snelyje gausu\u00a0Omega 3 (DHA, EPA) i\u0161gaunamo i\u0161 laukini\u0173 Brunswick silki\u0173, kuris naudingas imuniteto stiprinimui ir puikiam odos ir kailio b\u016bkl\u0117s puosel\u0117jimui. Ekologi\u0161kos j\u016br\u0173 dar\u017eov\u0117s ir augal\u0173&#8230;<\/p>","protected":false},"featured_media":32266,"comment_status":"closed","ping_status":"closed","template":"","meta":{"_acf_changed":false,"slim_seo":{"title":"Acana Pacifica Cat sausas maistas kat\u0117ms - Zooprekes24","description":"Acana Pacifica Cat sisaldab rohkelt heeringat, sardiini, lesta, h\u00f5behaugi ja ahvenat, mis on p\u00fc\u00fctud P\u00f5hja-Vancouveri saarelt Vaiksest ookeanist. K\u00f5ik koos"},"iawp_total_views":264},"product_brand":[],"product_cat":[9015,9027,72,83,25,9016],"product_tag":[1671,1817,1675,1682,1696],"class_list":{"0":"post-22771","1":"product","2":"type-product","3":"status-publish","4":"has-post-thumbnail","6":"product_cat-acana-kaciu-prekiu-gamintojai","7":"product_cat-begrudis-maistas-kaciu-maistas","8":"product_cat-kaciu-maistas","9":"product_cat-kaciu-prekiu-gamintojai","10":"product_cat-katems","11":"product_cat-sausas-maistas-kaciu-maistas","12":"product_tag-begrudis-kaciu-maistas","13":"product_tag-edalas-katems","14":"product_tag-kaciu-edalas","15":"product_tag-kaciu-maistas-super-premium-klases","16":"product_tag-super-premium-maistas-katems","17":"pa_pasaro-sudetis-darzoves","18":"pa_pasaro-sudetis-uogos","19":"pa_pasaro-sudetis-vaisiai","20":"pa_pasaro-sudetis-zuvis","21":"pa_prekiu-zenklai-acana","23":"first","24":"instock","25":"featured","26":"taxable","27":"shipping-taxable","28":"purchasable","29":"product-type-variable"},"acf":[],"_links":{"self":[{"href":"https:\/\/zooprekes24.lt\/et\/wp-json\/wp\/v2\/product\/22771","targetHints":{"allow":["GET"]}}],"collection":[{"href":"https:\/\/zooprekes24.lt\/et\/wp-json\/wp\/v2\/product"}],"about":[{"href":"https:\/\/zooprekes24.lt\/et\/wp-json\/wp\/v2\/types\/product"}],"replies":[{"embeddable":true,"href":"https:\/\/zooprekes24.lt\/et\/wp-json\/wp\/v2\/comments?post=22771"}],"wp:featuredmedia":[{"embeddable":true,"href":"https:\/\/zooprekes24.lt\/et\/wp-json\/wp\/v2\/media\/32266"}],"wp:attachment":[{"href":"https:\/\/zooprekes24.lt\/et\/wp-json\/wp\/v2\/media?parent=22771"}],"wp:term":[{"taxonomy":"product_brand","embeddable":true,"href":"https:\/\/zooprekes24.lt\/et\/wp-json\/wp\/v2\/product_brand?post=22771"},{"taxonomy":"product_cat","embeddable":true,"href":"https:\/\/zooprekes24.lt\/et\/wp-json\/wp\/v2\/product_cat?post=22771"},{"taxonomy":"product_tag","embeddable":true,"href":"https:\/\/zooprekes24.lt\/et\/wp-json\/wp\/v2\/product_tag?post=22771"}],"curies":[{"name":"wp","href":"https:\/\/api.w.org\/{rel}","templated":true}]}}