{"id":22713,"date":"2024-04-19T13:05:45","date_gmt":"2024-04-19T10:05:45","guid":{"rendered":"https:\/\/zooprekes24.lt\/produktas\/brit-care-lasisu-aliejus\/"},"modified":"2026-03-31T16:58:21","modified_gmt":"2026-03-31T14:58:21","slug":"brit-care-lassi-oli","status":"publish","type":"product","link":"https:\/\/zooprekes24.lt\/et\/produktas\/brit-care-lasisu-aliejus\/","title":{"rendered":"Brit Care la\u0161i\u0161\u0173 aliejus \u0161unims ir kat\u0117ms"},"content":{"rendered":"<h3>Brit Care Salmon Oil on looduslik s\u00f6\u00f6dalisand.<\/h3>\n<p>See \u00f5li on suurep\u00e4rane <a href=\"https:\/\/zooprekes24.lt\/et\/?s=omega+3&amp;post_type=product&amp;product_cat=0\" target=\"_blank\" rel=\"noopener noreferrer\">Omega 3<\/a> rasvhapete (EPA ja DHA) allikas, millel on kasulik m\u00f5ju paljudele ainevahetusprotsessidele organismis. EPA-l on looduslik p\u00f5letikuvastane toime, DHA aga osaleb aju ja v\u00f5rkkesta struktuuris. Brit Care l\u00f5he\u00f5li tasakaalustab suurep\u00e4raselt Omega 3 ja Omega 6 suhet ning v\u00e4hendab seet\u00f5ttu oluliselt kolesterooli taset. Regulaarsel kasutamisel <a href=\"https:\/\/krmivo-brit.cz\/lt\/node\/6994\" target=\"_blank\" rel=\"noopener noreferrer\">l\u00f5he\u00f5li<\/a>, muutes teie lemmiklooma karvad paksuks ja l\u00e4ikivaks.<\/p>\n<h3>\u00d5li kasutamine aitab ka m\u00f5nede terviseprobleemide puhul, n\u00e4iteks:<\/h3>\n<ul>\n<li>Kahjustatud juuksed ja intensiivne s\u00f6\u00f6tmine.<\/li>\n<li>Naha koorumine.<\/li>\n<li>Kuiv nahk.<\/li>\n<li>Nahap\u00f5letikud.<\/li>\n<li>S\u00fcgelev, s\u00fcgelev nahk.<\/li>\n<li>Allergiliste reaktsioonide eelsoodumus.<\/li>\n<li>Kaljusus.<\/li>\n<li>Ekseem.<\/li>\n<li>Pigmentatsiooniprobleemid.<\/li>\n<li>Immuuns\u00fcsteemi haigused.<\/li>\n<li>Reproduktiivsed probleemid.<\/li>\n<\/ul>","protected":false},"excerpt":{"rendered":"<p>Brit Care la\u0161i\u0161\u0173 aliejus &#8211; nat\u016bralus pa\u0161ar\u0173 papildas. \u0160is aliejus tai puikus Omega 3 riebal\u0173 r\u016bg\u0161\u010di\u0173 (EPA ir DHA) \u0161altinis, turintis teigiam\u0105 poveik\u012f daugeliui med\u017eiag\u0173 apykaitos proces\u0173 organizme. EPA r\u016bg\u0161tis turi nat\u016bral\u0173 prie\u0161u\u017edegimin\u012f poveik\u012f, DHA dalyvauja smegen\u0173 ir tinklain\u0117s strukt\u016broje. Brit Care la\u0161i\u0161\u0173 aliejus puikiai subalansuoja Omega 3 ir Omega 6 santyk\u012f tod\u0117l \u017eymiai suma\u017eina&#8230;<\/p>","protected":false},"featured_media":46177,"comment_status":"closed","ping_status":"closed","template":"","meta":{"_acf_changed":false,"slim_seo":{"title":"Brit Care la\u0161i\u0161\u0173 aliejus \u0161unims ir kat\u0117ms - Zooprekes24","description":"Brit Care Salmon Oil on looduslik s\u00f6\u00f6dalisand. See on suurep\u00e4rane Omega 3 rasvhapete (EPA ja DHA) allikas, millel on positiivne m\u00f5ju paljudele"},"iawp_total_views":1961},"product_brand":[],"product_cat":[9029,9047,83,25,104,32,8999,31,9022,9017],"product_tag":[948],"class_list":{"0":"post-22713","1":"product","2":"type-product","3":"status-publish","4":"has-post-thumbnail","6":"product_cat-brit-care","7":"product_cat-brit-care-kaciu-prekiu-gamintojai","8":"product_cat-kaciu-prekiu-gamintojai","9":"product_cat-katems","10":"product_cat-kitos-kaciu-prekes","11":"product_cat-kitos-sunu-prekes","12":"product_cat-sunims","13":"product_cat-sunu-prekiu-gamintojai","14":"product_cat-vitaminai-ir-papildai-sunims","15":"product_cat-vitaminai-ir-papildai-katems","16":"product_tag-brit-care-lasisos-aliejus","17":"pa_prekiu-zenklai-brit-care","18":"pa_suns-amzius-jauniems","19":"pa_suns-amzius-senjorams","20":"pa_suns-amzius-suaugusiems","21":"pa_suns-amzius-visiems-amziams","22":"pa_veisles-dydis-didelems-veislems","23":"pa_veisles-dydis-mazoms-veislems","24":"pa_veisles-dydis-vidutinems-veislems","25":"pa_veisles-dydis-visu-dydziu-veislems","27":"first","28":"instock","29":"featured","30":"taxable","31":"shipping-taxable","32":"purchasable","33":"product-type-variable"},"acf":[],"_links":{"self":[{"href":"https:\/\/zooprekes24.lt\/et\/wp-json\/wp\/v2\/product\/22713","targetHints":{"allow":["GET"]}}],"collection":[{"href":"https:\/\/zooprekes24.lt\/et\/wp-json\/wp\/v2\/product"}],"about":[{"href":"https:\/\/zooprekes24.lt\/et\/wp-json\/wp\/v2\/types\/product"}],"replies":[{"embeddable":true,"href":"https:\/\/zooprekes24.lt\/et\/wp-json\/wp\/v2\/comments?post=22713"}],"wp:featuredmedia":[{"embeddable":true,"href":"https:\/\/zooprekes24.lt\/et\/wp-json\/wp\/v2\/media\/46177"}],"wp:attachment":[{"href":"https:\/\/zooprekes24.lt\/et\/wp-json\/wp\/v2\/media?parent=22713"}],"wp:term":[{"taxonomy":"product_brand","embeddable":true,"href":"https:\/\/zooprekes24.lt\/et\/wp-json\/wp\/v2\/product_brand?post=22713"},{"taxonomy":"product_cat","embeddable":true,"href":"https:\/\/zooprekes24.lt\/et\/wp-json\/wp\/v2\/product_cat?post=22713"},{"taxonomy":"product_tag","embeddable":true,"href":"https:\/\/zooprekes24.lt\/et\/wp-json\/wp\/v2\/product_tag?post=22713"}],"curies":[{"name":"wp","href":"https:\/\/api.w.org\/{rel}","templated":true}]}}