{"id":22686,"date":"2024-04-19T13:05:35","date_gmt":"2024-04-19T10:05:35","guid":{"rendered":"https:\/\/zooprekes24.lt\/produktas\/brit-premium-by-nature-chicken-hearts\/"},"modified":"2024-07-04T16:44:43","modified_gmt":"2024-07-04T13:44:43","slug":"brit-premium-by-nature-kanasudamed","status":"publish","type":"product","link":"https:\/\/zooprekes24.lt\/et\/produktas\/brit-premium-by-nature-chicken-hearts\/","title":{"rendered":"Brit Premium by Nature Chicken with Chicken Hearts konserveeritud toit koertele"},"content":{"rendered":"<h3>Brit Premium by Nature Chicken with Chicken Hearts - kana- ja kanas\u00fcdamega konserv koertele on ideaalne t\u00e4iendus kuivtoidule v\u00f5i lihtsalt maitsev t\u00e4iss\u00f6\u00f6t. See aitab parandada toidu tarbimist ja t\u00e4iendada vedelikku. Sisaldab mineraale, mis toetavad terveid liigeseid, <a href=\"https:\/\/zooprekes24.lt\/et\/toode\/brit-care-lassi-oli\/\" target=\"_blank\" rel=\"noopener\">l\u00f5he\u00f5li<\/a>, marjad ja maitsetaimed.<\/h3>\n<ul>\n<li><a href=\"https:\/\/brit-petfood.com\/lt\/kodel-grain-free\" target=\"_blank\" rel=\"noopener\">teraviljavaba - soolavaba - GMO-vaba<\/a>.<\/li>\n<li>Suurep\u00e4rane seeditavus ja suurep\u00e4rane liha maitse.<\/li>\n<li>Toitainete, vitamiinide ja mineraalide tasakaalustatud sisaldus.<\/li>\n<\/ul>","protected":false},"excerpt":{"rendered":"<p>Brit Premium by Nature Chicken with Chicken Hearts &#8211;\u00a0konservai su vi\u0161tiena ir vi\u0161t\u0173 \u0161irdel\u0117mis \u0161unims tai idealus papildas sausam maistui pagardinti arba tiesiog skanus pilnavertis u\u017ekandis. Jis padeda pagerinti maisto suvartojim\u0105 ir papildyti skys\u010dius. Sud\u0117tyje yra mineral\u0173, kurie palaiko sveikus s\u0105narius, la\u0161i\u0161\u0173 aliejaus, uog\u0173 ir vaista\u017eoli\u0173. Be gr\u016bd\u0173 &#8211; be druskos &#8211; be GMO. Puikus&#8230;<\/p>","protected":false},"featured_media":19913,"comment_status":"closed","ping_status":"closed","template":"","meta":{"_acf_changed":false,"slim_seo":{"title":"Brit Premium by Nature Chicken with Chicken Hearts konservai \u0161unims - Zooprekes24","description":"Brit Premium by Nature Chicken with Chicken Hearts - kanakonservid koertele on ideaalne lisand kuivtoidule v\u00f5i otse kuivtoidule."},"iawp_total_views":70},"product_brand":[],"product_cat":[9006,9004,8999,29,31],"product_tag":[730,418],"class_list":{"0":"post-22686","1":"product","2":"type-product","3":"status-publish","4":"has-post-thumbnail","6":"product_cat-brit-premium","7":"product_cat-slapias-maistas","8":"product_cat-sunims","9":"product_cat-sunu-maistas","10":"product_cat-sunu-prekiu-gamintojai","11":"product_tag-brit-premium-slapias-maistas","12":"product_tag-konservuotas-maistas-sunims","13":"pa_pasaro-sudetis-sirdys","14":"pa_pasaro-sudetis-uogos","15":"pa_pasaro-sudetis-vistiena","16":"pa_prekiu-zenklai-brit-premium","17":"pa_suns-amzius-suaugusiems","18":"pa_veisles-dydis-didelems-veislems","19":"pa_veisles-dydis-mazoms-veislems","20":"pa_veisles-dydis-vidutinems-veislems","21":"pa_veisles-dydis-visu-dydziu-veislems","23":"first","24":"instock","25":"featured","26":"taxable","27":"shipping-taxable","28":"purchasable","29":"product-type-variable"},"acf":[],"_links":{"self":[{"href":"https:\/\/zooprekes24.lt\/et\/wp-json\/wp\/v2\/product\/22686","targetHints":{"allow":["GET"]}}],"collection":[{"href":"https:\/\/zooprekes24.lt\/et\/wp-json\/wp\/v2\/product"}],"about":[{"href":"https:\/\/zooprekes24.lt\/et\/wp-json\/wp\/v2\/types\/product"}],"replies":[{"embeddable":true,"href":"https:\/\/zooprekes24.lt\/et\/wp-json\/wp\/v2\/comments?post=22686"}],"wp:featuredmedia":[{"embeddable":true,"href":"https:\/\/zooprekes24.lt\/et\/wp-json\/wp\/v2\/media\/19913"}],"wp:attachment":[{"href":"https:\/\/zooprekes24.lt\/et\/wp-json\/wp\/v2\/media?parent=22686"}],"wp:term":[{"taxonomy":"product_brand","embeddable":true,"href":"https:\/\/zooprekes24.lt\/et\/wp-json\/wp\/v2\/product_brand?post=22686"},{"taxonomy":"product_cat","embeddable":true,"href":"https:\/\/zooprekes24.lt\/et\/wp-json\/wp\/v2\/product_cat?post=22686"},{"taxonomy":"product_tag","embeddable":true,"href":"https:\/\/zooprekes24.lt\/et\/wp-json\/wp\/v2\/product_tag?post=22686"}],"curies":[{"name":"wp","href":"https:\/\/api.w.org\/{rel}","templated":true}]}}