{"id":22646,"date":"2024-04-19T13:05:02","date_gmt":"2024-04-19T10:05:02","guid":{"rendered":"https:\/\/zooprekes24.lt\/produktas\/royal-canin-maxi-adult-sausas-maistas\/"},"modified":"2026-02-27T12:04:52","modified_gmt":"2026-02-27T10:04:52","slug":"royal-canin-maxi-adult-sausas-maistas","status":"publish","type":"product","link":"https:\/\/zooprekes24.lt\/et\/produktas\/royal-canin-maxi-adult-sausas-maistas\/","title":{"rendered":"Royal Canin Maxi Adult kuivtoit koertele"},"content":{"rendered":"<h3>Royal Canin Maxi Adult &#8211; <a href=\"https:\/\/www.youtube.com\/watch?v=zUtWMpV4q4c\" target=\"_blank\" rel=\"noopener\">spetsiaalselt tasakaalustatud<\/a> Kuivtoit t\u00e4iskasvanud, suurekasvulistele (26-44 kg) koertele vanuses 1-5 aastat. Ainulaadne koostis tagab hea seedimise, tugevdab immuunsust ja s\u00e4ilitab lemmiklooma optimaalse kehakaalu.<\/h3>\n<ul>\n<li>Eikosapentaeenhappe (EPA) ja dokosaheksaeenhappe (DHA) p\u00f5letikuvastased rasvhapped, lahustumatud mineraalsoolad ja suhkrupeedipulp (m\u00f5\u00f5dukalt k\u00e4\u00e4ritatav kiud) h\u00f5lbustavad soolestiku l\u00e4bip\u00e4\u00e4su ja parandavad v\u00e4ljaheite kvaliteeti.<\/li>\n<li>Royal Canin Maxi Adult'is sisalduv tauriin stimuleerib teie lemmiklooma s\u00fcdant.<\/li>\n<li>Pa\u0161are esan\u010dios med\u017eiagos &#8211; gliukozaminas, chondroitinas, eikozapentaeno (EPA) ir dokozaheksaeno (DHA) r\u016bg\u0161tys, pasi\u017eymin\u010dios prie\u0161u\u017edegimin\u0117mis savyb\u0117mis, <a href=\"https:\/\/zooprekes24.lt\/et\/?s=adult+large+breed&amp;post_type=product\" target=\"_blank\" rel=\"noopener\">s\u00e4ilitab suurte koerte terved luud ja liigesed.<\/a><\/li>\n<\/ul>\n<p><img loading=\"lazy\" decoding=\"async\" class=\"alignnone wp-image-8930\" src=\"https:\/\/zooprekes24.lt\/wp-content\/uploads\/bd3h-hub-german-shepherd-adult-black-and-white.jpg\" alt=\"Saksa lambakoerad\" width=\"370\" height=\"278\" \/><\/p>","protected":false},"excerpt":{"rendered":"<p>Royal Canin Maxi Adult &#8211; specialiai subalansuotas sausas maistas suaugusiems, didelio dyd\u017eio (nuo 26-44 kg) \u0161unims nuo 1-5 met\u0173 am\u017eiaus. Unikali maisto formul\u0117 u\u017etikrina ger\u0105 augintinio vir\u0161kinamojo trakto veikl\u0105, stiprina imunitet\u0105 bei palaiko optimal\u0173 k\u016bno svor\u012f. Eikozapentaeno (EPA) ir dokozaheksaeno (DHA) riebal\u0173 r\u016bg\u0161tys, pasi\u017eymin\u010diomis prie\u0161u\u017edegimin\u0117mis savyb\u0117mis, netirpiosios mineralin\u0117s druskos ir cukrini\u0173 runkeli\u0173 mink\u0161timas (vidutini\u0161kai fermentuojamos&#8230;<\/p>","protected":false},"featured_media":26134,"comment_status":"closed","ping_status":"closed","template":"","meta":{"_acf_changed":false,"slim_seo":{"title":"Royal Canin Maxi Adult sausas maistas \u0161unims - Zooprekes24","description":"Royal Canin Maxi Adult - specialiai subalansuotas sausas maistas suaugusiems, didelio dyd\u017eio (nuo 26-44 kg) \u0161unims nuo 1-5 met\u0173 am\u017eiaus. Unikali maisto formul\u0117"},"iawp_total_views":336},"product_brand":[],"product_cat":[9012,9002,8999,29,31],"product_tag":[175,177,260,762,2454,200],"class_list":{"0":"post-22646","1":"product","2":"type-product","3":"status-publish","4":"has-post-thumbnail","6":"product_cat-royal-canin","7":"product_cat-sausas-maistas","8":"product_cat-sunims","9":"product_cat-sunu-maistas","10":"product_cat-sunu-prekiu-gamintojai","11":"product_tag-begrudis-maistas-sunims","12":"product_tag-edalas-sunims","13":"product_tag-maistas-alergiskiems-sunims","14":"product_tag-royal-canin-aviganiui","15":"product_tag-royal-canin-maistas-vokieciu-aviganiui","16":"product_tag-super-premium-maistas-sunims","17":"pa_pasaro-sudetis-ryziai","18":"pa_pasaro-sudetis-vistiena","19":"pa_prekiu-zenklai-royal-canin","20":"pa_suns-amzius-suaugusiems","21":"pa_veisles-dydis-didelems-veislems","23":"first","24":"instock","25":"sale","26":"featured","27":"taxable","28":"shipping-taxable","29":"purchasable","30":"product-type-variable"},"acf":[],"_links":{"self":[{"href":"https:\/\/zooprekes24.lt\/et\/wp-json\/wp\/v2\/product\/22646","targetHints":{"allow":["GET"]}}],"collection":[{"href":"https:\/\/zooprekes24.lt\/et\/wp-json\/wp\/v2\/product"}],"about":[{"href":"https:\/\/zooprekes24.lt\/et\/wp-json\/wp\/v2\/types\/product"}],"replies":[{"embeddable":true,"href":"https:\/\/zooprekes24.lt\/et\/wp-json\/wp\/v2\/comments?post=22646"}],"wp:featuredmedia":[{"embeddable":true,"href":"https:\/\/zooprekes24.lt\/et\/wp-json\/wp\/v2\/media\/26134"}],"wp:attachment":[{"href":"https:\/\/zooprekes24.lt\/et\/wp-json\/wp\/v2\/media?parent=22646"}],"wp:term":[{"taxonomy":"product_brand","embeddable":true,"href":"https:\/\/zooprekes24.lt\/et\/wp-json\/wp\/v2\/product_brand?post=22646"},{"taxonomy":"product_cat","embeddable":true,"href":"https:\/\/zooprekes24.lt\/et\/wp-json\/wp\/v2\/product_cat?post=22646"},{"taxonomy":"product_tag","embeddable":true,"href":"https:\/\/zooprekes24.lt\/et\/wp-json\/wp\/v2\/product_tag?post=22646"}],"curies":[{"name":"wp","href":"https:\/\/api.w.org\/{rel}","templated":true}]}}