{"id":22642,"date":"2024-04-19T13:05:02","date_gmt":"2024-04-19T10:05:02","guid":{"rendered":"https:\/\/zooprekes24.lt\/produktas\/royal-canin-urinary-care-konservai\/"},"modified":"2025-07-02T11:13:20","modified_gmt":"2025-07-02T09:13:20","slug":"royal-canin-uriinihooldus-konservid","status":"publish","type":"product","link":"https:\/\/zooprekes24.lt\/et\/produktas\/royal-canin-urinary-care-konservai\/","title":{"rendered":"Royal Canin Urinary Care konservai kat\u0117ms pada\u017ee"},"content":{"rendered":"<h3>Royal Canin Urinary Care konservtoit on tasakaalustatud niiske kassitoit kuseteede kaitseks. Kui uriini pH on muutunud, soodustab see kristallide teket. Kristallid v\u00f5ivad kahjustada kassi kuseteid. <a href=\"https:\/\/www.youtube.com\/watch?reload=9&amp;reload=9&amp;v=FYwO1fiYoa8\" target=\"_blank\" rel=\"noopener noreferrer\">Tasakaalustatud toitumine<\/a> v\u00f5ib kaitsta teie lemmiklooma kristallide tekkimise eest kuseteedes.<\/h3>\n<ul>\n<li><a href=\"https:\/\/www.royalcanin.com\/lt\/about-us\/quality-and-food-safety\" target=\"_blank\" rel=\"noopener noreferrer\">Spetsiaalselt koostatud m\u00e4rgtoit<\/a>aitab s\u00e4ilitada tervislikke kuseteid ja \u00f5iget pH-d, et v\u00e4ltida kristallide teket.<\/li>\n<li>Kastmes olevad maitsvad t\u00fckid on eriti kergesti seeditavad ja meeldivad ka k\u00f5ige n\u00f5udlikumatele gurmaanidele.<\/li>\n<li>Kui toitmine toimub <a href=\"https:\/\/zooprekes24.lt\/et\/toode\/royal-canin-uriinihooldus-kateemid\/\" target=\"_blank\" rel=\"noopener\">Royal Canin Urinary Care kuivtoit<\/a> positiivne m\u00f5ju kassi organismile on t\u00e4heldatav 10 p\u00e4eva jooksul. Royal Canini 2014. aasta siseuuringute kohaselt on kuivtoit ja Royal Canin Urinary Care konservtoit n\u00e4idanud m\u00f5ju kassi struviitkividele.<\/li>\n<\/ul>\n<p><img loading=\"lazy\" decoding=\"async\" class=\"\" src=\"https:\/\/zooprekes24.lt\/wp-content\/uploads\/bc37h-hub-laperm-adult-black-and-white-11.jpeg\" width=\"350\" height=\"262\" \/><\/p>","protected":false},"excerpt":{"rendered":"<p>Royal Canin Urinary Care konservai &#8211; subalansuotas \u0161lapias ka\u010di\u0173 pa\u0161aras, skirtas \u0161lapimo tak\u0173 apsaugai. Kai \u0161lapimo pH terp\u0117 yra pakitusi, susidaro palankios s\u0105lygos formuotis kristalams. Kristalai gali pakenkti kat\u0117s \u0161lapimo tak\u0173 sistemai. Subalansuota mityba gali apsaugoti J\u016bs\u0173 augintin\u012f nuo kristal\u0173 susidarymo \u0161lapimo takuose. \u0160lapias \u0117dalas sukurtas pagal speciali\u0105 formul\u0119, padedan\u010di\u0105 palaikyti sveik\u0105 kat\u0117s \u0161lapimo tak\u0173&#8230;<\/p>","protected":false},"featured_media":19909,"comment_status":"closed","ping_status":"closed","template":"","meta":{"_acf_changed":false,"slim_seo":{"title":"Royal Canin Urinary Care konservai kat\u0117ms pada\u017ee - Zooprekes24","description":"Royal Canin Urinary Care konservtoit on tasakaalustatud niiske kassitoit kuseteede kaitseks. Kui uriini pH on muutunud, on soodne s"},"iawp_total_views":337},"product_brand":[],"product_cat":[72,83,25,9019,9020],"product_tag":[1675],"class_list":{"0":"post-22642","1":"product","2":"type-product","3":"status-publish","4":"has-post-thumbnail","6":"product_cat-kaciu-maistas","7":"product_cat-kaciu-prekiu-gamintojai","8":"product_cat-katems","9":"product_cat-royal-canin-kaciu-prekiu-gamintojai","10":"product_cat-slapias-maistas-kaciu-maistas","11":"product_tag-kaciu-edalas","12":"pa_pasaro-sudetis-vistiena","13":"pa_prekiu-zenklai-royal-canin","15":"first","16":"instock","17":"featured","18":"taxable","19":"shipping-taxable","20":"purchasable","21":"product-type-variable"},"acf":[],"_links":{"self":[{"href":"https:\/\/zooprekes24.lt\/et\/wp-json\/wp\/v2\/product\/22642","targetHints":{"allow":["GET"]}}],"collection":[{"href":"https:\/\/zooprekes24.lt\/et\/wp-json\/wp\/v2\/product"}],"about":[{"href":"https:\/\/zooprekes24.lt\/et\/wp-json\/wp\/v2\/types\/product"}],"replies":[{"embeddable":true,"href":"https:\/\/zooprekes24.lt\/et\/wp-json\/wp\/v2\/comments?post=22642"}],"wp:featuredmedia":[{"embeddable":true,"href":"https:\/\/zooprekes24.lt\/et\/wp-json\/wp\/v2\/media\/19909"}],"wp:attachment":[{"href":"https:\/\/zooprekes24.lt\/et\/wp-json\/wp\/v2\/media?parent=22642"}],"wp:term":[{"taxonomy":"product_brand","embeddable":true,"href":"https:\/\/zooprekes24.lt\/et\/wp-json\/wp\/v2\/product_brand?post=22642"},{"taxonomy":"product_cat","embeddable":true,"href":"https:\/\/zooprekes24.lt\/et\/wp-json\/wp\/v2\/product_cat?post=22642"},{"taxonomy":"product_tag","embeddable":true,"href":"https:\/\/zooprekes24.lt\/et\/wp-json\/wp\/v2\/product_tag?post=22642"}],"curies":[{"name":"wp","href":"https:\/\/api.w.org\/{rel}","templated":true}]}}