{"id":22641,"date":"2024-04-19T13:05:02","date_gmt":"2024-04-19T10:05:02","guid":{"rendered":"https:\/\/zooprekes24.lt\/produktas\/royal-canin-hair-skin-care-cat-konservai\/"},"modified":"2025-07-02T11:08:59","modified_gmt":"2025-07-02T09:08:59","slug":"royal-canin-karvahooldus-kass","status":"publish","type":"product","link":"https:\/\/zooprekes24.lt\/et\/produktas\/royal-canin-hair-skin-care-cat-konservai\/","title":{"rendered":"Royal Canin Hair &#038; Skin Care konservai kat\u0117ms pada\u017ee"},"content":{"rendered":"<h3>Royal Canin Hair &amp; Skin Care konserveeritud toit on tasakaalustatud niiske kassitoit n\u00f5rkadele karvadele ja tundlikule nahale. Kassi nahk ja karvkate peegeldavad tema tervist. <a href=\"https:\/\/www.youtube.com\/watch?reload=9&amp;reload=9&amp;v=FYwO1fiYoa8\" target=\"_blank\" rel=\"noopener noreferrer\">Tasakaalustatud toitumine<\/a> v\u00f5ib kaitsta teie lemmiklooma karvkatte halvenemise eest ja parandada tundliku naha seisundit.<\/h3>\n<ul>\n<li>Royal Canin Hair &amp; Skin Care konservtoit t\u00e4iskasvanud kassidele alates 1 aasta vanusest koos <a href=\"https:\/\/zooprekes24.lt\/et\/toode\/brit-care-juuksehooldus-terve-laikiv-karvkate\/\" target=\"_blank\" rel=\"noopener\">n\u00f5rk karvkate ja tundlik nahk<\/a>.<\/li>\n<li>Suurenenud Omega-3 ja Omega-6 rasvhapete, B-vitamiini, biotiini ja tsingi sisaldus toidab karvkate ja aitab hoida seda l\u00e4ikivana.<\/li>\n<li>Maitsvad, \u00f5rnad t\u00fckid, mida serveeritakse mahlases kastmes, on ka k\u00f5ige n\u00f5udlikumate gurmaanide lemmik.<\/li>\n<li>Royal Canin Hair &amp; Skin Care Preserves sisalduvad koostisosad aitavad tugevdada ja s\u00e4ilitada teie kassi tervislikke kuseteid, v\u00e4hendades p\u00f5iekive p\u00f5hjustavate mineraalide kontsentratsiooni.<\/li>\n<\/ul>\n<p><img loading=\"lazy\" decoding=\"async\" class=\"wp-image-8564\" src=\"https:\/\/zooprekes24.lt\/wp-content\/uploads\/bc50h-hub-siberian-adult-black-and-white.jpg\" alt=\"Siberi kass\" width=\"450\" height=\"338\" \/><\/p>","protected":false},"excerpt":{"rendered":"<p>Royal Canin Hair &amp; Skin Care konserveeritud toit on tasakaalustatud niiske kassitoit n\u00f5rkadele karvadele ja tundlikule nahale. Kassi nahk ja karvkate peegeldavad tema tervist. Tasakaalustatud toit v\u00f5ib kaitsta teie lemmikut karvkatte halvenemise eest ja parandada tundliku naha seisundit. Royal Canin Hair &amp; Skin Care konservid on m\u00f5eldud t\u00e4iskasvanud kassidele vanuses 1 aasta ja \u00fcle...<\/p>","protected":false},"featured_media":19908,"comment_status":"closed","ping_status":"closed","template":"","meta":{"_acf_changed":false,"slim_seo":{"title":"Royal Canin Hair & Skin Care konservai kat\u0117ms pada\u017ee - Zooprekes24","description":"Royal Canin Hair &amp; Skin Care konservai - subalansuotas \u0161lapias ka\u010di\u0173 pa\u0161aras, skirtas silpniems plaukams ir jautriai odai. Kat\u0117s oda ir kailis yra jos sveik"},"iawp_total_views":189},"product_brand":[],"product_cat":[72,83,25,9019,9020],"product_tag":[1675,1710],"class_list":{"0":"post-22641","1":"product","2":"type-product","3":"status-publish","4":"has-post-thumbnail","6":"product_cat-kaciu-maistas","7":"product_cat-kaciu-prekiu-gamintojai","8":"product_cat-katems","9":"product_cat-royal-canin-kaciu-prekiu-gamintojai","10":"product_cat-slapias-maistas-kaciu-maistas","11":"product_tag-kaciu-edalas","12":"product_tag-royal-canin-intense-beauty","13":"pa_pasaro-sudetis-vistiena","14":"pa_prekiu-zenklai-royal-canin","16":"first","17":"instock","18":"featured","19":"taxable","20":"shipping-taxable","21":"purchasable","22":"product-type-variable"},"acf":[],"_links":{"self":[{"href":"https:\/\/zooprekes24.lt\/et\/wp-json\/wp\/v2\/product\/22641","targetHints":{"allow":["GET"]}}],"collection":[{"href":"https:\/\/zooprekes24.lt\/et\/wp-json\/wp\/v2\/product"}],"about":[{"href":"https:\/\/zooprekes24.lt\/et\/wp-json\/wp\/v2\/types\/product"}],"replies":[{"embeddable":true,"href":"https:\/\/zooprekes24.lt\/et\/wp-json\/wp\/v2\/comments?post=22641"}],"wp:featuredmedia":[{"embeddable":true,"href":"https:\/\/zooprekes24.lt\/et\/wp-json\/wp\/v2\/media\/19908"}],"wp:attachment":[{"href":"https:\/\/zooprekes24.lt\/et\/wp-json\/wp\/v2\/media?parent=22641"}],"wp:term":[{"taxonomy":"product_brand","embeddable":true,"href":"https:\/\/zooprekes24.lt\/et\/wp-json\/wp\/v2\/product_brand?post=22641"},{"taxonomy":"product_cat","embeddable":true,"href":"https:\/\/zooprekes24.lt\/et\/wp-json\/wp\/v2\/product_cat?post=22641"},{"taxonomy":"product_tag","embeddable":true,"href":"https:\/\/zooprekes24.lt\/et\/wp-json\/wp\/v2\/product_tag?post=22641"}],"curies":[{"name":"wp","href":"https:\/\/api.w.org\/{rel}","templated":true}]}}