{"id":22639,"date":"2024-04-19T13:03:56","date_gmt":"2024-04-19T10:03:56","guid":{"rendered":"https:\/\/zooprekes24.lt\/produktas\/royal-canin-hairball-care-konservai\/"},"modified":"2025-07-02T11:14:27","modified_gmt":"2025-07-02T09:14:27","slug":"royal-canin-hairball-care-konservai","status":"publish","type":"product","link":"https:\/\/zooprekes24.lt\/et\/produktas\/royal-canin-hairball-care-konservai\/","title":{"rendered":"Royal Canin Hairball Care konservai kat\u0117ms pada\u017ee"},"content":{"rendered":"<h3>Royal Canin Hairball Care konservikaste t\u00e4iskasvanud kassidele, kellel on karvapalliprobleemid. Kui kass lakub, neelab 2\/3 surnud karvadest alla ja karvapallid kogunevad k\u00f5htu. Need spetsiaalsed s\u00e4ilitusained <a href=\"https:\/\/zooprekes24.lt\/et\/toode\/royal-canin-hairball-care-konservas-padaze-85-g\/\" target=\"_blank\" rel=\"noopener noreferrer\">aitab karvapallide eemaldamisel<\/a> v\u00e4ljaheites.<\/h3>\n<ul>\n<li>T\u00e4iskasvanud kassidele, kes kannatavad karvapallide moodustumise all k\u00f5hus.<\/li>\n<li>M\u00e4rg toit koosneb <a href=\"https:\/\/www.youtube.com\/watch?reload=9&amp;reload=9&amp;v=FYwO1fiYoa8\" target=\"_blank\" rel=\"noopener noreferrer\">eksklusiivne kompleks<\/a>mis eemaldab kaks korda rohkem karvu looduslikult juba 21 p\u00e4eva p\u00e4rast selle s\u00e4ilitusaine s\u00f6\u00f6tmist.<\/li>\n<li>Karvad eemaldatakse regulaarselt v\u00e4ljaheitega, selle asemel et koguneda maos ja hiljem v\u00e4lja oksendada.<\/li>\n<li>Royal Canin Hairball Care konserveeritud <a href=\"https:\/\/www.royalcanin.com\/lt\/about-us\/quality-and-food-safety\" target=\"_blank\" rel=\"noopener noreferrer\">rikastatud vitamiinide ja aminohapetega<\/a>toidab teie lemmiklooma karvu ja soodustab nende taastumist.<\/li>\n<li>Frukto-oligosahhariidid, kala\u00f5li ja valgud soodustavad head seedimist ja toitainete imendumist maos.<\/li>\n<\/ul>\n<p><img loading=\"lazy\" decoding=\"async\" class=\"\" src=\"https:\/\/zooprekes24.lt\/wp-content\/uploads\/bc12h-hub-tonkinese-adult-black-and-white-10.jpeg\" width=\"351\" height=\"263\" \/><\/p>","protected":false},"excerpt":{"rendered":"<p>Royal Canin Hairball Care konservai pada\u017ee suaugusioms kat\u0117ms, susidurian\u010dioms su plauk\u0173 kamuoliuk\u0173 susidarymo skrandyje problema. Katei lai\u017eantis 2\/3 negyv\u0173 plauk\u0173 yra nuryjami, o i\u0161 plauk\u0173 susidarantys kamuoliukai kaupiasi skrandyje. \u0160ie special\u016bs konservai padeda plauk\u0173 kamuoliukams pasi\u0161alinti kartu su i\u0161matomis. Skirta suaugusioms kat\u0117ms ken\u010dian\u010dioms nuo plauk\u0173 kamuoliuk\u0173 susidarymo skrandyje. \u0160lapi\u0105 \u0117dal\u0105 sudaro i\u0161skirtinis kompleksas, pa\u0161alinantis dvigubai&#8230;<\/p>","protected":false},"featured_media":19907,"comment_status":"closed","ping_status":"closed","template":"","meta":{"_acf_changed":false,"slim_seo":{"title":"Royal Canin Hairball Care konservai kat\u0117ms pada\u017ee - Zooprekes24","description":"Royal Canin Hairball Care konservai pada\u017ee suaugusioms kat\u0117ms, susidurian\u010dioms su plauk\u0173 kamuoliuk\u0173 susidarymo skrandyje problema. Katei lai\u017eantis 2\/3 negyv\u0173 pl"},"iawp_total_views":309},"product_brand":[],"product_cat":[72,83,25,9019,9020],"product_tag":[1675],"class_list":{"0":"post-22639","1":"product","2":"type-product","3":"status-publish","4":"has-post-thumbnail","6":"product_cat-kaciu-maistas","7":"product_cat-kaciu-prekiu-gamintojai","8":"product_cat-katems","9":"product_cat-royal-canin-kaciu-prekiu-gamintojai","10":"product_cat-slapias-maistas-kaciu-maistas","11":"product_tag-kaciu-edalas","12":"pa_pasaro-sudetis-vistiena","13":"pa_prekiu-zenklai-royal-canin","15":"first","16":"instock","17":"featured","18":"taxable","19":"shipping-taxable","20":"purchasable","21":"product-type-variable"},"acf":[],"_links":{"self":[{"href":"https:\/\/zooprekes24.lt\/et\/wp-json\/wp\/v2\/product\/22639","targetHints":{"allow":["GET"]}}],"collection":[{"href":"https:\/\/zooprekes24.lt\/et\/wp-json\/wp\/v2\/product"}],"about":[{"href":"https:\/\/zooprekes24.lt\/et\/wp-json\/wp\/v2\/types\/product"}],"replies":[{"embeddable":true,"href":"https:\/\/zooprekes24.lt\/et\/wp-json\/wp\/v2\/comments?post=22639"}],"wp:featuredmedia":[{"embeddable":true,"href":"https:\/\/zooprekes24.lt\/et\/wp-json\/wp\/v2\/media\/19907"}],"wp:attachment":[{"href":"https:\/\/zooprekes24.lt\/et\/wp-json\/wp\/v2\/media?parent=22639"}],"wp:term":[{"taxonomy":"product_brand","embeddable":true,"href":"https:\/\/zooprekes24.lt\/et\/wp-json\/wp\/v2\/product_brand?post=22639"},{"taxonomy":"product_cat","embeddable":true,"href":"https:\/\/zooprekes24.lt\/et\/wp-json\/wp\/v2\/product_cat?post=22639"},{"taxonomy":"product_tag","embeddable":true,"href":"https:\/\/zooprekes24.lt\/et\/wp-json\/wp\/v2\/product_tag?post=22639"}],"curies":[{"name":"wp","href":"https:\/\/api.w.org\/{rel}","templated":true}]}}