{"id":22636,"date":"2024-04-19T13:03:56","date_gmt":"2024-04-19T10:03:56","guid":{"rendered":"https:\/\/zooprekes24.lt\/produktas\/royal-canin-light-weight-care-cat-gravy\/"},"modified":"2025-07-02T11:04:59","modified_gmt":"2025-07-02T09:04:59","slug":"royal-canin-light-weight-care-cat-gravy","status":"publish","type":"product","link":"https:\/\/zooprekes24.lt\/et\/produktas\/royal-canin-light-weight-care-cat-gravy\/","title":{"rendered":"Royal Canin Light Weight Care konservai kat\u0117ms pada\u017ee"},"content":{"rendered":"<h3>Royal Canin Light Weight Care &#8211; subalansuotas \u0161lapias ka\u010di\u0173 pa\u0161aras, kuris padeda palaikyti optimal\u0173 kat\u0117s k\u016bno svor\u012f u\u017ekertant keli\u0105 vir\u0161svorio susidarymui. <a href=\"https:\/\/www.youtube.com\/watch?reload=9&amp;reload=9&amp;v=FYwO1fiYoa8\" target=\"_blank\" rel=\"noopener noreferrer\">Spetsiaalne kiudude segu<\/a>, aidates tagada k\u00fcllastumise v\u00e4hemate konservidega.<\/h3>\n<ul>\n<li>Need konservid v\u00e4hendavad teie lemmiklooma kaloraa\u017ei umbes 17%, rahuldades samal ajal tema isu ja k\u00fcllastusvajadust.<\/li>\n<li>T\u00f5endid selle kohta, et Royal Canin Light Weight Care konservtoitu kass, mis sisaldab <a href=\"https:\/\/zooprekes24.lt\/et\/?s=ultra+light&amp;post_type=product&amp;product_cat=0\" target=\"_blank\" rel=\"noopener noreferrer\">k\u00f5rge kiudainesisaldusega ja plantain<\/a>, tarbides oluliselt v\u00e4hem kaloreid.<\/li>\n<li>K\u00f5rge valgusisaldus (40%) aitab s\u00e4ilitada lihasmassi ja L-karnitiin aitab kassil paremini rasva lagundada.<\/li>\n<li>Koostatud tasakaalustatud mineraalidega, mis aitavad s\u00e4ilitada t\u00e4iskasvanud kassi uriinis\u00fcsteemi tervist.<\/li>\n<\/ul>\n<p><img loading=\"lazy\" decoding=\"async\" class=\"\" src=\"https:\/\/zooprekes24.lt\/wp-content\/uploads\/bc47h-hub-scottish-straight-adult-black-and-white-14.jpeg\" width=\"402\" height=\"302\" \/><\/p>","protected":false},"excerpt":{"rendered":"<p>Royal Canin Light Weight Care &#8211; subalansuotas \u0161lapias ka\u010di\u0173 pa\u0161aras, kuris padeda palaikyti optimal\u0173 kat\u0117s k\u016bno svor\u012f u\u017ekertant keli\u0105 vir\u0161svorio susidarymui. Specialus skaidul\u0173 mi\u0161inys, padeda u\u017etikrinti sotumo jausm\u0105, suvartojus ma\u017eesn\u012f kiek\u012f konserv\u0173. Naudojant \u0161iuos konservus augintinis suvartoja apie 17 proc. ma\u017eiau kalorij\u0173, ta\u010diau patenkinamas jo apetito ir sotumo jausmo poreikis. \u012erodyta, kad kat\u0117 \u0161eriama Royal&#8230;<\/p>","protected":false},"featured_media":19905,"comment_status":"closed","ping_status":"closed","template":"","meta":{"_acf_changed":false,"slim_seo":{"title":"Royal Canin Light Weight Care konservai kat\u0117ms pada\u017ee - Zooprekes24","description":"Royal Canin Light Weight Care - subalansuotas \u0161lapias ka\u010di\u0173 pa\u0161aras, kuris padeda palaikyti optimal\u0173 kat\u0117s k\u016bno svor\u012f u\u017ekertant keli\u0105 vir\u0161svorio susidarymui. Sp"},"iawp_total_views":121},"product_brand":[],"product_cat":[72,83,25,9019,9020],"product_tag":[2322,2329],"class_list":{"0":"post-22636","1":"product","2":"type-product","3":"status-publish","4":"has-post-thumbnail","6":"product_cat-kaciu-maistas","7":"product_cat-kaciu-prekiu-gamintojai","8":"product_cat-katems","9":"product_cat-royal-canin-kaciu-prekiu-gamintojai","10":"product_cat-slapias-maistas-kaciu-maistas","11":"product_tag-dietinis-edalas-katems","12":"product_tag-sausas-maistas-storai-katei","13":"pa_pasaro-sudetis-darzoves","14":"pa_pasaro-sudetis-vistiena","15":"pa_prekiu-zenklai-royal-canin","17":"first","18":"instock","19":"featured","20":"taxable","21":"shipping-taxable","22":"purchasable","23":"product-type-variable"},"acf":[],"_links":{"self":[{"href":"https:\/\/zooprekes24.lt\/et\/wp-json\/wp\/v2\/product\/22636","targetHints":{"allow":["GET"]}}],"collection":[{"href":"https:\/\/zooprekes24.lt\/et\/wp-json\/wp\/v2\/product"}],"about":[{"href":"https:\/\/zooprekes24.lt\/et\/wp-json\/wp\/v2\/types\/product"}],"replies":[{"embeddable":true,"href":"https:\/\/zooprekes24.lt\/et\/wp-json\/wp\/v2\/comments?post=22636"}],"wp:featuredmedia":[{"embeddable":true,"href":"https:\/\/zooprekes24.lt\/et\/wp-json\/wp\/v2\/media\/19905"}],"wp:attachment":[{"href":"https:\/\/zooprekes24.lt\/et\/wp-json\/wp\/v2\/media?parent=22636"}],"wp:term":[{"taxonomy":"product_brand","embeddable":true,"href":"https:\/\/zooprekes24.lt\/et\/wp-json\/wp\/v2\/product_brand?post=22636"},{"taxonomy":"product_cat","embeddable":true,"href":"https:\/\/zooprekes24.lt\/et\/wp-json\/wp\/v2\/product_cat?post=22636"},{"taxonomy":"product_tag","embeddable":true,"href":"https:\/\/zooprekes24.lt\/et\/wp-json\/wp\/v2\/product_tag?post=22636"}],"curies":[{"name":"wp","href":"https:\/\/api.w.org\/{rel}","templated":true}]}}