{"id":22630,"date":"2024-04-19T13:03:56","date_gmt":"2024-04-19T10:03:56","guid":{"rendered":"https:\/\/zooprekes24.lt\/produktas\/royal-canin-kitten-konservai-padaze\/"},"modified":"2026-02-27T13:07:15","modified_gmt":"2026-02-27T11:07:15","slug":"royal-canin-kassikonservi-kastmega","status":"publish","type":"product","link":"https:\/\/zooprekes24.lt\/et\/produktas\/royal-canin-kitten-konservai-padaze\/","title":{"rendered":"Royal Canin Kitten konservai ka\u010diukams pada\u017ee"},"content":{"rendered":"<h3>Royal Canin Kitteni konservikaste on t\u00e4is \u00f5iges koguses kaltsiumi, vitamiine ja muid toitaineid, et tagada teie pisipoja harmooniline kasv. See on isegi k\u00f5ige n\u00f5udlikumate kassipoegade suur lemmik.<\/h3>\n<ul>\n<li><a href=\"https:\/\/zooprekes24.lt\/et\/?s=ka%C4%8Diukams&amp;post_type=product&amp;product_cat=0\" target=\"_blank\" rel=\"noopener noreferrer\">Kassipoegade jaoks<\/a> vanuses 4-12 kuud.<\/li>\n<li>S\u00e4ilitusaine tekstuur on ideaalne alaliste hammaste moodustumiseks.<\/li>\n<li>T\u00e4iendatud \u00f5ige koguse kaltsiumi, vitamiinide ja muude toitainetega, et tagada harmooniline kasv.<\/li>\n<li><a href=\"https:\/\/www.youtube.com\/watch?reload=9&amp;reload=9&amp;v=FYwO1fiYoa8\" target=\"_blank\" rel=\"noopener noreferrer\">ainu\u00fcksi taimse ja mineraalse p\u00e4ritoluga koostisainetega<\/a>hea seedimise jaoks.<\/li>\n<li><a href=\"https:\/\/www.royalcanin.com\/lt\/about-us\/quality-and-food-safety\" target=\"_blank\" rel=\"noopener noreferrer\">Patenteeritud antioks\u00fcdantide kompleks<\/a> (C- ja E-vitamiinid, tauriin ja luteiin) ning mannan-oligosahhariidid tugevdavad teie kassipoegade loomulikku kaitsev\u00f5imet.<\/li>\n<li>V\u00e4hendab ebameeldivat fekaalil\u00f5hna.<\/li>\n<\/ul>\n<p><img loading=\"lazy\" decoding=\"async\" class=\"\" src=\"https:\/\/zooprekes24.lt\/wp-content\/uploads\/sacred-birman-mother-kitten-birth-growth-brand-emblematic\" width=\"320\" height=\"250\" \/><\/p>","protected":false},"excerpt":{"rendered":"<p>Royal Canin Kitten konservai pada\u017ee yra papildyti tinkamu kalcio, vitamin\u0173 ir kit\u0173 maisting\u0173j\u0173 med\u017eiag\u0173 kiekiu, u\u017etikrinan\u010diu harmoning\u0105 ma\u017eylio augim\u0105. Itin m\u0117gstamas net ir i\u0161rankiausi\u0173 ka\u010diuk\u0173. Skirta\u00a0ka\u010diukams nuo 4 iki 12 m\u0117nesi\u0173 am\u017eiaus. Konservo tekst\u016bra idealiai tinka formuojantis nuolatiniams dantukams. Papildytas\u00a0tinkamu\u00a0kalcio, vitamin\u0173 ir kit\u0173 maisting\u0173j\u0173\u00a0med\u017eiag\u0173 kiekiu, u\u017etikrinan\u010diu\u00a0harmoning\u0105 augim\u0105. Su i\u0161skirtin\u0117mis augalin\u0117s ir mineral\u0173 kilm\u0117s sudedamosiomis dalimis,\u00a0u\u017etikrinan\u010diomis&#8230;<\/p>","protected":false},"featured_media":19898,"comment_status":"closed","ping_status":"closed","template":"","meta":{"_acf_changed":false,"slim_seo":{"title":"Royal Canin Kitten konservai ka\u010diukams pada\u017ee - Zooprekes24","description":"Royal Canin Kitten konservai pada\u017ee yra papildyti tinkamu kalcio, vitamin\u0173 ir kit\u0173 maisting\u0173j\u0173 med\u017eiag\u0173 kiekiu, u\u017etikrinan\u010diu harmoning\u0105 ma\u017eylio augim\u0105. Itin m\u0117"},"iawp_total_views":478},"product_brand":[],"product_cat":[72,83,25,9019,9020],"product_tag":[1817,1675],"class_list":{"0":"post-22630","1":"product","2":"type-product","3":"status-publish","4":"has-post-thumbnail","6":"product_cat-kaciu-maistas","7":"product_cat-kaciu-prekiu-gamintojai","8":"product_cat-katems","9":"product_cat-royal-canin-kaciu-prekiu-gamintojai","10":"product_cat-slapias-maistas-kaciu-maistas","11":"product_tag-edalas-katems","12":"product_tag-kaciu-edalas","13":"pa_pasaro-sudetis-vistiena","14":"pa_prekiu-zenklai-royal-canin","16":"first","17":"instock","18":"sale","19":"featured","20":"taxable","21":"shipping-taxable","22":"purchasable","23":"product-type-variable"},"acf":[],"_links":{"self":[{"href":"https:\/\/zooprekes24.lt\/et\/wp-json\/wp\/v2\/product\/22630","targetHints":{"allow":["GET"]}}],"collection":[{"href":"https:\/\/zooprekes24.lt\/et\/wp-json\/wp\/v2\/product"}],"about":[{"href":"https:\/\/zooprekes24.lt\/et\/wp-json\/wp\/v2\/types\/product"}],"replies":[{"embeddable":true,"href":"https:\/\/zooprekes24.lt\/et\/wp-json\/wp\/v2\/comments?post=22630"}],"wp:featuredmedia":[{"embeddable":true,"href":"https:\/\/zooprekes24.lt\/et\/wp-json\/wp\/v2\/media\/19898"}],"wp:attachment":[{"href":"https:\/\/zooprekes24.lt\/et\/wp-json\/wp\/v2\/media?parent=22630"}],"wp:term":[{"taxonomy":"product_brand","embeddable":true,"href":"https:\/\/zooprekes24.lt\/et\/wp-json\/wp\/v2\/product_brand?post=22630"},{"taxonomy":"product_cat","embeddable":true,"href":"https:\/\/zooprekes24.lt\/et\/wp-json\/wp\/v2\/product_cat?post=22630"},{"taxonomy":"product_tag","embeddable":true,"href":"https:\/\/zooprekes24.lt\/et\/wp-json\/wp\/v2\/product_tag?post=22630"}],"curies":[{"name":"wp","href":"https:\/\/api.w.org\/{rel}","templated":true}]}}