{"id":22628,"date":"2024-04-19T13:03:56","date_gmt":"2024-04-19T10:03:56","guid":{"rendered":"https:\/\/zooprekes24.lt\/produktas\/royal-canin-mother-babycat-mousse\/"},"modified":"2025-07-01T15:07:11","modified_gmt":"2025-07-01T13:07:11","slug":"royal-canin-mother-babycat-mousse","status":"publish","type":"product","link":"https:\/\/zooprekes24.lt\/et\/produktas\/royal-canin-mother-babycat-mousse\/","title":{"rendered":"Royal Canin Mother &amp; Babycat Mousse kassipoegadele"},"content":{"rendered":"<h3>Royal Canin Mother &amp; Babycat Mousse on \u00fclipehme mousse, mis sisaldab \u00f5iges koguses kaltsiumi, vitamiine ja muid toitaineid, et tagada kassipoegade harmooniline kasv. Sobib v\u00f5\u00f5rutatud kassipoegadele esimeses kasvufaasis ja tiinetele v\u00f5i imetavatele kassidele.<\/h3>\n<ul>\n<li><a href=\"https:\/\/zooprekes24.lt\/et\/?s=ka%C4%8Diukams&amp;post_type=product&amp;product_cat=0\" target=\"_blank\" rel=\"noopener noreferrer\">Kassipoegade jaoks<\/a> 1 kuni 4 kuu vanuselt.<\/li>\n<li>Royal Canin Mother &amp; Babycat Mousse on t\u00e4iendatud \u00f5ige koguse kaltsiumi, vitamiinide ja muude toitainetega, et tagada harmooniline kasv.<\/li>\n<li><a href=\"https:\/\/www.youtube.com\/watch?reload=9&amp;reload=9&amp;v=FYwO1fiYoa8\" target=\"_blank\" rel=\"noopener noreferrer\">ainu\u00fcksi taimse ja mineraalse p\u00e4ritoluga koostisainetega<\/a>hea seedimise jaoks.<\/li>\n<li><a href=\"https:\/\/www.royalcanin.com\/lt\/about-us\/quality-and-food-safety\" target=\"_blank\" rel=\"noopener noreferrer\">Patenteeritud antioks\u00fcdantide kompleks<\/a> (C- ja E-vitamiinid, tauriin ja luteiin) ning mannan-oligosahhariidid tugevdavad teie kassipoegade loomulikku kaitsev\u00f5imet.<\/li>\n<li>V\u00e4hendab ebameeldivat fekaalil\u00f5hna.<\/li>\n<\/ul>\n<p><img loading=\"lazy\" decoding=\"async\" class=\"\" src=\"https:\/\/zooprekes24.lt\/wp-content\/uploads\/sacred-birman-mother-kitten-birth-growth-brand-emblematic-32.jpeg\" width=\"350\" height=\"273\" \/><\/p>","protected":false},"excerpt":{"rendered":"<p>Royal Canin Mother &amp; Babycat Mousse &#8211;\u00a0ypa\u010d\u00a0\u0161velnios tekst\u016bros put\u0117siai\u00a0papildyti tinkamu kalcio, vitamin\u0173 ir kit\u0173 maisting\u0173j\u0173 med\u017eiag\u0173 kiekiu, u\u017etikrinan\u010diu harmoning\u0105 ka\u010diuk\u0173 augim\u0105. Tinkami nujunkomiems ma\u017eyliams pirmojoje augimo faz\u0117je bei katingoms ir \u017eindan\u010dioms kat\u0117ms. Skirta\u00a0ka\u010diukams nuo 1 iki 4 m\u0117nesi\u0173 am\u017eiaus. Royal Canin Mother &amp; Babycat Mousse put\u0117siai papildyti tinkamu kalcio, vitamin\u0173 ir kit\u0173 maisting\u0173j\u0173 med\u017eiag\u0173 kiekiu,&#8230;<\/p>","protected":false},"featured_media":17990,"comment_status":"closed","ping_status":"closed","template":"","meta":{"_acf_changed":false,"slim_seo":{"title":"Royal Canin Mother & Babycat Mousse put\u0117siai ka\u010diukams - Zooprekes24","description":"Royal Canin Mother &amp; Babycat Mousse - \u00fclipehme tekstuuriga mousse, mis sisaldab \u00f5iges koguses kaltsiumi, vitamiine ja muid toitaineid, et tagada"},"iawp_total_views":323},"product_brand":[],"product_cat":[72,83,25,9019,9020],"product_tag":[1675],"class_list":{"0":"post-22628","1":"product","2":"type-product","3":"status-publish","4":"has-post-thumbnail","6":"product_cat-kaciu-maistas","7":"product_cat-kaciu-prekiu-gamintojai","8":"product_cat-katems","9":"product_cat-royal-canin-kaciu-prekiu-gamintojai","10":"product_cat-slapias-maistas-kaciu-maistas","11":"product_tag-kaciu-edalas","12":"pa_prekiu-zenklai-royal-canin","14":"first","15":"instock","16":"featured","17":"taxable","18":"shipping-taxable","19":"purchasable","20":"product-type-variable"},"acf":[],"_links":{"self":[{"href":"https:\/\/zooprekes24.lt\/et\/wp-json\/wp\/v2\/product\/22628","targetHints":{"allow":["GET"]}}],"collection":[{"href":"https:\/\/zooprekes24.lt\/et\/wp-json\/wp\/v2\/product"}],"about":[{"href":"https:\/\/zooprekes24.lt\/et\/wp-json\/wp\/v2\/types\/product"}],"replies":[{"embeddable":true,"href":"https:\/\/zooprekes24.lt\/et\/wp-json\/wp\/v2\/comments?post=22628"}],"wp:featuredmedia":[{"embeddable":true,"href":"https:\/\/zooprekes24.lt\/et\/wp-json\/wp\/v2\/media\/17990"}],"wp:attachment":[{"href":"https:\/\/zooprekes24.lt\/et\/wp-json\/wp\/v2\/media?parent=22628"}],"wp:term":[{"taxonomy":"product_brand","embeddable":true,"href":"https:\/\/zooprekes24.lt\/et\/wp-json\/wp\/v2\/product_brand?post=22628"},{"taxonomy":"product_cat","embeddable":true,"href":"https:\/\/zooprekes24.lt\/et\/wp-json\/wp\/v2\/product_cat?post=22628"},{"taxonomy":"product_tag","embeddable":true,"href":"https:\/\/zooprekes24.lt\/et\/wp-json\/wp\/v2\/product_tag?post=22628"}],"curies":[{"name":"wp","href":"https:\/\/api.w.org\/{rel}","templated":true}]}}