{"id":22612,"date":"2024-04-19T13:03:56","date_gmt":"2024-04-19T10:03:56","guid":{"rendered":"https:\/\/zooprekes24.lt\/produktas\/royal-canin-instinctive-drebuciuose\/"},"modified":"2026-02-27T13:11:44","modified_gmt":"2026-02-27T11:11:44","slug":"royal-canin-instinctive-drebuciuose","status":"publish","type":"product","link":"https:\/\/zooprekes24.lt\/et\/produktas\/royal-canin-instinctive-drebuciuose\/","title":{"rendered":"Royal Canin Instinctive konservai kat\u0117ms drebu\u010diuose"},"content":{"rendered":"<h3>Royal Canin Instinctive Canned on tasakaalustatud niiske kassitoit t\u00e4iskasvanud kassidele alates 1 aasta vanusest. Niiske toit sisaldab olulisi toitaineid, mis vastavad t\u00e4iskasvanud kasside vajadustele ja aitavad s\u00e4ilitada lemmiklooma suurep\u00e4rast tervist.<\/h3>\n<ul>\n<li>Konservitoit on koostatud nii, et see vastaks optimaalsele toitumisprofiilile, mida kassid instinktiivselt eelistavad.<\/li>\n<li><a href=\"https:\/\/www.youtube.com\/watch?v=FYwO1fiYoa8&amp;t=2s\" target=\"_blank\" rel=\"noopener\">T\u00e4nu ainulaadsele antioks\u00fcdantide kompleksile<\/a> kassid j\u00e4\u00e4vad kauem ellu.<\/li>\n<li>Rasvhapete kompleks aitab s\u00e4ilitada liigeste paindlikkust.<\/li>\n<li>Royal Canin Instinctive konservtoit sisaldab optimaalset fosforisisaldust, et tagada t\u00e4iskasvanud kasside tervislik neerufunktsioon.<\/li>\n<li>Konserveeritud toidu eriline koostis ja koostis aitab s\u00e4ilitada teie kassi ideaalkaalu.<\/li>\n<\/ul>\n<p><a ref=\"magnificPopup\" href=\"https:\/\/zooprekes24.lt\/wp-content\/uploads\/instinctive-7.png\"><img loading=\"lazy\" decoding=\"async\" class=\"alignnone wp-image-11089\" src=\"https:\/\/zooprekes24.lt\/wp-content\/uploads\/instinctive-7.png\" alt=\"Royal Canin Instinctive 7+ konserveeritud kastmes \" width=\"299\" height=\"358\" \/><\/a><\/p>","protected":false},"excerpt":{"rendered":"<p>Royal Canin Instinctive konservai \u2013 subalansuotas \u0161lapias ka\u010di\u0173 pa\u0161aras, skirtas suaugusioms kat\u0117ms nuo 1 met\u0173 am\u017eiaus. \u0160lapiame \u0117dale\u00a0yra svarbi\u0173 maistini\u0173 med\u017eiag\u0173 atitinkan\u010di\u0173 suaugusi\u0173 ka\u010di\u0173 poreikius bei padedan\u010di\u0173 i\u0161laikyti puiki\u0105 augintinio sveikat\u0105. Konservai yra suformuoti taip, kad atitikt\u0173 optimal\u0173 maistin\u012f profil\u012f, kur\u012f instinktyviai renkasi kat\u0117s. Unikali\u0173 antioksidant\u0173 komplekso d\u0117ka kat\u0117s ilgiau i\u0161lieka gyvybingos. Sud\u0117tyje esantis riebal\u0173&#8230;<\/p>","protected":false},"featured_media":19891,"comment_status":"closed","ping_status":"closed","template":"","meta":{"_acf_changed":false,"slim_seo":{"title":"Royal Canin Instinctive konservai kat\u0117ms drebu\u010diuose - Zooprekes24","description":"Royal Canin Instinctive konservai \u2013 subalansuotas \u0161lapias ka\u010di\u0173 pa\u0161aras, skirtas suaugusioms kat\u0117ms nuo 1 met\u0173 am\u017eiaus. \u0160lapiame \u0117dale\u00a0yra svarbi\u0173 maistini\u0173 med"},"iawp_total_views":177},"product_brand":[],"product_cat":[72,83,25,9019,9020],"product_tag":[2126,1675,2131],"class_list":{"0":"post-22612","1":"product","2":"type-product","3":"status-publish","4":"has-post-thumbnail","6":"product_cat-kaciu-maistas","7":"product_cat-kaciu-prekiu-gamintojai","8":"product_cat-katems","9":"product_cat-royal-canin-kaciu-prekiu-gamintojai","10":"product_cat-slapias-maistas-kaciu-maistas","11":"product_tag-inkstinktiv-konservai-katei","12":"product_tag-kaciu-edalas","13":"product_tag-konservai-isrankioms-katems","14":"pa_pasaro-sudetis-vistiena","15":"pa_prekiu-zenklai-royal-canin","17":"first","18":"instock","19":"sale","20":"featured","21":"taxable","22":"shipping-taxable","23":"purchasable","24":"product-type-variable"},"acf":[],"_links":{"self":[{"href":"https:\/\/zooprekes24.lt\/et\/wp-json\/wp\/v2\/product\/22612","targetHints":{"allow":["GET"]}}],"collection":[{"href":"https:\/\/zooprekes24.lt\/et\/wp-json\/wp\/v2\/product"}],"about":[{"href":"https:\/\/zooprekes24.lt\/et\/wp-json\/wp\/v2\/types\/product"}],"replies":[{"embeddable":true,"href":"https:\/\/zooprekes24.lt\/et\/wp-json\/wp\/v2\/comments?post=22612"}],"wp:featuredmedia":[{"embeddable":true,"href":"https:\/\/zooprekes24.lt\/et\/wp-json\/wp\/v2\/media\/19891"}],"wp:attachment":[{"href":"https:\/\/zooprekes24.lt\/et\/wp-json\/wp\/v2\/media?parent=22612"}],"wp:term":[{"taxonomy":"product_brand","embeddable":true,"href":"https:\/\/zooprekes24.lt\/et\/wp-json\/wp\/v2\/product_brand?post=22612"},{"taxonomy":"product_cat","embeddable":true,"href":"https:\/\/zooprekes24.lt\/et\/wp-json\/wp\/v2\/product_cat?post=22612"},{"taxonomy":"product_tag","embeddable":true,"href":"https:\/\/zooprekes24.lt\/et\/wp-json\/wp\/v2\/product_tag?post=22612"}],"curies":[{"name":"wp","href":"https:\/\/api.w.org\/{rel}","templated":true}]}}