{"id":22611,"date":"2024-04-19T13:03:56","date_gmt":"2024-04-19T10:03:56","guid":{"rendered":"https:\/\/zooprekes24.lt\/produktas\/royal-canin-instinctive-7-konservai\/"},"modified":"2026-02-27T13:22:33","modified_gmt":"2026-02-27T11:22:33","slug":"royal-canin-instinctive-7-konservid","status":"publish","type":"product","link":"https:\/\/zooprekes24.lt\/et\/produktas\/royal-canin-instinctive-7-konservai\/","title":{"rendered":"Royal Canin Instinctive 7+ konservai kat\u0117ms pada\u017ee"},"content":{"rendered":"<h3>Royal Canin Instinctive 7+ Canned on tasakaalustatud niiske kassitoit vanematele kassidele alates 7. eluaastast. Vanemad kassid vajavad kvaliteetset, kergesti seeditavat toitu, mis aitab neil toime tulla vanusega kaasnevate v\u00e4ljakutsetega. <a href=\"https:\/\/www.youtube.com\/watch?reload=9&amp;reload=9&amp;v=FYwO1fiYoa8\" target=\"_blank\" rel=\"noopener\">Toetada teie kassi tervislikku vananemist<\/a>Konserveeritud toit sisaldab patenteeritud antioks\u00fcdantide kompleksi, mis aitab aeglustada rakkude vananemist, ning piiratud koguses fosforit, et hoida eakate neerud terved.<\/h3>\n<ul>\n<li>Patenteeritud antioks\u00fcdantide ja rohelise tee pol\u00fcfenoolide kombinatsioon, mida toetab l\u00fckopeen, aitab v\u00f5idelda rakkude vananemise vastu.<\/li>\n<li>Rasvhapete kompleks aitab s\u00e4ilitada liigeste paindlikkust.<\/li>\n<li>Royal Canin Instinctive 7+ konserveeritud toit v\u00e4hendatud fosforisisaldusega, et tagada tervislik toitumine <a href=\"https:\/\/zooprekes24.lt\/et\/toode\/brit-care-senior-weight-control\/\" target=\"_blank\" rel=\"noopener\">vanemad kassid<\/a>\u00a0neerufunktsioon.<\/li>\n<li>Spetsiaalne koostis ja koostis aitavad s\u00e4ilitada teie kassi ideaalkaalu.<\/li>\n<\/ul>\n<p><a ref=\"magnificPopup\" href=\"https:\/\/zooprekes24.lt\/wp-content\/uploads\/instinctive-7.png\"><img loading=\"lazy\" decoding=\"async\" class=\"alignnone wp-image-11089\" src=\"https:\/\/zooprekes24.lt\/wp-content\/uploads\/instinctive-7.png\" alt=\"Royal Canin Instinctive 7+ konserveeritud kastmes \" width=\"299\" height=\"358\" \/><\/a><\/p>","protected":false},"excerpt":{"rendered":"<p>Royal Canin Instinctive 7+ konservai \u2013 subalansuotas \u0161lapias ka\u010di\u0173 pa\u0161aras, skirtas pagyvenusioms kat\u0117ms nuo 7 met\u0173 am\u017eiaus. Pagyvenusiai katei reikia labai kokybi\u0161ko, lengvai vir\u0161kinamo maisto, kuris pad\u0117t\u0173 jai susidoroti su am\u017eiaus keliamomis problemomis. Siekiant palaikyti sveik\u0105 J\u016bs\u0173 kat\u0117s sen\u0117jim\u0105, konserv\u0173 sud\u0117tyje yra patentuotas antioksidant\u0173 kompleksas, kuris padeda l\u0117tinti l\u0105steli\u0173 sen\u0117jim\u0105, bei ribotas fosforo kiekis, kuris&#8230;<\/p>","protected":false},"featured_media":19889,"comment_status":"closed","ping_status":"closed","template":"","meta":{"_acf_changed":false,"slim_seo":{"title":"Royal Canin Instinctive 7+ konservai kat\u0117ms pada\u017ee - Zooprekes24","description":"Royal Canin Instinctive 7+ Canned on tasakaalustatud niiske kassitoit vanematele kassidele alates 7. eluaastast. Eakad kassid vajavad eakate heaolu tagamiseks k\u00f5rgetasemelist toitu."},"iawp_total_views":113},"product_brand":[],"product_cat":[72,83,25,9019,9020],"product_tag":[2126,1675],"class_list":{"0":"post-22611","1":"product","2":"type-product","3":"status-publish","4":"has-post-thumbnail","6":"product_cat-kaciu-maistas","7":"product_cat-kaciu-prekiu-gamintojai","8":"product_cat-katems","9":"product_cat-royal-canin-kaciu-prekiu-gamintojai","10":"product_cat-slapias-maistas-kaciu-maistas","11":"product_tag-inkstinktiv-konservai-katei","12":"product_tag-kaciu-edalas","13":"pa_pasaro-sudetis-vistiena","14":"pa_prekiu-zenklai-royal-canin","16":"first","17":"instock","18":"sale","19":"featured","20":"taxable","21":"shipping-taxable","22":"purchasable","23":"product-type-variable"},"acf":[],"_links":{"self":[{"href":"https:\/\/zooprekes24.lt\/et\/wp-json\/wp\/v2\/product\/22611","targetHints":{"allow":["GET"]}}],"collection":[{"href":"https:\/\/zooprekes24.lt\/et\/wp-json\/wp\/v2\/product"}],"about":[{"href":"https:\/\/zooprekes24.lt\/et\/wp-json\/wp\/v2\/types\/product"}],"replies":[{"embeddable":true,"href":"https:\/\/zooprekes24.lt\/et\/wp-json\/wp\/v2\/comments?post=22611"}],"wp:featuredmedia":[{"embeddable":true,"href":"https:\/\/zooprekes24.lt\/et\/wp-json\/wp\/v2\/media\/19889"}],"wp:attachment":[{"href":"https:\/\/zooprekes24.lt\/et\/wp-json\/wp\/v2\/media?parent=22611"}],"wp:term":[{"taxonomy":"product_brand","embeddable":true,"href":"https:\/\/zooprekes24.lt\/et\/wp-json\/wp\/v2\/product_brand?post=22611"},{"taxonomy":"product_cat","embeddable":true,"href":"https:\/\/zooprekes24.lt\/et\/wp-json\/wp\/v2\/product_cat?post=22611"},{"taxonomy":"product_tag","embeddable":true,"href":"https:\/\/zooprekes24.lt\/et\/wp-json\/wp\/v2\/product_tag?post=22611"}],"curies":[{"name":"wp","href":"https:\/\/api.w.org\/{rel}","templated":true}]}}