{"id":22609,"date":"2024-04-19T13:03:56","date_gmt":"2024-04-19T10:03:56","guid":{"rendered":"https:\/\/zooprekes24.lt\/produktas\/royal-canin-sterilised-konservai-padaze\/"},"modified":"2026-02-27T13:16:40","modified_gmt":"2026-02-27T11:16:40","slug":"royal-canin-steriliseeritud-konservikaste","status":"publish","type":"product","link":"https:\/\/zooprekes24.lt\/et\/produktas\/royal-canin-sterilised-konservai-padaze\/","title":{"rendered":"Royal Canin steriliseeritud kassikonservid kastmes"},"content":{"rendered":"<h3>Royal Canin steriliseeritud konservikaste - <a href=\"https:\/\/www.youtube.com\/watch?v=FYwO1fiYoa8\" target=\"_blank\" rel=\"noopener\">tasakaalustatud m\u00e4rja kassitoit<\/a> kontrollida kassi kaalu ja reguleerida uriini happesust. Steriliseerimine v\u00f5ib muuta m\u00f5nede kasside toitumisharjumusi ja nad v\u00f5ivad muutuda \u00fclekaaluliseks. Toidu tasakaalustatud koostisained tagavad, et lemmikloom on rahul ja s\u00e4ilitab ideaalse kaalu.<\/h3>\n<ul>\n<li>Konservid sisaldavad v\u00e4hem rasva ja s\u00fcsivesikuid, n\u00e4iteks t\u00e4rklist, mis soodustavad toidu tarbimist.<\/li>\n<li>Spetsiaalne koostis aitab reguleerida kusihappesisaldust ja parandada uriinifunktsiooni.<\/li>\n<li>Suur <a href=\"https:\/\/www.royalcanin.com\/lt\/about-us\/quality-and-food-safety\" target=\"_blank\" rel=\"noopener noreferrer\">k\u00f5rge bioloogilise v\u00e4\u00e4rtusega valgusisaldus<\/a> (37%) aitab ehitada lihaseid ja s\u00e4ilitada lihasmassi.<\/li>\n<li><a href=\"https:\/\/zooprekes24.lt\/et\/?s=sterilizuotoms&amp;post_type=product&amp;product_cat=0\" target=\"_blank\" rel=\"noopener noreferrer\">P\u00e4rast steriliseerimist<\/a> Kasside energiavajadus on v\u00e4henenud, mist\u00f5ttu Royal Canin Steriliseeritud konservide madalam rasvasisaldus aitab v\u00e4hendada \u00fclekaalulisuse riski.<\/li>\n<\/ul>\n<p><img loading=\"lazy\" decoding=\"async\" class=\"\" src=\"https:\/\/zooprekes24.lt\/wp-content\/uploads\/bc45h-hub-russian-adult-black-and-white-19.jpeg\" width=\"391\" height=\"293\" \/><\/p>","protected":false},"excerpt":{"rendered":"<p>Royal Canin Sterilised konservai pada\u017ee &#8211; subalansuotas \u0161lapias ka\u010di\u0173 pa\u0161aras skirtas kontroliuoti kat\u0117s svor\u012f bei reguliuoti \u0161lapimo r\u016bg\u0161tingum\u0105. Sterilizacija gali pakeisti kai kuri\u0173 ka\u010di\u0173 mitybos \u012fpro\u010dius ir jos gali priaugti vir\u0161svorio. Maisto sud\u0117tyje esan\u010dios subalansuotos med\u017eiagos u\u017etikrina augintinio sotumo jausm\u0105 palaikant ideal\u0173 svor\u012f. Konserv\u0173 sud\u0117tyje yra ma\u017eiau riebal\u0173 ir angliavandeni\u0173, pavyzd\u017eiui, krakmolo, kuris skatina maisto&#8230;<\/p>","protected":false},"featured_media":19888,"comment_status":"closed","ping_status":"closed","template":"","meta":{"_acf_changed":false,"slim_seo":{"title":"Royal Canin Sterilised konservai kat\u0117ms pada\u017ee - Zooprekes24","description":"Royal Canin Steriliseeritud konservikaste on tasakaalustatud niiske kassitoit, mis on m\u00f5eldud kehakaalu kontrollimiseks ja uriinihappesuse reguleerimiseks. Steriliseerimine"},"iawp_total_views":884},"product_brand":[],"product_cat":[72,83,25,9019,9020],"product_tag":[],"class_list":{"0":"post-22609","1":"product","2":"type-product","3":"status-publish","4":"has-post-thumbnail","6":"product_cat-kaciu-maistas","7":"product_cat-kaciu-prekiu-gamintojai","8":"product_cat-katems","9":"product_cat-royal-canin-kaciu-prekiu-gamintojai","10":"product_cat-slapias-maistas-kaciu-maistas","11":"pa_pasaro-sudetis-darzoves","12":"pa_pasaro-sudetis-vistiena","13":"pa_prekiu-zenklai-royal-canin","15":"first","16":"instock","17":"sale","18":"featured","19":"taxable","20":"shipping-taxable","21":"purchasable","22":"product-type-variable"},"acf":[],"_links":{"self":[{"href":"https:\/\/zooprekes24.lt\/et\/wp-json\/wp\/v2\/product\/22609","targetHints":{"allow":["GET"]}}],"collection":[{"href":"https:\/\/zooprekes24.lt\/et\/wp-json\/wp\/v2\/product"}],"about":[{"href":"https:\/\/zooprekes24.lt\/et\/wp-json\/wp\/v2\/types\/product"}],"replies":[{"embeddable":true,"href":"https:\/\/zooprekes24.lt\/et\/wp-json\/wp\/v2\/comments?post=22609"}],"wp:featuredmedia":[{"embeddable":true,"href":"https:\/\/zooprekes24.lt\/et\/wp-json\/wp\/v2\/media\/19888"}],"wp:attachment":[{"href":"https:\/\/zooprekes24.lt\/et\/wp-json\/wp\/v2\/media?parent=22609"}],"wp:term":[{"taxonomy":"product_brand","embeddable":true,"href":"https:\/\/zooprekes24.lt\/et\/wp-json\/wp\/v2\/product_brand?post=22609"},{"taxonomy":"product_cat","embeddable":true,"href":"https:\/\/zooprekes24.lt\/et\/wp-json\/wp\/v2\/product_cat?post=22609"},{"taxonomy":"product_tag","embeddable":true,"href":"https:\/\/zooprekes24.lt\/et\/wp-json\/wp\/v2\/product_tag?post=22609"}],"curies":[{"name":"wp","href":"https:\/\/api.w.org\/{rel}","templated":true}]}}