{"id":22605,"date":"2024-04-19T13:03:56","date_gmt":"2024-04-19T10:03:56","guid":{"rendered":"https:\/\/zooprekes24.lt\/produktas\/royal-canin-british-shorthair-konservai\/"},"modified":"2025-12-30T16:18:13","modified_gmt":"2025-12-30T14:18:13","slug":"royal-canin-british-shorthair-konservai","status":"publish","type":"product","link":"https:\/\/zooprekes24.lt\/et\/produktas\/royal-canin-british-shorthair-konservai\/","title":{"rendered":"Royal Canin British Shorthair konservai kat\u0117ms pada\u017ee"},"content":{"rendered":"<h3>Royal Canin British Shorthair Adult konservai pada\u017ee &#8211;\u00a0subalansuotas \u0161lapias ka\u010di\u0173 pa\u0161aras, kuris stiprina kat\u0117s kaulus, raumenis bei \u0161irdies darb\u0105. <a href=\"https:\/\/www.youtube.com\/watch?v=FYwO1fiYoa8\" target=\"_blank\" rel=\"noopener\">Eriretsepti j\u00e4rgi valmistatud konservid<\/a> on \u00e4\u00e4rmiselt maitsvad ja t\u00e4idavad teid kiiresti.<\/h3>\n<ul>\n<li>T\u00e4iskasvanutele <a href=\"https:\/\/zooprekes24.lt\/et\/toode\/royal-canin-briti-luhikarvaline-taiskasvanu\/\" target=\"_blank\" rel=\"noopener\">Briti l\u00fchikarvaliste kasside puhul<\/a> alates 1 aastast.<\/li>\n<li>Optimaalne valgusisaldus ja L-karnitiin aitavad s\u00e4ilitada Briti l\u00fchikarvalistele kassidele iseloomulikku lihasmassi.<\/li>\n<li>Kaltsium, fosfor ja EPA\/DHA konservides tugevdavad luid ja liigeseid.<\/li>\n<li>S\u00f6\u00f6mine vabatahtlikult. Eriretseptiga konservid on \u00e4\u00e4rmiselt maitsvad ja meeldivad ka k\u00f5ige n\u00f5udlikumatele gurmaanidele.<\/li>\n<li>Royal Canin British Shorthair Adult konserveeritud toidu koostisosad tugevdavad teie kassi luid, lihaseid ja s\u00fcdant.<\/li>\n<\/ul>\n<p><img loading=\"lazy\" decoding=\"async\" class=\"\" src=\"https:\/\/zooprekes24.lt\/wp-content\/uploads\/bc3h-hub-british-shorthair-adult-black-and-white-16.jpeg\" width=\"390\" height=\"292\" \/><\/p>","protected":false},"excerpt":{"rendered":"<p>Royal Canin British Shorthair Adult konservai pada\u017ee &#8211;\u00a0subalansuotas \u0161lapias ka\u010di\u0173 pa\u0161aras, kuris stiprina kat\u0117s kaulus, raumenis bei \u0161irdies darb\u0105. Pagal ypating\u0105 recept\u0105 pagaminti konservai yra ypa\u010d skan\u016bs ir greitai sukeliantys sotumo jausm\u0105. Skirta\u00a0suaugusioms Brit\u0173 trumpaplauki\u0173 veisl\u0117s kat\u0117ms nuo 1 met\u0173. Optimalus baltym\u0173 ir\u00a0L-karnitino\u00a0kiekis\u00a0padeda i\u0161laikyti\u00a0brit\u0173 trumpaplauk\u0117ms kat\u0117ms b\u016bding\u0105\u00a0raumen\u0173 mas\u0119. Konserv\u0173 sud\u0117tyje esantis kalcis, fosforas ir EPA\/DHA&#8230;<\/p>","protected":false},"featured_media":19886,"comment_status":"closed","ping_status":"closed","template":"","meta":{"_acf_changed":false,"slim_seo":{"title":"Royal Canin British Shorthair konservai kat\u0117ms pada\u017ee - Zooprekes24","description":"Royal Canin British Shorthair Adult konservai pada\u017ee -\u00a0subalansuotas \u0161lapias ka\u010di\u0173 pa\u0161aras, kuris stiprina kat\u0117s kaulus, raumenis bei \u0161irdies darb\u0105. Pagal ypati"},"iawp_total_views":233},"product_brand":[],"product_cat":[72,83,25,9019,9020],"product_tag":[1671,1736],"class_list":{"0":"post-22605","1":"product","2":"type-product","3":"status-publish","4":"has-post-thumbnail","6":"product_cat-kaciu-maistas","7":"product_cat-kaciu-prekiu-gamintojai","8":"product_cat-katems","9":"product_cat-royal-canin-kaciu-prekiu-gamintojai","10":"product_cat-slapias-maistas-kaciu-maistas","11":"product_tag-begrudis-kaciu-maistas","12":"product_tag-konservai-britu-trumpaplaukiams","13":"pa_pasaro-sudetis-vistiena","14":"pa_pasaro-sudetis-zuvis","15":"pa_prekiu-zenklai-royal-canin","17":"first","18":"instock","19":"sale","20":"featured","21":"taxable","22":"shipping-taxable","23":"purchasable","24":"product-type-variable"},"acf":[],"_links":{"self":[{"href":"https:\/\/zooprekes24.lt\/et\/wp-json\/wp\/v2\/product\/22605","targetHints":{"allow":["GET"]}}],"collection":[{"href":"https:\/\/zooprekes24.lt\/et\/wp-json\/wp\/v2\/product"}],"about":[{"href":"https:\/\/zooprekes24.lt\/et\/wp-json\/wp\/v2\/types\/product"}],"replies":[{"embeddable":true,"href":"https:\/\/zooprekes24.lt\/et\/wp-json\/wp\/v2\/comments?post=22605"}],"wp:featuredmedia":[{"embeddable":true,"href":"https:\/\/zooprekes24.lt\/et\/wp-json\/wp\/v2\/media\/19886"}],"wp:attachment":[{"href":"https:\/\/zooprekes24.lt\/et\/wp-json\/wp\/v2\/media?parent=22605"}],"wp:term":[{"taxonomy":"product_brand","embeddable":true,"href":"https:\/\/zooprekes24.lt\/et\/wp-json\/wp\/v2\/product_brand?post=22605"},{"taxonomy":"product_cat","embeddable":true,"href":"https:\/\/zooprekes24.lt\/et\/wp-json\/wp\/v2\/product_cat?post=22605"},{"taxonomy":"product_tag","embeddable":true,"href":"https:\/\/zooprekes24.lt\/et\/wp-json\/wp\/v2\/product_tag?post=22605"}],"curies":[{"name":"wp","href":"https:\/\/api.w.org\/{rel}","templated":true}]}}