{"id":22603,"date":"2024-04-19T13:03:35","date_gmt":"2024-04-19T10:03:35","guid":{"rendered":"https:\/\/zooprekes24.lt\/produktas\/royal-canin-persian-pastetas\/"},"modified":"2025-12-30T16:19:23","modified_gmt":"2025-12-30T14:19:23","slug":"royal-canin-persian-pastetas","status":"publish","type":"product","link":"https:\/\/zooprekes24.lt\/et\/produktas\/royal-canin-persian-pastetas\/","title":{"rendered":"Royal Canin Persian pa\u0161tetas kat\u0117ms"},"content":{"rendered":"<h3>Royal Canin Persian Adult pa\u0161tetas &#8211; <a href=\"https:\/\/www.youtube.com\/watch?v=FYwO1fiYoa8\" target=\"_blank\" rel=\"noopener\">tasakaalustatud m\u00e4rja kassitoit<\/a>et rahuldada k\u00f5iki p\u00e4rsia kasside toitumisvajadusi.<\/h3>\n<ul>\n<li>Pasteet sisaldab eksklusiivset Beauty Shine'i toitainete kompleksi (kurgi\u00f5li, EPA\/DHA ja vitamiinid), mis on oluline pika karvaga p\u00e4rsia kasside tiheda karvastiku arenguks. <a href=\"https:\/\/zooprekes24.lt\/et\/?s=aliejus&amp;post_type=product\" target=\"_blank\" rel=\"noopener\">mantli ilu<\/a>: karvkatte v\u00e4rvus muutub heledamaks, karvkate on l\u00e4ikivam ja pehmem ning nahk on v\u00e4hem \u00e4rritunud.<\/li>\n<li>Naatriumfosfaatidega, mis aeglustavad hambakivi ja hambakivi teket, p\u00fc\u00fcdes kaltsiumi s\u00fcljesse.<\/li>\n<li>FOS (frukto-oligosahhariidid) ja MOS (mannan-oligosahhariidid) ning luteiini, tauriini ja C- ja E-vitamiini sisaldav s\u00fcnergiline antioks\u00fcdantide kompleks tagavad optimaalse seedimise.<\/li>\n<li>Royal Canin Persian Adult P\u00e2t\u00e9 sisaldab eksklusiivset kiu\u00fchendit, mis v\u00e4hendab karvapallide tekkimise t\u00f5en\u00e4osust maos ja parandab mao liikuvust.<\/li>\n<\/ul>\n<p><img loading=\"lazy\" decoding=\"async\" class=\"\" src=\"https:\/\/zooprekes24.lt\/wp-content\/uploads\/bc7h-persian-adult-in-black-and-white-14.jpeg\" width=\"350\" height=\"246\" \/><\/p>","protected":false},"excerpt":{"rendered":"<p>Royal Canin Persian Adult pa\u0161tetas &#8211; subalansuotas \u0161lapias ka\u010di\u0173 pa\u0161aras, kuris patenkins visus Pers\u0173 veisl\u0117s ka\u010di\u0173 mitybos poreikius. Pa\u0161tet\u0105 sudaro i\u0161skirtini\u0173 maistini\u0173 med\u017eiag\u0173 kompleksas \u201eBeauty Shine\u201c (agurkl\u0117s aliejus, EPA\/DHA ir vitaminai), kuris b\u016btinas norint i\u0161ry\u0161kinti ilgaplauki\u0173 Pers\u0173 veisl\u0117s ka\u010di\u0173 tankaus kailio gro\u017e\u012f:\u00a0kailio spalva tampa ry\u0161kesn\u0117, kailis labiau spindi ir tampa \u0161velnus, o oda yra ma\u017eiau&#8230;<\/p>","protected":false},"featured_media":19885,"comment_status":"closed","ping_status":"closed","template":"","meta":{"_acf_changed":false,"slim_seo":{"title":"Royal Canin Persian pa\u0161tetas kat\u0117ms - Zooprekes24","description":"Royal Canin Persian Adult pa\u0161tetas - subalansuotas \u0161lapias ka\u010di\u0173 pa\u0161aras , kuris patenkins visus Pers\u0173 veisl\u0117s ka\u010di\u0173 mitybos poreikius. Pa\u0161tet\u0105 sudaro i\u0161skirtin"},"iawp_total_views":123},"product_brand":[],"product_cat":[72,83,25,9019,9020],"product_tag":[1797],"class_list":{"0":"post-22603","1":"product","2":"type-product","3":"status-publish","4":"has-post-thumbnail","6":"product_cat-kaciu-maistas","7":"product_cat-kaciu-prekiu-gamintojai","8":"product_cat-katems","9":"product_cat-royal-canin-kaciu-prekiu-gamintojai","10":"product_cat-slapias-maistas-kaciu-maistas","11":"product_tag-konservai-persams","12":"pa_pasaro-sudetis-vistiena","13":"pa_pasaro-sudetis-zuvis","14":"pa_prekiu-zenklai-royal-canin","16":"first","17":"instock","18":"sale","19":"featured","20":"taxable","21":"shipping-taxable","22":"purchasable","23":"product-type-variable"},"acf":[],"_links":{"self":[{"href":"https:\/\/zooprekes24.lt\/et\/wp-json\/wp\/v2\/product\/22603","targetHints":{"allow":["GET"]}}],"collection":[{"href":"https:\/\/zooprekes24.lt\/et\/wp-json\/wp\/v2\/product"}],"about":[{"href":"https:\/\/zooprekes24.lt\/et\/wp-json\/wp\/v2\/types\/product"}],"replies":[{"embeddable":true,"href":"https:\/\/zooprekes24.lt\/et\/wp-json\/wp\/v2\/comments?post=22603"}],"wp:featuredmedia":[{"embeddable":true,"href":"https:\/\/zooprekes24.lt\/et\/wp-json\/wp\/v2\/media\/19885"}],"wp:attachment":[{"href":"https:\/\/zooprekes24.lt\/et\/wp-json\/wp\/v2\/media?parent=22603"}],"wp:term":[{"taxonomy":"product_brand","embeddable":true,"href":"https:\/\/zooprekes24.lt\/et\/wp-json\/wp\/v2\/product_brand?post=22603"},{"taxonomy":"product_cat","embeddable":true,"href":"https:\/\/zooprekes24.lt\/et\/wp-json\/wp\/v2\/product_cat?post=22603"},{"taxonomy":"product_tag","embeddable":true,"href":"https:\/\/zooprekes24.lt\/et\/wp-json\/wp\/v2\/product_tag?post=22603"}],"curies":[{"name":"wp","href":"https:\/\/api.w.org\/{rel}","templated":true}]}}