{"id":22596,"date":"2024-04-19T13:03:35","date_gmt":"2024-04-19T10:03:35","guid":{"rendered":"https:\/\/zooprekes24.lt\/produktas\/brit-premium-salmon-trout\/"},"modified":"2026-04-01T19:23:46","modified_gmt":"2026-04-01T17:23:46","slug":"brit-premium-lohe-forell","status":"publish","type":"product","link":"https:\/\/zooprekes24.lt\/et\/produktas\/brit-premium-salmon-trout\/","title":{"rendered":"Brit Premium Salmon &amp; Trout konservai kat\u0117ms"},"content":{"rendered":"<h3>Brit Premium Salmon &amp; Trout Canned Cat Food on k\u00f5rgekvaliteediline t\u00e4istoit t\u00e4iskasvanud kassidele kotikeses.<\/h3>\n<p>Need eriti maitsvad <a href=\"https:\/\/zooprekes24.lt\/et\/?s=la%C5%A1i%C5%A1a&amp;post_type=product\" target=\"_blank\" rel=\"noopener\">l\u00f5he<\/a> ja forell <a href=\"https:\/\/www.youtube.com\/watch?v=wVNj1tuc-rU\" target=\"_blank\" rel=\"noopener\">t\u00fckid kastmes<\/a> tasakaalustatud toitumine teie lemmikloomale ja meeldiv rahulolu iga hammustusega.<\/p>","protected":false},"excerpt":{"rendered":"<p>Brit Premium Salmon &amp; Trout konservai kat\u0117ms &#8211; auk\u0161\u010diausios kokyb\u0117s visavertis suaugusi\u0173 ka\u010di\u0173 maistas mai\u0161elyje. \u0160ie itin gard\u016bs la\u0161i\u0161os ir up\u0117takio gabaliukai pada\u017ee tai &#8211; subalansuota J\u016bs\u0173 augintinio mityba ir malonus pasitenkinimas su kiekvienu k\u0105sniu.<\/p>","protected":false},"featured_media":17883,"comment_status":"closed","ping_status":"closed","template":"","meta":{"_acf_changed":false,"slim_seo":{"title":"Brit Premium Salmon &amp; Trout konservai kat\u0117ms - Zooprekes24","description":"Brit Premium Salmon &amp; Trout Canned Cat Food on k\u00f5rgekvaliteediline t\u00e4iskasvanud kasside t\u00e4istoit kotikeses. Need \u00fclimaitsvad l\u00f5he- ja forellit\u00fckid"},"iawp_total_views":56},"product_brand":[],"product_cat":[9048,72,83,25,9020],"product_tag":[730,2168,1675,2173],"class_list":{"0":"post-22596","1":"product","2":"type-product","3":"status-publish","4":"has-post-thumbnail","6":"product_cat-brit-premium-kaciu-prekiu-gamintojai","7":"product_cat-kaciu-maistas","8":"product_cat-kaciu-prekiu-gamintojai","9":"product_cat-katems","10":"product_cat-slapias-maistas-kaciu-maistas","11":"product_tag-brit-premium-slapias-maistas","12":"product_tag-brit-slapias-maistas","13":"product_tag-kaciu-edalas","14":"product_tag-konservuotas-maistas-katems","15":"pa_pasaro-sudetis-lasisa","16":"pa_pasaro-sudetis-zuvis","17":"pa_prekiu-zenklai-brit-premium","19":"first","20":"instock","21":"featured","22":"taxable","23":"shipping-taxable","24":"purchasable","25":"product-type-variable"},"acf":[],"_links":{"self":[{"href":"https:\/\/zooprekes24.lt\/et\/wp-json\/wp\/v2\/product\/22596","targetHints":{"allow":["GET"]}}],"collection":[{"href":"https:\/\/zooprekes24.lt\/et\/wp-json\/wp\/v2\/product"}],"about":[{"href":"https:\/\/zooprekes24.lt\/et\/wp-json\/wp\/v2\/types\/product"}],"replies":[{"embeddable":true,"href":"https:\/\/zooprekes24.lt\/et\/wp-json\/wp\/v2\/comments?post=22596"}],"wp:featuredmedia":[{"embeddable":true,"href":"https:\/\/zooprekes24.lt\/et\/wp-json\/wp\/v2\/media\/17883"}],"wp:attachment":[{"href":"https:\/\/zooprekes24.lt\/et\/wp-json\/wp\/v2\/media?parent=22596"}],"wp:term":[{"taxonomy":"product_brand","embeddable":true,"href":"https:\/\/zooprekes24.lt\/et\/wp-json\/wp\/v2\/product_brand?post=22596"},{"taxonomy":"product_cat","embeddable":true,"href":"https:\/\/zooprekes24.lt\/et\/wp-json\/wp\/v2\/product_cat?post=22596"},{"taxonomy":"product_tag","embeddable":true,"href":"https:\/\/zooprekes24.lt\/et\/wp-json\/wp\/v2\/product_tag?post=22596"}],"curies":[{"name":"wp","href":"https:\/\/api.w.org\/{rel}","templated":true}]}}