{"id":22590,"date":"2024-04-19T13:03:35","date_gmt":"2024-04-19T10:03:35","guid":{"rendered":"https:\/\/zooprekes24.lt\/produktas\/orijen-regional-red-sunims\/"},"modified":"2026-03-31T15:47:54","modified_gmt":"2026-03-31T13:47:54","slug":"orijeni-piirkondlikud-punased-paikesevarjud","status":"publish","type":"product","link":"https:\/\/zooprekes24.lt\/et\/produktas\/orijen-regional-red-sunims\/","title":{"rendered":"Orijen Regional Red kuivtoit koertele"},"content":{"rendered":"<h3>Orijen Regional Red sisaldab v\u00e4rsket Anguse veiseliha, metssea, piisonit, Romney lambaliha ja Yorkshire'i sealiha. K\u00f5ik on tarnitud v\u00e4rskelt vastavalt <a href=\"https:\/\/www.orijenpetfoods.co.uk\/why-orijen\/biologically-appropriate\/\" target=\"_blank\" rel=\"noopener noreferrer\">WholePrey\u2122<\/a> m\u00f5iste (kogusaak).<\/h3>\n<div class=\"food-feature\">\n<ul>\n<li>38% t\u00e4isv\u00e4\u00e4rtuslikku valku ja piiratud koguses 18% madala gl\u00fckeemilise indeksiga s\u00fcsivesikuid, mis toidab k\u00f5ikide t\u00f5ugude ja vanuser\u00fchmade koeri vastavalt nende evolutsioonilisele ja <a href=\"https:\/\/www.youtube.com\/watch?v=9amHn9cr9zo&amp;t=58s\" target=\"_blank\" rel=\"noopener noreferrer\">bioloogilised vajadused.<\/a><\/li>\n<li>Erinevalt k\u00f5igist tavap\u00e4rastest koeratoitudest on 2\/3 Orijen Regional Redi lihast v\u00e4rske (<a href=\"https:\/\/intl.orijen.ca\/lt\/orijen\/never-outsourced\/\" target=\"_blank\" rel=\"noopener noreferrer\">jahutatud, ilma s\u00e4ilitusaineteta<\/a>) v\u00f5i toores (kiirk\u00fclmutatud, ilma s\u00e4ilitusaineteta), sealhulgas s\u00f6\u00f6da esimesed 10 koostisosa.<\/li>\n<li>1\/3 lihast kuivatatakse hoolikalt 90 \u00b0C juures, et luua kontsentreeritud toitaineliselt v\u00e4\u00e4rtusliku valgu allikas.<\/li>\n<li><a href=\"https:\/\/zooprekes24.lt\/et\/?s=orijen&amp;post_type=product&amp;product_cat=0\" target=\"_blank\" rel=\"noopener noreferrer\">Valmistatud v\u00e4rskest lihast<\/a>, organid ja k\u00f5hred ning annab teie koerale praktiliselt h\u00e4davajalikke looduslikke toitaineid. Lisatud on ainult tsink.<\/li>\n<li>K\u00fclmkuivatatud maks parandab maitset. See muudab s\u00f6\u00f6da eriti maitsvaks isegi k\u00f5ige n\u00f5udlikumate s\u00f6\u00f6jate jaoks.<\/li>\n<li>Valmistatud auhinnatud k\u00f6\u00f6gis parimatest ja v\u00e4rsketest koostisosadest, <a href=\"https:\/\/www.orijenpetfoods.co.uk\/why-orijen\/biologically-appropriate\/\" target=\"_blank\" rel=\"noopener noreferrer\">Bioloogiliselt sobiv\u2122<\/a> (Bioloogiliselt sobiv) koostis tagab, et teie koer on terve ja \u00f5nnelik.<\/li>\n<\/ul>\n<\/div>","protected":false},"excerpt":{"rendered":"<p>Orijen Regional Red maisto sud\u0117tyje &#8211; \u0161vie\u017eia Angus veisl\u0117s jautiena, laukin\u0117 \u0161erniena, bizoniena, Romney \u0117riena ir Jork\u0161yro kiauliena. Viskas pristatoma \u0161vie\u017eia laikantis WholePrey\u2122 (viso grobio) koncepcijos. 38% maisting\u0173 baltym\u0173 ir ribotas kiekis 18% \u017eemo glikemijos indekso angliavandeni\u0173, puosel\u0117ja vis\u0173 veisli\u0173 ir am\u017eiaus grupi\u0173 \u0161unis pagal j\u0173 evoliucinius ir biologinius poreikius. Kitaip nei visuose \u012fprastiniuose \u0161un\u0173&#8230;<\/p>","protected":false},"featured_media":17598,"comment_status":"closed","ping_status":"closed","template":"","meta":{"_acf_changed":false,"slim_seo":{"title":"Orijen Regional Red sausas maistas \u0161unims - Zooprekes24","description":"Orijen Regional Red sisaldab v\u00e4rsket Anguse veiseliha, metssea, piisonit, Romney lambaliha ja Yorkshire'i sealiha. K\u00f5ik on v\u00e4rskelt tarnitud"},"iawp_total_views":240},"product_brand":[],"product_cat":[9001,9011,9002,8999,29,31],"product_tag":[175,176,177,260,200],"class_list":{"0":"post-22590","1":"product","2":"type-product","3":"status-publish","4":"has-post-thumbnail","6":"product_cat-begrudis-maistas","7":"product_cat-orijen","8":"product_cat-sausas-maistas","9":"product_cat-sunims","10":"product_cat-sunu-maistas","11":"product_cat-sunu-prekiu-gamintojai","12":"product_tag-begrudis-maistas-sunims","13":"product_tag-begrudis-sunu-maistas","14":"product_tag-edalas-sunims","15":"product_tag-maistas-alergiskiems-sunims","16":"product_tag-super-premium-maistas-sunims","17":"pa_pasaro-sudetis-bizoniena","18":"pa_pasaro-sudetis-darzoves","19":"pa_pasaro-sudetis-eriena","20":"pa_pasaro-sudetis-jautiena","21":"pa_pasaro-sudetis-kiauliena","22":"pa_pasaro-sudetis-kiausiniai","23":"pa_pasaro-sudetis-serniena","24":"pa_pasaro-sudetis-uogos","25":"pa_pasaro-sudetis-vaisiai","26":"pa_prekiu-zenklai-orijen","27":"pa_suns-amzius-suaugusiems","28":"pa_veisles-dydis-didelems-veislems","29":"pa_veisles-dydis-mazoms-veislems","30":"pa_veisles-dydis-vidutinems-veislems","31":"pa_veisles-dydis-visu-dydziu-veislems","33":"first","34":"instock","35":"featured","36":"taxable","37":"shipping-taxable","38":"purchasable","39":"product-type-variable"},"acf":[],"_links":{"self":[{"href":"https:\/\/zooprekes24.lt\/et\/wp-json\/wp\/v2\/product\/22590","targetHints":{"allow":["GET"]}}],"collection":[{"href":"https:\/\/zooprekes24.lt\/et\/wp-json\/wp\/v2\/product"}],"about":[{"href":"https:\/\/zooprekes24.lt\/et\/wp-json\/wp\/v2\/types\/product"}],"replies":[{"embeddable":true,"href":"https:\/\/zooprekes24.lt\/et\/wp-json\/wp\/v2\/comments?post=22590"}],"wp:featuredmedia":[{"embeddable":true,"href":"https:\/\/zooprekes24.lt\/et\/wp-json\/wp\/v2\/media\/17598"}],"wp:attachment":[{"href":"https:\/\/zooprekes24.lt\/et\/wp-json\/wp\/v2\/media?parent=22590"}],"wp:term":[{"taxonomy":"product_brand","embeddable":true,"href":"https:\/\/zooprekes24.lt\/et\/wp-json\/wp\/v2\/product_brand?post=22590"},{"taxonomy":"product_cat","embeddable":true,"href":"https:\/\/zooprekes24.lt\/et\/wp-json\/wp\/v2\/product_cat?post=22590"},{"taxonomy":"product_tag","embeddable":true,"href":"https:\/\/zooprekes24.lt\/et\/wp-json\/wp\/v2\/product_tag?post=22590"}],"curies":[{"name":"wp","href":"https:\/\/api.w.org\/{rel}","templated":true}]}}