{"id":22584,"date":"2024-04-19T13:03:35","date_gmt":"2024-04-19T10:03:35","guid":{"rendered":"https:\/\/zooprekes24.lt\/produktas\/orijen-six-fish-dog\/"},"modified":"2026-03-31T15:41:48","modified_gmt":"2026-03-31T13:41:48","slug":"orijen-kuus-kala-koer","status":"publish","type":"product","link":"https:\/\/zooprekes24.lt\/et\/produktas\/orijen-six-fish-dog\/","title":{"rendered":"Orijen Six Fish Dog koerte kuivtoit"},"content":{"rendered":"<h3>Orijen Six Fish Dog sisaldab v\u00f5rratu kvaliteediga v\u00e4rsket looduslikku kala, mis on p\u00fc\u00fctud Vancouveri saare k\u00fclmades vetes: sardiinid, makrell, haug, ahven ja merikeel. K\u00f5ik tarnitakse v\u00e4rskelt <a href=\"https:\/\/www.orijenpetfoods.co.uk\/why-orijen\/biologically-appropriate\/\" target=\"_blank\" rel=\"noopener noreferrer\">WholePrey\u2122<\/a> m\u00f5iste (kogusaak).<\/h3>\n<div class=\"food-feature\">\n<ul>\n<li>38% toitevalku ja piiratud koguses 18% madala gl\u00fckeemilise indeksiga s\u00fcsivesikuid. <a href=\"https:\/\/zooprekes24.lt\/et\/?s=orijen&amp;post_type=product&amp;product_cat=0\" target=\"_blank\" rel=\"noopener noreferrer\">Orijen<\/a> toidab koeri<a href=\"https:\/\/www.youtube.com\/watch?v=9amHn9cr9zo&amp;t=58s\" target=\"_blank\" rel=\"noopener noreferrer\"> vastavalt nende evolutsioonilistele ja bioloogilistele vajadustele.<\/a><\/li>\n<li>Erinevalt tavalisest koeratoidust on Orijen Six Fish koeratoidus 2\/3 kalast v\u00e4rske (<a href=\"https:\/\/intl.orijen.ca\/lt\/orijen\/never-outsourced\/\" target=\"_blank\" rel=\"noopener noreferrer\">jahutatud, ilma s\u00e4ilitusaineteta<\/a>) v\u00f5i toores (kiirk\u00fclmutatud, ilma s\u00e4ilitusaineteta), sealhulgas kalas\u00f6\u00f6da esimesed 6 koostisosa.<\/li>\n<li>1\/3 v\u00e4rskest kalast kuivatatakse hoolikalt 90 \u00b0C juures, et luua kontsentreeritud toitaineliselt v\u00e4\u00e4rtusliku valgu allikas.<\/li>\n<li>K\u00fclmkuivatatud kalamaksa suurendab maitseomadusi. See muudab toidu eriti maitsvaks isegi k\u00f5ige n\u00f5udlikumatele koertele.<\/li>\n<li>Valmistatud auhinnatud k\u00f6\u00f6gis parimatest ja v\u00e4rsketest koostisosadest, <a href=\"https:\/\/www.orijenpetfoods.co.uk\/why-orijen\/biologically-appropriate\/\" target=\"_blank\" rel=\"noopener noreferrer\">Bioloogiliselt sobiv\u2122<\/a> (Bioloogiliselt sobiv) koostis tagab, et teie koer on terve ja \u00f5nnelik.<\/li>\n<\/ul>\n<\/div>","protected":false},"excerpt":{"rendered":"<p>Orijen Six Fish Dog maisto sud\u0117tyje &#8211; neprilygstamos kokyb\u0117s \u0161vie\u017eios laukin\u0117s \u017euvys su\u017evejotos \u0161altuose vandenyse prie Vankuverio salos:\u00a0 sardin\u0117s, skumbr\u0117s, lydekos, e\u0161eriai ir j\u016br\u0173 lie\u017euviai. Viskas pristatoma \u0161vie\u017eia laikantis WholePrey\u2122 (viso grobio) koncepcijos. 38% maistingi baltymai ir ribotas kiekis 18% \u017eemo glikemijos indekso angliavandeni\u0173. Orijen maitina \u0161unis pagal j\u0173 evoliucinius ir biologinius poreikius. Kitaip nei&#8230;<\/p>","protected":false},"featured_media":19869,"comment_status":"closed","ping_status":"closed","template":"","meta":{"_acf_changed":false,"slim_seo":{"title":"Orijen Six Fish Dog sausas maistas \u0161unims - Zooprekes24","description":"Orijen Six Fish Dog sisaldab v\u00f5rratu kvaliteediga v\u00e4rsket looduslikku kala, mis on p\u00fc\u00fctud Vancouveri saare k\u00fclmades vetes: sardiinid, makrellid, l"},"iawp_total_views":176},"product_brand":[],"product_cat":[9001,9011,9002,8999,29,31],"product_tag":[175,176,177,260,200],"class_list":{"0":"post-22584","1":"product","2":"type-product","3":"status-publish","4":"has-post-thumbnail","6":"product_cat-begrudis-maistas","7":"product_cat-orijen","8":"product_cat-sausas-maistas","9":"product_cat-sunims","10":"product_cat-sunu-maistas","11":"product_cat-sunu-prekiu-gamintojai","12":"product_tag-begrudis-maistas-sunims","13":"product_tag-begrudis-sunu-maistas","14":"product_tag-edalas-sunims","15":"product_tag-maistas-alergiskiems-sunims","16":"product_tag-super-premium-maistas-sunims","17":"pa_pasaro-sudetis-darzoves","18":"pa_pasaro-sudetis-uogos","19":"pa_pasaro-sudetis-vaisiai","20":"pa_pasaro-sudetis-zuvis","21":"pa_prekiu-zenklai-orijen","22":"pa_suns-amzius-jauniems","23":"pa_suns-amzius-senjorams","24":"pa_suns-amzius-suaugusiems","25":"pa_suns-amzius-visiems-amziams","26":"pa_veisles-dydis-didelems-veislems","27":"pa_veisles-dydis-mazoms-veislems","28":"pa_veisles-dydis-vidutinems-veislems","29":"pa_veisles-dydis-visu-dydziu-veislems","31":"first","32":"instock","33":"featured","34":"taxable","35":"shipping-taxable","36":"purchasable","37":"product-type-variable"},"acf":[],"_links":{"self":[{"href":"https:\/\/zooprekes24.lt\/et\/wp-json\/wp\/v2\/product\/22584","targetHints":{"allow":["GET"]}}],"collection":[{"href":"https:\/\/zooprekes24.lt\/et\/wp-json\/wp\/v2\/product"}],"about":[{"href":"https:\/\/zooprekes24.lt\/et\/wp-json\/wp\/v2\/types\/product"}],"replies":[{"embeddable":true,"href":"https:\/\/zooprekes24.lt\/et\/wp-json\/wp\/v2\/comments?post=22584"}],"wp:featuredmedia":[{"embeddable":true,"href":"https:\/\/zooprekes24.lt\/et\/wp-json\/wp\/v2\/media\/19869"}],"wp:attachment":[{"href":"https:\/\/zooprekes24.lt\/et\/wp-json\/wp\/v2\/media?parent=22584"}],"wp:term":[{"taxonomy":"product_brand","embeddable":true,"href":"https:\/\/zooprekes24.lt\/et\/wp-json\/wp\/v2\/product_brand?post=22584"},{"taxonomy":"product_cat","embeddable":true,"href":"https:\/\/zooprekes24.lt\/et\/wp-json\/wp\/v2\/product_cat?post=22584"},{"taxonomy":"product_tag","embeddable":true,"href":"https:\/\/zooprekes24.lt\/et\/wp-json\/wp\/v2\/product_tag?post=22584"}],"curies":[{"name":"wp","href":"https:\/\/api.w.org\/{rel}","templated":true}]}}