{"id":22578,"date":"2024-04-19T13:03:23","date_gmt":"2024-04-19T10:03:23","guid":{"rendered":"https:\/\/zooprekes24.lt\/produktas\/brit-premium-by-nature-adult-l\/"},"modified":"2026-04-03T15:39:34","modified_gmt":"2026-04-03T13:39:34","slug":"brit-premium-by-nature-taiskasvanud-l","status":"publish","type":"product","link":"https:\/\/zooprekes24.lt\/et\/produktas\/brit-premium-by-nature-adult-l\/","title":{"rendered":"Brit Premium by Nature Adult L kuivtoit koertele"},"content":{"rendered":"<h3>Brit Premium by Nature Adult L koeratoit, mis on spetsiaalselt koostatud suurt t\u00f5ugu (25-45 kg) t\u00e4iskasvanud koertele (alates 1-7 aastat), omab j\u00e4rgmisi koerte tervist ja seisundit m\u00f5jutavaid omadusi:<\/h3>\n<ul>\n<li>Kiiltav, pehme karvkate ja terve nahk - need on omadused, mida Brit Premium by Nature Adult L koerad armastavad (t\u00e4nu l\u00f5he\u00f5lis sisalduvatele Omega-3-k\u00fcllastumata rasvhapetele).<\/li>\n<li>Tugev ja terve s\u00fcda. Looduslikud antioks\u00fcdandid ja Omega 3 rasvhapped tugevdavad koerte s\u00fcdant.<\/li>\n<li>Terved liigesed t\u00e4nu gl\u00fckoosamiinile ja kondroitiinile.<\/li>\n<li>Suurep\u00e4rane seedimine. See koeratoit sisaldab kergesti seeditavaid valke ja rasvu.<\/li>\n<li>Sisaldab antioks\u00fcdante.<\/li>\n<\/ul>\n<h3>Taime- ja puuviljaekstraktid (rosmariin, kurkum, tsitrusviljad ja nelk), mis sisalduvad <a href=\"https:\/\/brit-petfood.com\/en\/products\/264812-brit-premium-by-nature-adult-l\" target=\"_blank\" rel=\"noopener\">Brit Premium by Nature Adult L<\/a> koeratoidus, m\u00f5ju koera tervisele ja v\u00e4limusele:<\/h3>\n<ul>\n<li>Suurep\u00e4rane antioks\u00fcdantide ja ens\u00fc\u00fcmide allikas, mis kaitseb rakke kahjustuste eest.<\/li>\n<li>Aitab parandada E-vitamiini imendumist ja kaitseb organismi vabade radikaalide eest.<\/li>\n<li>Parandab toidu maitset ja atraktiivsust.<\/li>\n<li>Aitab parandada rasvhapete imendumist toidust, nii et\u00a0<a href=\"https:\/\/zooprekes24.lt\/et\/toode\/brit-care-lassi-oli\/\" target=\"_blank\" rel=\"noopener\">parandab naha, karvkatte ja liigeste tervist.<\/a> Suurendab vananemisvastast toimet.<\/li>\n<\/ul>","protected":false},"excerpt":{"rendered":"<p>\u0160un\u0173 maistas\u00a0Brit Premium by Nature Adult L,\u00a0sukurtas specialiai\u00a0dideli\u0173 veisli\u0173 (25-45 kg) suaugusiems \u0161unims (nuo 1-7 met\u0173),\u00a0pasi\u017eymi tokiomis savyb\u0117mis, turin\u010diomis \u012ftakos \u0161un\u0173 sveikatai ir b\u016bklei: Blizgantis, mink\u0161tas kailis ir sveika oda\u00a0\u2013 tokiomis savyb\u0117mis pasi\u017eymi Brit Premium by Nature Adult L m\u0117gstantys \u0161unys (d\u0117ka Omega 3 neso\u010di\u0173j\u0173 riebal\u0173 r\u016bg\u0161\u010di\u0173, esan\u010di\u0173 la\u0161i\u0161os aliejuje). Stipri ir sveika \u0161irdis.\u00a0Nat\u016bral\u016bs\u00a0antioksidantai ir&#8230;<\/p>","protected":false},"featured_media":19865,"comment_status":"closed","ping_status":"closed","template":"","meta":{"_acf_changed":false,"slim_seo":{"title":"Brit Premium by Nature Adult L sausas maistas \u0161unims - Zooprekes24","description":"Brit Premium by Nature Adult L, mis on spetsiaalselt m\u00f5eldud suurt t\u00f5ugu (25-45 kg) t\u00e4iskasvanud koertele (alates 1-7 aastat), omab j\u00e4rgmisi omadusi."},"iawp_total_views":67},"product_brand":[],"product_cat":[9006,9002,8999,29,31],"product_tag":[353,177,260,200],"class_list":{"0":"post-22578","1":"product","2":"type-product","3":"status-publish","4":"has-post-thumbnail","6":"product_cat-brit-premium","7":"product_cat-sausas-maistas","8":"product_cat-sunims","9":"product_cat-sunu-maistas","10":"product_cat-sunu-prekiu-gamintojai","11":"product_tag-brit-sunu-edalas","12":"product_tag-edalas-sunims","13":"product_tag-maistas-alergiskiems-sunims","14":"product_tag-super-premium-maistas-sunims","15":"pa_pasaro-sudetis-uogos","16":"pa_pasaro-sudetis-vaisiai","17":"pa_pasaro-sudetis-vistiena","18":"pa_prekiu-zenklai-brit-premium","19":"pa_suns-amzius-suaugusiems","20":"pa_veisles-dydis-didelems-veislems","22":"first","23":"instock","24":"featured","25":"taxable","26":"shipping-taxable","27":"purchasable","28":"product-type-variable"},"acf":[],"_links":{"self":[{"href":"https:\/\/zooprekes24.lt\/et\/wp-json\/wp\/v2\/product\/22578","targetHints":{"allow":["GET"]}}],"collection":[{"href":"https:\/\/zooprekes24.lt\/et\/wp-json\/wp\/v2\/product"}],"about":[{"href":"https:\/\/zooprekes24.lt\/et\/wp-json\/wp\/v2\/types\/product"}],"replies":[{"embeddable":true,"href":"https:\/\/zooprekes24.lt\/et\/wp-json\/wp\/v2\/comments?post=22578"}],"wp:featuredmedia":[{"embeddable":true,"href":"https:\/\/zooprekes24.lt\/et\/wp-json\/wp\/v2\/media\/19865"}],"wp:attachment":[{"href":"https:\/\/zooprekes24.lt\/et\/wp-json\/wp\/v2\/media?parent=22578"}],"wp:term":[{"taxonomy":"product_brand","embeddable":true,"href":"https:\/\/zooprekes24.lt\/et\/wp-json\/wp\/v2\/product_brand?post=22578"},{"taxonomy":"product_cat","embeddable":true,"href":"https:\/\/zooprekes24.lt\/et\/wp-json\/wp\/v2\/product_cat?post=22578"},{"taxonomy":"product_tag","embeddable":true,"href":"https:\/\/zooprekes24.lt\/et\/wp-json\/wp\/v2\/product_tag?post=22578"}],"curies":[{"name":"wp","href":"https:\/\/api.w.org\/{rel}","templated":true}]}}