{"id":22577,"date":"2024-04-19T13:03:23","date_gmt":"2024-04-19T10:03:23","guid":{"rendered":"https:\/\/zooprekes24.lt\/produktas\/long-feng-silikoninis-kraikas-katems-10l\/"},"modified":"2026-04-24T12:30:00","modified_gmt":"2026-04-24T10:30:00","slug":"long-feng-silikoonist-kassipesu-10l","status":"publish","type":"product","link":"https:\/\/zooprekes24.lt\/et\/produktas\/long-feng-silikoninis-kraikas-katems-10l\/","title":{"rendered":"Long Feng silikoonist kassipesu 10L"},"content":{"rendered":"<h3>Long Fengi silikoonist kassipesu.<\/h3>\n<ul>\n<li>Looduslik ja ohutu. Silikoon <a href=\"https:\/\/zooprekes24.lt\/et\/kategorija\/prekes-katems\/hugieeni-ja-puhastusvahendid-kassidele\/kraikas-katems\/\" target=\"_blank\" rel=\"noopener\">kassipuru<\/a> on 100% looduslik, biolagunev, mittetoksiline ja keskkonnas\u00f5bralik.<\/li>\n<li>L\u00f5hna valik. Valige erinevate tootevariantide vahel - v\u00e4rske lavendli- v\u00f5i apelsinil\u00f5hnaga ja l\u00f5hnatu pesu.<\/li>\n<li>Ei. T\u00e4nu kassipesu erilisele kujule ja suurusele ei kleepu see teie kassi karva ja k\u00e4ppade k\u00fclge ega \u00e4rrita teie silmi ega kassi nina.<\/li>\n<li>Suurep\u00e4rane l\u00f5hnade imendumine ja neutraliseerimine.\u00a0<a href=\"https:\/\/www.youtube.com\/watch?v=J5Jk8yzu_Jg\" target=\"_blank\" rel=\"noopener\">Miljonid mikroskoopilised poorid<\/a> imab kiiresti vedelikke nagu k\u00e4sn igas graanulis. L\u00f5hnad ja mustus j\u00e4\u00e4vad sisse. Silikoonist kassipesu hoiab \u00f5hu ja keskkonna puhtana.<\/li>\n<\/ul>","protected":false},"excerpt":{"rendered":"<p>Long Feng silikoninis kraikas kat\u0117ms. Nat\u016bralus ir saugus. Silikoninis ka\u010di\u0173 kraikas yra 100 procent\u0173 nat\u016bralus, skaidomas bioorganizm\u0173, netoksi\u0161kas ir ekologi\u0161kas. Kvapo pasirinkimas. Rinkit\u0117s tarp skirting\u0173 produkto variant\u0173 &#8211; su gaiviu levand\u0173 arba apelsin\u0173 aromatu bei bekvapio kraiko. Nedulka. D\u0117ka specialios ka\u010di\u0173 kraiko granuli\u0173 formos ir dyd\u017eio, jis nelimpa prie j\u016bs\u0173 kat\u0117s kailio ir leten\u0173 bei&#8230;<\/p>","protected":false},"featured_media":19863,"comment_status":"closed","ping_status":"closed","template":"","meta":{"_acf_changed":false,"slim_seo":{"title":"Long Feng silikoninis kraikas kat\u0117ms 10L - Zooprekes24","description":"Long Fengi silikoonist kassipesu. Looduslik ja ohutu. Silikoonist kassipesu on 100% looduslik, biolagunev, mittetoksiline ja keskkonnas\u00f5bralik."},"iawp_total_views":234},"product_brand":[],"product_cat":[78,25,9009],"product_tag":[1873],"class_list":{"0":"post-22577","1":"product","2":"type-product","3":"status-publish","4":"has-post-thumbnail","6":"product_cat-higiena-ir-prieziura-katems","7":"product_cat-katems","8":"product_cat-kraikas","9":"product_tag-cats-best-okoplus-kraikas","10":"pa_kraiko-rusis-silikagelis","11":"pa_prekiu-zenklai-long-feng","13":"first","14":"outofstock","15":"sale","16":"featured","17":"taxable","18":"shipping-taxable","19":"purchasable","20":"product-type-variable"},"acf":[],"_links":{"self":[{"href":"https:\/\/zooprekes24.lt\/et\/wp-json\/wp\/v2\/product\/22577","targetHints":{"allow":["GET"]}}],"collection":[{"href":"https:\/\/zooprekes24.lt\/et\/wp-json\/wp\/v2\/product"}],"about":[{"href":"https:\/\/zooprekes24.lt\/et\/wp-json\/wp\/v2\/types\/product"}],"replies":[{"embeddable":true,"href":"https:\/\/zooprekes24.lt\/et\/wp-json\/wp\/v2\/comments?post=22577"}],"wp:featuredmedia":[{"embeddable":true,"href":"https:\/\/zooprekes24.lt\/et\/wp-json\/wp\/v2\/media\/19863"}],"wp:attachment":[{"href":"https:\/\/zooprekes24.lt\/et\/wp-json\/wp\/v2\/media?parent=22577"}],"wp:term":[{"taxonomy":"product_brand","embeddable":true,"href":"https:\/\/zooprekes24.lt\/et\/wp-json\/wp\/v2\/product_brand?post=22577"},{"taxonomy":"product_cat","embeddable":true,"href":"https:\/\/zooprekes24.lt\/et\/wp-json\/wp\/v2\/product_cat?post=22577"},{"taxonomy":"product_tag","embeddable":true,"href":"https:\/\/zooprekes24.lt\/et\/wp-json\/wp\/v2\/product_tag?post=22577"}],"curies":[{"name":"wp","href":"https:\/\/api.w.org\/{rel}","templated":true}]}}