{"id":22574,"date":"2024-04-19T13:03:23","date_gmt":"2024-04-19T10:03:23","guid":{"rendered":"https:\/\/zooprekes24.lt\/produktas\/brit-premium-by-nature-sport\/"},"modified":"2026-04-03T16:17:28","modified_gmt":"2026-04-03T14:17:28","slug":"brit-premium-by-nature-sport","status":"publish","type":"product","link":"https:\/\/zooprekes24.lt\/et\/produktas\/brit-premium-by-nature-sport\/","title":{"rendered":"Brit Premium by Nature Sport kuivtoit koertele"},"content":{"rendered":"<h3>Brit Premium by Nature Sport koeratoit, mis on spetsiaalselt koostatud aktiivsetele, suure ja eriti suure energiaga t\u00e4iskasvanud koertele, omab j\u00e4rgmisi koerte tervist ja seisundit m\u00f5jutavaid omadusi:<\/h3>\n<ul>\n<li>Optimaalse lihaskasvu tagavad Brit Premium by Nature Sport koeratoidus sisalduvad h\u00e4sti seeditavad valgud.<\/li>\n<li>Palju energiat. Selle toidu eriline koostis vastab koerte k\u00f5rgetele toitumisvajadustele.<\/li>\n<li>Suurep\u00e4rane seedimine. See toit sisaldab kergesti seeditavaid valke ja rasvu.<\/li>\n<li>Tugev immuunsus. Prebiootikumid (mannan ja fruktooligosahhariidid) ja looduslikud antioks\u00fcdandid tugevdavad koerte immuunsust.<\/li>\n<li>Soovitatav j\u00e4rgmistele t\u00f5ugudele: jahikoerad, t\u00f6\u00f6- v\u00f5i valvekoerad, jahikoerad. V\u00f5ib kasutada ka haigusest taastuvatele koertele.<\/li>\n<\/ul>\n<h3>Taime- ja puuviljaekstraktid (rosmariin, kurkum, tsitrusviljad ja nelk), mis sisalduvad <a href=\"https:\/\/brit-petfood.com\/en\/products\/264897-brit-premium-by-nature-sport\" target=\"_blank\" rel=\"noopener\">Brit Premium by Nature Sport<\/a> koeratoidus, m\u00f5ju koera tervisele ja v\u00e4limusele:<\/h3>\n<ul>\n<li>Suurep\u00e4rane antioks\u00fcdantide ja ens\u00fc\u00fcmide allikas, mis kaitseb rakke kahjustuste eest.<\/li>\n<li>Aitab parandada E-vitamiini imendumist ja kaitseb organismi vabade radikaalide eest.<\/li>\n<li>Parandab toidu maitset ja atraktiivsust.<\/li>\n<li>Aitab parandada rasvhapete imendumist toidust, nii et\u00a0<a href=\"https:\/\/zooprekes24.lt\/et\/toode\/brit-care-lassi-oli\/\" target=\"_blank\" rel=\"noopener\">parandab naha, karvkatte ja liigeste tervist<\/a>. Suurendab vananemisvastast toimet.<\/li>\n<\/ul>","protected":false},"excerpt":{"rendered":"<p>\u0160un\u0173 maistas Brit Premium by Nature Sport, sukurtas specialiai\u00a0aktyviems, dideli\u0173 ir ypa\u010d dideli\u0173 veisli\u0173 suaugusiems \u0161unims su dideliu energijos poreikiu,\u00a0pasi\u017eymi tokiomis savyb\u0117mis, turin\u010diomis \u012ftakos \u0161un\u0173 sveikatai ir b\u016bklei: Optimal\u0173 raumen\u0173\u00a0vystym\u0105si u\u017etikrina puikiai vir\u0161kinami baltymai, esantys Brit Premium by Nature Sport \u0161un\u0173 maisto sud\u0117tyje. Daug energijos. Ypatinga \u0161io maisto sud\u0117tis patenkina auk\u0161tus \u0161un\u0173 mitybos poreikius. Puikus&#8230;<\/p>","protected":false},"featured_media":19862,"comment_status":"closed","ping_status":"closed","template":"","meta":{"_acf_changed":false,"slim_seo":{"title":"Brit Premium by Nature Sport sausas maistas \u0161unims - Zooprekes24","description":"Brit Premium by Nature Sport on spetsiaalselt m\u00f5eldud aktiivsetele, suure ja eriti suure energiaga t\u00e4iskasvanud koertele, kes kuuluvad suurtele ja eriti suurtele t\u00f5ugudele."},"iawp_total_views":43},"product_brand":[],"product_cat":[9006,9002,8999,29,31],"product_tag":[353,177,260,200],"class_list":{"0":"post-22574","1":"product","2":"type-product","3":"status-publish","4":"has-post-thumbnail","6":"product_cat-brit-premium","7":"product_cat-sausas-maistas","8":"product_cat-sunims","9":"product_cat-sunu-maistas","10":"product_cat-sunu-prekiu-gamintojai","11":"product_tag-brit-sunu-edalas","12":"product_tag-edalas-sunims","13":"product_tag-maistas-alergiskiems-sunims","14":"product_tag-super-premium-maistas-sunims","15":"pa_pasaro-sudetis-uogos","16":"pa_pasaro-sudetis-vaisiai","17":"pa_pasaro-sudetis-vistiena","18":"pa_prekiu-zenklai-brit-premium","19":"pa_suns-amzius-suaugusiems","20":"pa_veisles-dydis-didelems-veislems","21":"pa_veisles-dydis-vidutinems-veislems","23":"first","24":"instock","25":"featured","26":"taxable","27":"shipping-taxable","28":"purchasable","29":"product-type-variable"},"acf":[],"_links":{"self":[{"href":"https:\/\/zooprekes24.lt\/et\/wp-json\/wp\/v2\/product\/22574","targetHints":{"allow":["GET"]}}],"collection":[{"href":"https:\/\/zooprekes24.lt\/et\/wp-json\/wp\/v2\/product"}],"about":[{"href":"https:\/\/zooprekes24.lt\/et\/wp-json\/wp\/v2\/types\/product"}],"replies":[{"embeddable":true,"href":"https:\/\/zooprekes24.lt\/et\/wp-json\/wp\/v2\/comments?post=22574"}],"wp:featuredmedia":[{"embeddable":true,"href":"https:\/\/zooprekes24.lt\/et\/wp-json\/wp\/v2\/media\/19862"}],"wp:attachment":[{"href":"https:\/\/zooprekes24.lt\/et\/wp-json\/wp\/v2\/media?parent=22574"}],"wp:term":[{"taxonomy":"product_brand","embeddable":true,"href":"https:\/\/zooprekes24.lt\/et\/wp-json\/wp\/v2\/product_brand?post=22574"},{"taxonomy":"product_cat","embeddable":true,"href":"https:\/\/zooprekes24.lt\/et\/wp-json\/wp\/v2\/product_cat?post=22574"},{"taxonomy":"product_tag","embeddable":true,"href":"https:\/\/zooprekes24.lt\/et\/wp-json\/wp\/v2\/product_tag?post=22574"}],"curies":[{"name":"wp","href":"https:\/\/api.w.org\/{rel}","templated":true}]}}