{"id":22567,"date":"2024-04-19T13:03:23","date_gmt":"2024-04-19T10:03:23","guid":{"rendered":"https:\/\/zooprekes24.lt\/produktas\/brit-premium-by-nature-adult-s\/"},"modified":"2026-04-03T14:58:25","modified_gmt":"2026-04-03T12:58:25","slug":"brit-premium-by-nature-taiskasvanute-s","status":"publish","type":"product","link":"https:\/\/zooprekes24.lt\/et\/produktas\/brit-premium-by-nature-adult-s\/","title":{"rendered":"Brit Premium By Nature Adult S kuivtoit koertele"},"content":{"rendered":"<h3>Brit Premium by Nature Adult S koeratoit, mis on spetsiaalselt koostatud v\u00e4ikest t\u00f5ugu (1-10 kg) t\u00e4iskasvanud koertele, omab j\u00e4rgmisi koerte tervist ja seisundit m\u00f5jutavaid omadusi:<\/h3>\n<ul>\n<li>Kiiltav, pehme karvkate ja terve nahk - need on omadused, mida Brit Premium by Nature Adult S koerad armastavad (t\u00e4nu l\u00f5he\u00f5lis sisalduvatele Omega-3-k\u00fcllastumata rasvhapetele).<\/li>\n<li>Tugev immuunsus. Prebiootikumid (mannan ja fruktooligosahhariidid) ja looduslikud antioks\u00fcdandid tugevdavad koerte immuunsust.<\/li>\n<li>Eluj\u00f5ulisuse tagavad piisavad vitamiinid ja mikroelemendid.<\/li>\n<li>Suurep\u00e4rane seedimine. See koeratoit sisaldab kergesti seeditavaid valke ja rasvu.<\/li>\n<\/ul>\n<h3>Taime- ja puuviljaekstraktid (rosmariin, kurkum, tsitrusviljad ja nelk), mis sisalduvad <a href=\"https:\/\/brit-petfood.com\/en\/products\/264807-brit-premium-by-nature-adult-s\" target=\"_blank\" rel=\"noopener\">Brit Premium by Nature Adult S<\/a> koeratoidus, m\u00f5ju koera tervisele ja v\u00e4limusele:<\/h3>\n<ul>\n<li>Suurep\u00e4rane antioks\u00fcdantide ja ens\u00fc\u00fcmide allikas, mis kaitseb rakke kahjustuste eest.<\/li>\n<li>Aitab parandada E-vitamiini imendumist ja kaitseb organismi vabade radikaalide eest.<\/li>\n<li>Parandab toidu maitset ja atraktiivsust.<\/li>\n<li>Aitab parandada rasvhapete imendumist toidust, nii et\u00a0<a href=\"https:\/\/zooprekes24.lt\/et\/toode\/brit-care-lassi-oli\/\" target=\"_blank\" rel=\"noopener\">parandab naha, karvkatte ja liigeste tervist<\/a>. Suurendab vananemisvastast toimet.<\/li>\n<\/ul>","protected":false},"excerpt":{"rendered":"<p>\u0160un\u0173 maistas\u00a0Brit Premium by Nature Adult S,\u00a0sukurtas specialiai\u00a0ma\u017e\u0173 veisli\u0173 (1-10 kg) suaugusiems \u0161unims, pasi\u017eymi tokiomis savyb\u0117mis, turin\u010diomis \u012ftakos \u0161un\u0173 sveikatai ir b\u016bklei: Blizgantis, mink\u0161tas kailis ir sveika oda\u00a0\u2013 tokiomis savyb\u0117mis pasi\u017eymi Brit Premium by Nature Adult S m\u0117gstantys \u0161unys (d\u0117ka Omega 3 neso\u010di\u0173j\u0173 riebal\u0173 r\u016bg\u0161\u010di\u0173, esan\u010di\u0173 la\u0161i\u0161os aliejuje). Stiprus imunitetas.\u00a0Prebiotikai (manano ir fruktooligosacharidai) ir nat\u016bral\u016bs&#8230;<\/p>","protected":false},"featured_media":17570,"comment_status":"closed","ping_status":"closed","template":"","meta":{"_acf_changed":false,"slim_seo":{"title":"Brit Premium By Nature Adult S sausas maistas \u0161unims - Zooprekes24","description":"Brit Premium by Nature Adult S koeratoit, mis on spetsiaalselt m\u00f5eldud v\u00e4ikestele t\u00f5ugudele (1-10 kg) t\u00e4iskasvanud koertele, omab j\u00e4rgmisi omadusi, mis m\u00f5jutavad koera"},"iawp_total_views":44},"product_brand":[],"product_cat":[9006,9002,8999,29,31],"product_tag":[353,177,200],"class_list":{"0":"post-22567","1":"product","2":"type-product","3":"status-publish","4":"has-post-thumbnail","6":"product_cat-brit-premium","7":"product_cat-sausas-maistas","8":"product_cat-sunims","9":"product_cat-sunu-maistas","10":"product_cat-sunu-prekiu-gamintojai","11":"product_tag-brit-sunu-edalas","12":"product_tag-edalas-sunims","13":"product_tag-super-premium-maistas-sunims","14":"pa_pasaro-sudetis-uogos","15":"pa_pasaro-sudetis-vaisiai","16":"pa_pasaro-sudetis-vistiena","17":"pa_prekiu-zenklai-brit-premium","18":"pa_suns-amzius-suaugusiems","19":"pa_veisles-dydis-mazoms-veislems","21":"first","22":"instock","23":"featured","24":"taxable","25":"shipping-taxable","26":"purchasable","27":"product-type-variable"},"acf":[],"_links":{"self":[{"href":"https:\/\/zooprekes24.lt\/et\/wp-json\/wp\/v2\/product\/22567","targetHints":{"allow":["GET"]}}],"collection":[{"href":"https:\/\/zooprekes24.lt\/et\/wp-json\/wp\/v2\/product"}],"about":[{"href":"https:\/\/zooprekes24.lt\/et\/wp-json\/wp\/v2\/types\/product"}],"replies":[{"embeddable":true,"href":"https:\/\/zooprekes24.lt\/et\/wp-json\/wp\/v2\/comments?post=22567"}],"wp:featuredmedia":[{"embeddable":true,"href":"https:\/\/zooprekes24.lt\/et\/wp-json\/wp\/v2\/media\/17570"}],"wp:attachment":[{"href":"https:\/\/zooprekes24.lt\/et\/wp-json\/wp\/v2\/media?parent=22567"}],"wp:term":[{"taxonomy":"product_brand","embeddable":true,"href":"https:\/\/zooprekes24.lt\/et\/wp-json\/wp\/v2\/product_brand?post=22567"},{"taxonomy":"product_cat","embeddable":true,"href":"https:\/\/zooprekes24.lt\/et\/wp-json\/wp\/v2\/product_cat?post=22567"},{"taxonomy":"product_tag","embeddable":true,"href":"https:\/\/zooprekes24.lt\/et\/wp-json\/wp\/v2\/product_tag?post=22567"}],"curies":[{"name":"wp","href":"https:\/\/api.w.org\/{rel}","templated":true}]}}