{"id":22558,"date":"2024-04-19T13:03:06","date_gmt":"2024-04-19T10:03:06","guid":{"rendered":"https:\/\/zooprekes24.lt\/produktas\/brit-premium-by-nature-senior-s-m\/"},"modified":"2026-04-03T16:14:42","modified_gmt":"2026-04-03T14:14:42","slug":"brit-premium-by-nature-senior-s-m","status":"publish","type":"product","link":"https:\/\/zooprekes24.lt\/et\/produktas\/brit-premium-by-nature-senior-s-m\/","title":{"rendered":"Brit Premium by Nature Senior S\/M kuivtoit koertele"},"content":{"rendered":"<h3>Brit Premium by Nature Senior S\/M koeratoit, mis on spetsiaalselt vanematele keskmise suurusega t\u00f5ugudele m\u00f5eldud, omab j\u00e4rgmisi koerte tervist ja seisundit m\u00f5jutavaid omadusi:<\/h3>\n<ul>\n<li>Vananemisvastane tegur. Selles koeratoidus sisalduv E-vitamiin ja orgaaniline seleen aeglustavad vananemist ja kaitsevad rakke vabade radikaalide eest.<\/li>\n<li>Suurep\u00e4rane seedimine. See koeratoit sisaldab kergesti seeditavaid valke ja rasvu.<\/li>\n<li>Terve luustik. Optimaalne kaltsiumi ja fosfori suhe tagab terved luud ja terve skeleti.<\/li>\n<li>Terve s\u00fcda. Omega-3-rasvad ja looduslikud antioks\u00fcdandid tugevdavad s\u00fcdant.<\/li>\n<\/ul>\n<h3>5 taime- ja puuviljaekstrakti (rosmariin, viinamarjade pressimisj\u00e4\u00e4k, kurkum, tsitrusviljad ja nelk), mis sisalduvad j\u00e4rgmistes ainetes <a href=\"https:\/\/brit-petfood.com\/en\/products\/264810-brit-premium-by-nature-senior-s-m\" target=\"_blank\" rel=\"noopener\">Brit Premium by Nature Senior S\/M<\/a> koeratoidus, m\u00f5ju koera tervisele ja v\u00e4limusele:<\/h3>\n<ul>\n<li>Parandab toidu maitset ja atraktiivsust.<\/li>\n<li>Suurep\u00e4rane antioks\u00fcdantide ja ens\u00fc\u00fcmide allikas, mis kaitseb rakke kahjustuste eest.<\/li>\n<li>Aitab parandada E-vitamiini imendumist ja kaitseb organismi vabade radikaalide eest.<\/li>\n<li>Aitab parandada rasvhapete imendumist toidust, nii et\u00a0<a href=\"https:\/\/zooprekes24.lt\/et\/toode\/brit-care-lassi-oli\/\" target=\"_blank\" rel=\"noopener\">parandab naha, karvkatte ja liigeste tervist<\/a>. Suurendab vananemisvastast toimet.<\/li>\n<\/ul>","protected":false},"excerpt":{"rendered":"<p>\u0160un\u0173 maistas Brit Premium by Nature Senior S\/M,\u00a0sukurtas specialiai\u00a0vyresnio am\u017eiaus vidutinio dyd\u017eio veisli\u0173 \u0161unims,\u00a0pasi\u017eymi tokiomis savyb\u0117mis, turin\u010diomis \u012ftakos \u0161un\u0173 sveikatai ir b\u016bklei: Anti-sen\u0117jimo veiksnys.\u00a0Vitaminas E ir organinis selenas, esantys \u0161io maisto \u0161unims sud\u0117tyje, l\u0117tina sen\u0117jim\u0105, saugo l\u0105steles nuo laisv\u0173j\u0173 radikal\u0173. Puikus vir\u0161kinimas.\u00a0\u0160io maisto \u0161unims sud\u0117tyje yra lengvai vir\u0161kinam\u0173 baltym\u0173 ir riebal\u0173. Sveikas skeletas. Optimalus kalcio&#8230;<\/p>","protected":false},"featured_media":19855,"comment_status":"closed","ping_status":"closed","template":"","meta":{"_acf_changed":false,"slim_seo":{"title":"Brit Premium by Nature Senior S\/M sausas maistas \u0161unims - Zooprekes24","description":"Brit Premium by Nature Senior S\/M, mis on spetsiaalselt vanematele keskmise suurusega t\u00f5ugudele m\u00f5eldud, on j\u00e4rgmiste omadustega"},"iawp_total_views":87},"product_brand":[],"product_cat":[9006,9002,8999,29,31],"product_tag":[353,177,200],"class_list":{"0":"post-22558","1":"product","2":"type-product","3":"status-publish","4":"has-post-thumbnail","6":"product_cat-brit-premium","7":"product_cat-sausas-maistas","8":"product_cat-sunims","9":"product_cat-sunu-maistas","10":"product_cat-sunu-prekiu-gamintojai","11":"product_tag-brit-sunu-edalas","12":"product_tag-edalas-sunims","13":"product_tag-super-premium-maistas-sunims","14":"pa_pasaro-sudetis-uogos","15":"pa_pasaro-sudetis-vaisiai","16":"pa_pasaro-sudetis-vistiena","17":"pa_prekiu-zenklai-brit-premium","18":"pa_suns-amzius-senjorams","19":"pa_veisles-dydis-mazoms-veislems","20":"pa_veisles-dydis-vidutinems-veislems","22":"first","23":"instock","24":"featured","25":"taxable","26":"shipping-taxable","27":"purchasable","28":"product-type-variable"},"acf":[],"_links":{"self":[{"href":"https:\/\/zooprekes24.lt\/et\/wp-json\/wp\/v2\/product\/22558","targetHints":{"allow":["GET"]}}],"collection":[{"href":"https:\/\/zooprekes24.lt\/et\/wp-json\/wp\/v2\/product"}],"about":[{"href":"https:\/\/zooprekes24.lt\/et\/wp-json\/wp\/v2\/types\/product"}],"replies":[{"embeddable":true,"href":"https:\/\/zooprekes24.lt\/et\/wp-json\/wp\/v2\/comments?post=22558"}],"wp:featuredmedia":[{"embeddable":true,"href":"https:\/\/zooprekes24.lt\/et\/wp-json\/wp\/v2\/media\/19855"}],"wp:attachment":[{"href":"https:\/\/zooprekes24.lt\/et\/wp-json\/wp\/v2\/media?parent=22558"}],"wp:term":[{"taxonomy":"product_brand","embeddable":true,"href":"https:\/\/zooprekes24.lt\/et\/wp-json\/wp\/v2\/product_brand?post=22558"},{"taxonomy":"product_cat","embeddable":true,"href":"https:\/\/zooprekes24.lt\/et\/wp-json\/wp\/v2\/product_cat?post=22558"},{"taxonomy":"product_tag","embeddable":true,"href":"https:\/\/zooprekes24.lt\/et\/wp-json\/wp\/v2\/product_tag?post=22558"}],"curies":[{"name":"wp","href":"https:\/\/api.w.org\/{rel}","templated":true}]}}