{"id":22521,"date":"2024-04-19T13:02:37","date_gmt":"2024-04-19T10:02:37","guid":{"rendered":"https:\/\/zooprekes24.lt\/produktas\/royal-canin-yorkshire-terrier-adult\/"},"modified":"2026-02-27T11:22:16","modified_gmt":"2026-02-27T09:22:16","slug":"royal-canin-yorkshire-terjer-taiskasvanud","status":"publish","type":"product","link":"https:\/\/zooprekes24.lt\/et\/produktas\/royal-canin-yorkshire-terrier-adult\/","title":{"rendered":"Royal Canin Yorkshire Terrier Adult kuivtoit koertele"},"content":{"rendered":"<h3>Royal Canin Yorkshire Terrier Adult on t\u00e4iss\u00f6\u00f6t t\u00e4iskasvanud Yorkshire terjeritele. Isegi <a href=\"https:\/\/www.youtube.com\/watch?reload=9&amp;reload=9&amp;v=FYwO1fiYoa8\" target=\"_blank\" rel=\"noopener noreferrer\">k\u00f5ige n\u00f5udlikumatele koertele<\/a> Sulle meelep\u00e4rane toit aitab s\u00e4ilitada ilusat karvkatte, lisab eluj\u00f5udu ja takistab hambakivi teket.<\/h3>\n<ul>\n<li>V\u00e4\u00e4vlit sisaldavate aminohapete optimaalne kogus toidus on oluline juuste keratiini s\u00fcnteesiks, mis aitab s\u00e4ilitada karvkatte.<\/li>\n<li>Kurgi\u00f5li, rasvhapped ja vitamiinid <a href=\"https:\/\/zooprekes24.lt\/et\/toode\/brit-care-lassi-oli\/\" target=\"_blank\" rel=\"noopener noreferrer\">Annab karvale s\u00e4ra, pehmuse ja niiskuse.<\/a>.<\/li>\n<li>Toidus olevad kelaativad ained takistavad hambakivi moodustumist.<\/li>\n<li><a href=\"https:\/\/www.royalcanin.com\/lt\/about-us\/quality-and-food-safety\" target=\"_blank\" rel=\"noopener noreferrer\">Erakordsete maitsete kombinatsioon<\/a> rahuldab ka k\u00f5ige n\u00f5udlikumate gurmaanide isu.<\/li>\n<\/ul>\n<p><img loading=\"lazy\" decoding=\"async\" class=\"alignnone wp-image-26178\" src=\"https:\/\/zooprekes24.lt\/wp-content\/uploads\/yorkshire-terrier.jpg\" alt=\"Royal Canin Yorkshire terjeri logo\" width=\"350\" height=\"262\" srcset=\"https:\/\/zooprekes24.lt\/wp-content\/uploads\/yorkshire-terrier.jpg 640w, https:\/\/zooprekes24.lt\/wp-content\/uploads\/yorkshire-terrier-300x225.jpg 300w, https:\/\/zooprekes24.lt\/wp-content\/uploads\/yorkshire-terrier-600x450.jpg 600w, https:\/\/zooprekes24.lt\/wp-content\/uploads\/yorkshire-terrier-64x48.jpg 64w\" sizes=\"auto, (max-width: 350px) 100vw, 350px\" \/><\/p>","protected":false},"excerpt":{"rendered":"<p>Royal Canin Yorkshire Terrier Adult &#8211; visavertis sausas maistas skirtas suaugusiems Jork\u0161yro terjerams. Net ir i\u0161rankiausiems \u0161unims patinkantis maistas padeda i\u0161laikyti gra\u017e\u0173 kail\u012f, suteikia gyvybingumo bei stabdo dant\u0173 akmen\u0173 susidarym\u0105. Optimalus sieros turin\u010di\u0173 aminor\u016bg\u0161\u010di\u0173 kiekis esantis maiste yra b\u016btinas plauk\u0173 keratino sintezei, kuris padeda puosel\u0117ti kailiuk\u0105. Agurkl\u0117s aliejus, riebal\u0173 r\u016bg\u0161tys ir vitaminai suteikia kailiui \u017evilgesio,&#8230;<\/p>","protected":false},"featured_media":19834,"comment_status":"closed","ping_status":"closed","template":"","meta":{"_acf_changed":false,"slim_seo":{"title":"Royal Canin Yorkshire Terrier Adult sausas maistas \u0161unims - Zooprekes24","description":"Royal Canin Yorkshire Terrier Adult on t\u00e4iss\u00f6\u00f6t t\u00e4iskasvanud Yorkshire terjeritele. Toit, mida armastavad ka k\u00f5ige valivamad koerad, see aitab"},"iawp_total_views":380},"product_brand":[],"product_cat":[9012,9002,8999,29,31],"product_tag":[176,177,1407,200],"class_list":{"0":"post-22521","1":"product","2":"type-product","3":"status-publish","4":"has-post-thumbnail","6":"product_cat-royal-canin","7":"product_cat-sausas-maistas","8":"product_cat-sunims","9":"product_cat-sunu-maistas","10":"product_cat-sunu-prekiu-gamintojai","11":"product_tag-begrudis-sunu-maistas","12":"product_tag-edalas-sunims","13":"product_tag-royal-canin-jorksyrams","14":"product_tag-super-premium-maistas-sunims","15":"pa_pasaro-sudetis-ryziai","16":"pa_pasaro-sudetis-vistiena","17":"pa_prekiu-zenklai-royal-canin","18":"pa_suns-amzius-suaugusiems","19":"pa_veisles-dydis-mazoms-veislems","21":"first","22":"instock","23":"sale","24":"featured","25":"taxable","26":"shipping-taxable","27":"purchasable","28":"product-type-variable"},"acf":[],"_links":{"self":[{"href":"https:\/\/zooprekes24.lt\/et\/wp-json\/wp\/v2\/product\/22521","targetHints":{"allow":["GET"]}}],"collection":[{"href":"https:\/\/zooprekes24.lt\/et\/wp-json\/wp\/v2\/product"}],"about":[{"href":"https:\/\/zooprekes24.lt\/et\/wp-json\/wp\/v2\/types\/product"}],"replies":[{"embeddable":true,"href":"https:\/\/zooprekes24.lt\/et\/wp-json\/wp\/v2\/comments?post=22521"}],"wp:featuredmedia":[{"embeddable":true,"href":"https:\/\/zooprekes24.lt\/et\/wp-json\/wp\/v2\/media\/19834"}],"wp:attachment":[{"href":"https:\/\/zooprekes24.lt\/et\/wp-json\/wp\/v2\/media?parent=22521"}],"wp:term":[{"taxonomy":"product_brand","embeddable":true,"href":"https:\/\/zooprekes24.lt\/et\/wp-json\/wp\/v2\/product_brand?post=22521"},{"taxonomy":"product_cat","embeddable":true,"href":"https:\/\/zooprekes24.lt\/et\/wp-json\/wp\/v2\/product_cat?post=22521"},{"taxonomy":"product_tag","embeddable":true,"href":"https:\/\/zooprekes24.lt\/et\/wp-json\/wp\/v2\/product_tag?post=22521"}],"curies":[{"name":"wp","href":"https:\/\/api.w.org\/{rel}","templated":true}]}}