{"id":22519,"date":"2024-04-19T13:02:37","date_gmt":"2024-04-19T10:02:37","guid":{"rendered":"https:\/\/zooprekes24.lt\/produktas\/royal-canin-light-weight-care\/"},"modified":"2026-02-27T06:29:56","modified_gmt":"2026-02-27T04:29:56","slug":"royal-canin-light-weight-care","status":"publish","type":"product","link":"https:\/\/zooprekes24.lt\/et\/produktas\/royal-canin-light-weight-care\/","title":{"rendered":"Royal Canin Light Weight Care kasside kuivtoit"},"content":{"rendered":"<h3>Royal Canin Light Weight Care &#8211; <a href=\"https:\/\/www.royalcanin.com\/lt\/about-us\/quality-and-food-safety\" target=\"_blank\" rel=\"noopener noreferrer\">tasakaalustatud toitumisvalem<\/a>aidata s\u00e4ilitada kassi optimaalset kehakonda ja v\u00e4ltida tema \u00fclekaalulisust. <a href=\"https:\/\/www.youtube.com\/watch?reload=9&amp;reload=9&amp;v=FYwO1fiYoa8\" target=\"_blank\" rel=\"noopener noreferrer\">Spetsiaalne kiudude segu<\/a>, aidates teil hoida t\u00e4isk\u00f5hutunnet p\u00e4rast v\u00e4iksemat toidu tarbimist.<\/h3>\n<ul>\n<li>See toit v\u00e4hendab lemmiklooma kaloraa\u017ei umbes 17%, rahuldades samas tema isu ja k\u00fcllastusvajadust.<\/li>\n<li>T\u00f5endid selle kohta, et Royal Canin Light Weight Care'iga toidetud kass, mis sisaldab <a href=\"https:\/\/zooprekes24.lt\/et\/?s=ultra+light&amp;post_type=product&amp;product_cat=0\" target=\"_blank\" rel=\"noopener noreferrer\">k\u00f5rge kiudainesisaldusega ja plantain<\/a>, tarbides oluliselt v\u00e4hem kaloreid.<\/li>\n<li>S\u00e4ilitab lihasmassi ja v\u00e4hendab rasva. K\u00f5rge valgusisaldus (40%) aitab s\u00e4ilitada lihasmassi ja L-karnitiin aitab kassil paremini rasva lagundada.<\/li>\n<li>Koostatud tasakaalustatud mineraalidega, mis aitavad s\u00e4ilitada t\u00e4iskasvanud kassi uriinis\u00fcsteemi tervist.<\/li>\n<\/ul>\n<p><img loading=\"lazy\" decoding=\"async\" class=\"\" src=\"https:\/\/zooprekes24.lt\/wp-content\/uploads\/bc47h-hub-scottish-straight-adult-black-and-white-12.jpeg\" width=\"402\" height=\"302\" \/><\/p>","protected":false},"excerpt":{"rendered":"<p>Royal Canin Light Weight Care &#8211; subalansuota mitybos formul\u0117, padedanti palaikyti optimali\u0105 kat\u0117s k\u016bno b\u016bkl\u0119, u\u017ekertant keli\u0105 vir\u0161svorio susidarymui. Specialus skaidul\u0173 mi\u0161inys, padeda u\u017etikrinti sotumo jausm\u0105, suvartojus ma\u017eesn\u012f kiek\u012f maisto. Naudojant \u0161\u012f maist\u0105 augintinis suvartoja apie 17 proc. ma\u017eiau kalorij\u0173, ta\u010diau patenkinamas jo apetito ir sotumo jausmo poreikis. \u012erodyta, kad kat\u0117 \u0161eriama Royal Canin Light&#8230;<\/p>","protected":false},"featured_media":19833,"comment_status":"closed","ping_status":"closed","template":"","meta":{"_acf_changed":false,"slim_seo":{"title":"Royal Canin Light Weight Care sausas maistas kat\u0117ms - Zooprekes24","description":"Royal Canin Light Weight Care - subalansuota mitybos formul\u0117 , padedanti palaikyti optimali\u0105 kat\u0117s k\u016bno b\u016bkl\u0119, u\u017ekertant keli\u0105 vir\u0161svorio susidarymui. Specialus"},"iawp_total_views":324},"product_brand":[],"product_cat":[72,83,25,9019,9016],"product_tag":[1671,1675,1682,1696],"class_list":{"0":"post-22519","1":"product","2":"type-product","3":"status-publish","4":"has-post-thumbnail","6":"product_cat-kaciu-maistas","7":"product_cat-kaciu-prekiu-gamintojai","8":"product_cat-katems","9":"product_cat-royal-canin-kaciu-prekiu-gamintojai","10":"product_cat-sausas-maistas-kaciu-maistas","11":"product_tag-begrudis-kaciu-maistas","12":"product_tag-kaciu-edalas","13":"product_tag-kaciu-maistas-super-premium-klases","14":"product_tag-super-premium-maistas-katems","15":"pa_pasaro-sudetis-ryziai","16":"pa_pasaro-sudetis-vistiena","17":"pa_prekiu-zenklai-royal-canin","19":"first","20":"instock","21":"sale","22":"featured","23":"taxable","24":"shipping-taxable","25":"purchasable","26":"product-type-variable"},"acf":[],"_links":{"self":[{"href":"https:\/\/zooprekes24.lt\/et\/wp-json\/wp\/v2\/product\/22519","targetHints":{"allow":["GET"]}}],"collection":[{"href":"https:\/\/zooprekes24.lt\/et\/wp-json\/wp\/v2\/product"}],"about":[{"href":"https:\/\/zooprekes24.lt\/et\/wp-json\/wp\/v2\/types\/product"}],"replies":[{"embeddable":true,"href":"https:\/\/zooprekes24.lt\/et\/wp-json\/wp\/v2\/comments?post=22519"}],"wp:featuredmedia":[{"embeddable":true,"href":"https:\/\/zooprekes24.lt\/et\/wp-json\/wp\/v2\/media\/19833"}],"wp:attachment":[{"href":"https:\/\/zooprekes24.lt\/et\/wp-json\/wp\/v2\/media?parent=22519"}],"wp:term":[{"taxonomy":"product_brand","embeddable":true,"href":"https:\/\/zooprekes24.lt\/et\/wp-json\/wp\/v2\/product_brand?post=22519"},{"taxonomy":"product_cat","embeddable":true,"href":"https:\/\/zooprekes24.lt\/et\/wp-json\/wp\/v2\/product_cat?post=22519"},{"taxonomy":"product_tag","embeddable":true,"href":"https:\/\/zooprekes24.lt\/et\/wp-json\/wp\/v2\/product_tag?post=22519"}],"curies":[{"name":"wp","href":"https:\/\/api.w.org\/{rel}","templated":true}]}}