{"id":22515,"date":"2024-04-19T13:01:51","date_gmt":"2024-04-19T10:01:51","guid":{"rendered":"https:\/\/zooprekes24.lt\/produktas\/royal-canin-hair-and-skin-care\/"},"modified":"2026-02-27T06:33:16","modified_gmt":"2026-02-27T04:33:16","slug":"royal-canin-hair-and-skin-care","status":"publish","type":"product","link":"https:\/\/zooprekes24.lt\/et\/produktas\/royal-canin-hair-and-skin-care\/","title":{"rendered":"Royal Canin Hair &amp; Skin Care kasside kuivtoit"},"content":{"rendered":"<h3>Royal Canin Hair &amp; Skin Care &#8211; maisto sud\u0117tyje <a href=\"https:\/\/www.youtube.com\/watch?reload=9&amp;reload=9&amp;v=FYwO1fiYoa8\" target=\"_blank\" rel=\"noopener noreferrer\">eriline, t\u00e4pselt tasakaalustatud valem<\/a>et aidata s\u00e4ilitada teie lemmiklooma tervislikku nahka ja karvkatte. On t\u00f5estatud, et see toit aitab teie kassi karvkattele s\u00e4ra anda juba 21 p\u00e4eva p\u00e4rast.<\/h3>\n<ul>\n<li>T\u00e4iskasvanud kassidele, kellel on tundlik nahk ja n\u00f5rk karvkate.<\/li>\n<li><a href=\"https:\/\/www.royalcanin.com\/lt\/about-us\/quality-and-food-safety\" target=\"_blank\" rel=\"noopener noreferrer\">Hoolikalt valitud materjalidega<\/a>aidata hoida teie lemmiklooma nahka tervena.<\/li>\n<li>Aminohapete, B-vitamiini, tsingi ja vase kombinatsioon annab kassi karvale ja nahale niiskust, stimuleerides keratiini s\u00fcnteesi.<\/li>\n<li>Royal Canin Hair &amp; Skin Care sisaldab soja- ja boorage\u00f5li (v\u00e4ga k\u00f5rge gammalinoolhappe sisaldusega) ja kala\u00f5li (<a href=\"https:\/\/zooprekes24.lt\/et\/toode\/brit-care-lassi-oli\/\" target=\"_blank\" rel=\"noopener noreferrer\">rikkalikult oomega 3<\/a>) lisab karvale veelgi rohkem s\u00e4ra.<\/li>\n<\/ul>\n<p><img loading=\"lazy\" decoding=\"async\" class=\"\" src=\"https:\/\/zooprekes24.lt\/wp-content\/uploads\/bc50h-hub-siberian-adult-black-and-white-6.jpeg\" width=\"350\" height=\"262\" \/><\/p>","protected":false},"excerpt":{"rendered":"<p>Royal Canin Hair &amp; Skin Care &#8211; maisto sud\u0117tyje ypatinga, tiksliai subalansuota formul\u0117, padedanti palaikyti sveik\u0105 augintinio odos ir kailio b\u016bkl\u0119. \u012erodyta, jog naudojant \u0161\u012f maist\u0105 kat\u0117s kailis pradeda \u017evilg\u0117ti jau po 21 dienos. Skirta suaugusioms kat\u0117ms, turin\u010dioms jautri\u0105 od\u0105 ir silpn\u0105 kail\u012f. Su kruop\u0161\u010diai atrinktomis med\u017eiagomis, padedan\u010diomis i\u0161laikyti sveik\u0105 augintinio odos b\u016bkl\u0119. Aminor\u016bg\u0161\u010di\u0173, vitamino&#8230;<\/p>","protected":false},"featured_media":19829,"comment_status":"closed","ping_status":"closed","template":"","meta":{"_acf_changed":false,"slim_seo":{"title":"Royal Canin Hair & Skin Care sausas maistas kat\u0117ms - Zooprekes24","description":"Royal Canin Hair &amp; Skin Care - maisto sud\u0117tyje ypatinga, tiksliai subalansuota formul\u0117 , padedanti palaikyti sveik\u0105 augintinio odos ir kailio b\u016bkl\u0119. \u012erodyta"},"iawp_total_views":331},"product_brand":[],"product_cat":[72,83,25,9019,9016],"product_tag":[1671,1675,1682,1696],"class_list":{"0":"post-22515","1":"product","2":"type-product","3":"status-publish","4":"has-post-thumbnail","6":"product_cat-kaciu-maistas","7":"product_cat-kaciu-prekiu-gamintojai","8":"product_cat-katems","9":"product_cat-royal-canin-kaciu-prekiu-gamintojai","10":"product_cat-sausas-maistas-kaciu-maistas","11":"product_tag-begrudis-kaciu-maistas","12":"product_tag-kaciu-edalas","13":"product_tag-kaciu-maistas-super-premium-klases","14":"product_tag-super-premium-maistas-katems","15":"pa_pasaro-sudetis-ryziai","16":"pa_pasaro-sudetis-vistiena","17":"pa_prekiu-zenklai-royal-canin","19":"first","20":"instock","21":"sale","22":"featured","23":"taxable","24":"shipping-taxable","25":"purchasable","26":"product-type-variable"},"acf":[],"_links":{"self":[{"href":"https:\/\/zooprekes24.lt\/et\/wp-json\/wp\/v2\/product\/22515","targetHints":{"allow":["GET"]}}],"collection":[{"href":"https:\/\/zooprekes24.lt\/et\/wp-json\/wp\/v2\/product"}],"about":[{"href":"https:\/\/zooprekes24.lt\/et\/wp-json\/wp\/v2\/types\/product"}],"replies":[{"embeddable":true,"href":"https:\/\/zooprekes24.lt\/et\/wp-json\/wp\/v2\/comments?post=22515"}],"wp:featuredmedia":[{"embeddable":true,"href":"https:\/\/zooprekes24.lt\/et\/wp-json\/wp\/v2\/media\/19829"}],"wp:attachment":[{"href":"https:\/\/zooprekes24.lt\/et\/wp-json\/wp\/v2\/media?parent=22515"}],"wp:term":[{"taxonomy":"product_brand","embeddable":true,"href":"https:\/\/zooprekes24.lt\/et\/wp-json\/wp\/v2\/product_brand?post=22515"},{"taxonomy":"product_cat","embeddable":true,"href":"https:\/\/zooprekes24.lt\/et\/wp-json\/wp\/v2\/product_cat?post=22515"},{"taxonomy":"product_tag","embeddable":true,"href":"https:\/\/zooprekes24.lt\/et\/wp-json\/wp\/v2\/product_tag?post=22515"}],"curies":[{"name":"wp","href":"https:\/\/api.w.org\/{rel}","templated":true}]}}