{"id":22509,"date":"2024-04-19T13:01:51","date_gmt":"2024-04-19T10:01:51","guid":{"rendered":"https:\/\/zooprekes24.lt\/produktas\/royal-canin-sensible\/"},"modified":"2026-02-27T07:09:44","modified_gmt":"2026-02-27T05:09:44","slug":"royal-canin-sensible","status":"publish","type":"product","link":"https:\/\/zooprekes24.lt\/et\/produktas\/royal-canin-sensible\/","title":{"rendered":"Royal Canin Sensible kasside kuivtoit"},"content":{"rendered":"<h3>Royal Canin Sensible &#8211; pa\u0161aro sud\u0117tyje <a href=\"https:\/\/www.royalcanin.com\/lt\/about-us\/quality-and-food-safety\" target=\"_blank\" rel=\"noopener noreferrer\">hoolikalt valitud valgud<\/a> ja mikrofloora tasakaalustavaid elemente.<\/h3>\n<ul>\n<li>M\u00f5nedel kassidel on seedetrakti tundlikkus, mille tulemuseks on pehme v\u00e4ljaheide. Royal Canin Sensible sisaldab <a href=\"https:\/\/www.youtube.com\/watch?reload=9&amp;reload=9&amp;v=FYwO1fiYoa8\" target=\"_blank\" rel=\"noopener noreferrer\">erakordne toitainete kombinatsioon<\/a>optimaalse seedimise ohutuse tagamiseks (L.I.P. *) ja prebiootikumid (sh FOS), et toetada tasakaalustatud soolestiku floorat. * L.I.P.: valgud, mis on valitud v\u00e4ga k\u00f5rge seeditavuse t\u00f5ttu.<\/li>\n<li>Kolm erinevat pelletivormi ja atraktiivne koostis hoolikalt valitud looduslike l\u00f5hna- ja maitseainetega, et stimuleerida tundlike kasside s\u00f6\u00f6misk\u00e4itumist.<\/li>\n<li>Suurema energiatiheduse tulemusel s\u00fc\u00fcakse v\u00e4hem toitu, mis v\u00e4hendab kasside arvu, <a href=\"https:\/\/zooprekes24.lt\/et\/toode\/royal-canin-digest-sensitive-konservas-padaze-85-g\/\" target=\"_blank\" rel=\"noopener noreferrer\">tundliku k\u00f5huga<\/a>, seedetrakti koormus.<\/li>\n<li>Su specifin\u0117mis maisto sud\u0117tyje esan\u010diomis med\u017eiagomis &#8211; runkeli\u0173 mink\u0161timu ir oligo-sacharidais, kurie skatina \u017earnyno floros veikl\u0105.<\/li>\n<li>M\u00f5eldud t\u00e4iskasvanud kassi uriinitervise toetamiseks.<\/li>\n<\/ul>\n<p><img loading=\"lazy\" decoding=\"async\" class=\"\" src=\"https:\/\/zooprekes24.lt\/wp-content\/uploads\/bc38-hub-manx-adult-black-and-white-9.jpeg\" width=\"350\" height=\"262\" \/><\/p>","protected":false},"excerpt":{"rendered":"<p>Royal Canin Sensible &#8211; pa\u0161aro sud\u0117tyje kruop\u0161\u010diai atrinkti baltymai ir mikroflor\u0105 subalansuojantys elementai. Kai kurioms kat\u0117ms b\u016bdingas vir\u0161kinimo jautrumas, d\u0117l kurio atsiranda mink\u0161tos i\u0161matos. Royal Canin Sensible sud\u0117tyje yra i\u0161skirtinis maistini\u0173 med\u017eiag\u0173 derinys, u\u017etikrinantis optimal\u0173 vir\u0161kinimo saugum\u0105 (L.I.P. *) ir prebiotikai (\u012fskaitant FOS) subalansuotai \u017earnyno florai palaikyti. * L.I.P .: baltymai, pasirinkti d\u0117l labai auk\u0161to&#8230;<\/p>","protected":false},"featured_media":30617,"comment_status":"closed","ping_status":"closed","template":"","meta":{"_acf_changed":false,"slim_seo":{"title":"Royal Canin Sensible sausas maistas kat\u0117ms - Zooprekes24","description":"Royal Canin Sensible - pa\u0161aro sud\u0117tyje kruop\u0161\u010diai atrinkti baltymai ir mikroflor\u0105 subalansuojantys elementai. Kai kurioms kat\u0117ms b\u016bdingas vir\u0161kinimo jautrumas,"},"iawp_total_views":774},"product_brand":[],"product_cat":[72,83,25,9019,9016],"product_tag":[1671,1675,1682,1696],"class_list":{"0":"post-22509","1":"product","2":"type-product","3":"status-publish","4":"has-post-thumbnail","6":"product_cat-kaciu-maistas","7":"product_cat-kaciu-prekiu-gamintojai","8":"product_cat-katems","9":"product_cat-royal-canin-kaciu-prekiu-gamintojai","10":"product_cat-sausas-maistas-kaciu-maistas","11":"product_tag-begrudis-kaciu-maistas","12":"product_tag-kaciu-edalas","13":"product_tag-kaciu-maistas-super-premium-klases","14":"product_tag-super-premium-maistas-katems","15":"pa_pasaro-sudetis-ryziai","16":"pa_pasaro-sudetis-vistiena","17":"pa_prekiu-zenklai-royal-canin","19":"first","20":"instock","21":"sale","22":"featured","23":"taxable","24":"shipping-taxable","25":"purchasable","26":"product-type-variable"},"acf":[],"_links":{"self":[{"href":"https:\/\/zooprekes24.lt\/et\/wp-json\/wp\/v2\/product\/22509","targetHints":{"allow":["GET"]}}],"collection":[{"href":"https:\/\/zooprekes24.lt\/et\/wp-json\/wp\/v2\/product"}],"about":[{"href":"https:\/\/zooprekes24.lt\/et\/wp-json\/wp\/v2\/types\/product"}],"replies":[{"embeddable":true,"href":"https:\/\/zooprekes24.lt\/et\/wp-json\/wp\/v2\/comments?post=22509"}],"wp:featuredmedia":[{"embeddable":true,"href":"https:\/\/zooprekes24.lt\/et\/wp-json\/wp\/v2\/media\/30617"}],"wp:attachment":[{"href":"https:\/\/zooprekes24.lt\/et\/wp-json\/wp\/v2\/media?parent=22509"}],"wp:term":[{"taxonomy":"product_brand","embeddable":true,"href":"https:\/\/zooprekes24.lt\/et\/wp-json\/wp\/v2\/product_brand?post=22509"},{"taxonomy":"product_cat","embeddable":true,"href":"https:\/\/zooprekes24.lt\/et\/wp-json\/wp\/v2\/product_cat?post=22509"},{"taxonomy":"product_tag","embeddable":true,"href":"https:\/\/zooprekes24.lt\/et\/wp-json\/wp\/v2\/product_tag?post=22509"}],"curies":[{"name":"wp","href":"https:\/\/api.w.org\/{rel}","templated":true}]}}