{"id":22507,"date":"2024-04-19T13:01:51","date_gmt":"2024-04-19T10:01:51","guid":{"rendered":"https:\/\/zooprekes24.lt\/produktas\/royal-canin-sterilised\/"},"modified":"2026-02-27T07:12:54","modified_gmt":"2026-02-27T05:12:54","slug":"royal-canin-steriliseeritud","status":"publish","type":"product","link":"https:\/\/zooprekes24.lt\/et\/produktas\/royal-canin-sterilised\/","title":{"rendered":"Royal Canin Steriliseeritud kuivtoit kassidele"},"content":{"rendered":"<h3>Royal Canin Steriliseeritud - <a href=\"https:\/\/www.youtube.com\/watch?reload=9&amp;reload=9&amp;v=FYwO1fiYoa8\" target=\"_blank\" rel=\"noopener noreferrer\">eriline s\u00f6\u00f6davalmistis<\/a> aitab kontrollida kassi kehakaalu ja reguleerida uriinihappesust.<\/h3>\n<ul>\n<li>S\u00f6\u00f6t sisaldab v\u00e4hem rasva ja s\u00fcsivesikuid, n\u00e4iteks t\u00e4rklist, mis stimuleerivad toidu tarbimist.<\/li>\n<li><a href=\"https:\/\/zooprekes24.lt\/et\/?s=sterilizuotoms&amp;post_type=product&amp;product_cat=0\" target=\"_blank\" rel=\"noopener noreferrer\">P\u00e4rast steriliseerimist<\/a> Kasside energiavajadus on v\u00e4henenud, seega aitab Royal Canin Sterilise madalam rasvasisaldus v\u00e4hendada \u00fclekaalulisuse riski.<\/li>\n<li>L-karnitiiniga, et soodustada rasvakihi p\u00f5letamist.<\/li>\n<li>S\u00f6\u00f6da eriline koostis aitab reguleerida uriini happesust ja parandada uriinis\u00fcsteemi toimimist.<\/li>\n<li>Suur <a href=\"https:\/\/www.royalcanin.com\/lt\/about-us\/quality-and-food-safety\" target=\"_blank\" rel=\"noopener noreferrer\">k\u00f5rge bioloogilise v\u00e4\u00e4rtusega valgusisaldus<\/a> (37%) aitab ehitada lihaseid ja s\u00e4ilitada lihasmassi.<\/li>\n<\/ul>\n<p><img loading=\"lazy\" decoding=\"async\" class=\"\" src=\"https:\/\/zooprekes24.lt\/wp-content\/uploads\/bc45h-hub-russian-adult-black-and-white-17.jpeg\" width=\"391\" height=\"293\" \/><\/p>","protected":false},"excerpt":{"rendered":"<p>Royal Canin Sterilised &#8211; speciali pa\u0161aro sud\u0117tis padeda kontroliuoti kat\u0117s svor\u012f bei reguliuoti \u0161lapimo r\u016bg\u0161tingum\u0105. Pa\u0161aro sud\u0117tyje yra\u00a0ma\u017eiau riebal\u0173\u00a0ir\u00a0angliavandeni\u0173, pavyzd\u017eiui, krakmolo, kuris skatina maisto vartojim\u0105. Po sterilizacijos ka\u010di\u0173 energijos poreikis suma\u017e\u0117ja d\u0117l to Royal Canin Sterilised sud\u0117tyje esantis ma\u017eesnis riebal\u0173 kiekis padeda ma\u017einti vir\u0161svorio rizika. Su\u00a0L-karnitinu, skatinan\u010diu riebalinio sluoksnio deginim\u0105. Speciali pa\u0161aro sud\u0117tis\u00a0padeda\u00a0reguliuoti \u0161lapimo r\u016bg\u0161tingum\u0105,&#8230;<\/p>","protected":false},"featured_media":30618,"comment_status":"closed","ping_status":"closed","template":"","meta":{"_acf_changed":false,"slim_seo":{"title":"Royal Canin Sterilised sausas maistas kat\u0117ms - Zooprekes24","description":"Royal Canin Sterilised - spetsiaalne koostis aitab kontrollida teie kassi kaalu ja reguleerida uriini happesust. S\u00f6\u00f6t sisaldab v\u00e4hem rasva ja s\u00fcsihappegaasi"},"iawp_total_views":2065},"product_brand":[],"product_cat":[72,83,25,9019,9016],"product_tag":[1671,1675,1682],"class_list":{"0":"post-22507","1":"product","2":"type-product","3":"status-publish","4":"has-post-thumbnail","6":"product_cat-kaciu-maistas","7":"product_cat-kaciu-prekiu-gamintojai","8":"product_cat-katems","9":"product_cat-royal-canin-kaciu-prekiu-gamintojai","10":"product_cat-sausas-maistas-kaciu-maistas","11":"product_tag-begrudis-kaciu-maistas","12":"product_tag-kaciu-edalas","13":"product_tag-kaciu-maistas-super-premium-klases","14":"pa_pasaro-sudetis-vistiena","15":"pa_prekiu-zenklai-royal-canin","17":"first","18":"instock","19":"sale","20":"featured","21":"taxable","22":"shipping-taxable","23":"purchasable","24":"product-type-variable"},"acf":[],"_links":{"self":[{"href":"https:\/\/zooprekes24.lt\/et\/wp-json\/wp\/v2\/product\/22507","targetHints":{"allow":["GET"]}}],"collection":[{"href":"https:\/\/zooprekes24.lt\/et\/wp-json\/wp\/v2\/product"}],"about":[{"href":"https:\/\/zooprekes24.lt\/et\/wp-json\/wp\/v2\/types\/product"}],"replies":[{"embeddable":true,"href":"https:\/\/zooprekes24.lt\/et\/wp-json\/wp\/v2\/comments?post=22507"}],"wp:featuredmedia":[{"embeddable":true,"href":"https:\/\/zooprekes24.lt\/et\/wp-json\/wp\/v2\/media\/30618"}],"wp:attachment":[{"href":"https:\/\/zooprekes24.lt\/et\/wp-json\/wp\/v2\/media?parent=22507"}],"wp:term":[{"taxonomy":"product_brand","embeddable":true,"href":"https:\/\/zooprekes24.lt\/et\/wp-json\/wp\/v2\/product_brand?post=22507"},{"taxonomy":"product_cat","embeddable":true,"href":"https:\/\/zooprekes24.lt\/et\/wp-json\/wp\/v2\/product_cat?post=22507"},{"taxonomy":"product_tag","embeddable":true,"href":"https:\/\/zooprekes24.lt\/et\/wp-json\/wp\/v2\/product_tag?post=22507"}],"curies":[{"name":"wp","href":"https:\/\/api.w.org\/{rel}","templated":true}]}}