{"id":22505,"date":"2024-04-19T13:01:51","date_gmt":"2024-04-19T10:01:51","guid":{"rendered":"https:\/\/zooprekes24.lt\/produktas\/royal-canin-indoor\/"},"modified":"2026-02-27T06:49:06","modified_gmt":"2026-02-27T04:49:06","slug":"royal-canin-indoor","status":"publish","type":"product","link":"https:\/\/zooprekes24.lt\/et\/produktas\/royal-canin-indoor\/","title":{"rendered":"Royal Canin Indoor kasside kuivtoit"},"content":{"rendered":"<h3>Royal Canin Indoor &#8211;\u00a0<a href=\"https:\/\/www.royalcanin.com\/lt\/tailored-nutrition\" target=\"_blank\" rel=\"noopener\">spetsiaalselt tasakaalustatud<\/a> kuivtoit t\u00e4iskasvanud kassidele alates 1 aasta vanusest. Sisekassidele, kes on suhteliselt liikumishimulised. <a href=\"https:\/\/zooprekes24.lt\/et\/kategorija\/parditoodete-tootjad\/royal-canin-katems\/\" target=\"_blank\" rel=\"noopener\">kasside jaoks<\/a>.<\/h3>\n<ul>\n<li>Toit stimuleerib soolestiku mikrofloorat, neutraliseerib toksiine ja v\u00e4hendab fekaalil\u00f5hna.<\/li>\n<li>Madala kalorsusega toit, mis on spetsiaalselt kohandatud v\u00e4hem aktiivsetele siseruumides elavatele kassidele.<\/li>\n<li>T\u00e4iendatakse L-karnitiiniga, mis p\u00e4rsib rasvade kogunemist.<\/li>\n<li>Mittefermenteeritavate kiudainete ja peedipulbri kombinatsioon stimuleerib soolestiku l\u00e4bip\u00e4\u00e4su ja aitab eemaldada allaneelatud karvu.<\/li>\n<li><a href=\"https:\/\/www.youtube.com\/watch?reload=9&amp;v=FYwO1fiYoa8\" target=\"_blank\" rel=\"noopener noreferrer\">Royal Canin Indoor on spetsiaalselt koostatud<\/a>mis annab teie lemmikloomale vajalikku energiat.<\/li>\n<\/ul>\n<p><img loading=\"lazy\" decoding=\"async\" class=\"\" src=\"https:\/\/zooprekes24.lt\/wp-content\/uploads\/bc29h-hub-egyptian-mau-adult-black-and-white-17.jpeg\" width=\"404\" height=\"303\" \/><\/p>","protected":false},"excerpt":{"rendered":"<p>Royal Canin Indoor &#8211;\u00a0specialiai subalansuotas sausas maistas suaugusioms, namuose gyvenan\u010dioms kat\u0117ms nuo 1 met\u0173 am\u017eiaus. Skirtas u\u017edarose patalpose gyvenan\u010dioms, gana s\u0117slioms kat\u0117ms. Maistas\u00a0stimuliuoja \u017earnyno mikroflor\u0105,\u00a0neutralizuoja toksinus\u00a0ir u\u017etikrina\u00a0silpnesn\u012f i\u0161mat\u0173 kvap\u0105. Pa\u0161aro sud\u0117tyje esantis nedidelis kalorij\u0173 kiekis, specialiai pritaikytas ma\u017eesnio aktyvumo kat\u0117ms, gyvenan\u010dioms u\u017edarose patalpose. Papildyta L-karnitinu, kuris stabdo riebal\u0173 kaupim\u0105si. Nefermentuojam\u0173 skaidul\u0173 ir runkeli\u0173 mink\u0161timo junginys&#8230;<\/p>","protected":false},"featured_media":19821,"comment_status":"closed","ping_status":"closed","template":"","meta":{"_acf_changed":false,"slim_seo":{"title":"Royal Canin Indoor sausas maistas kat\u0117ms - Zooprekes24","description":"Royal Canin Indoor -\u00a0 specialiai subalansuotas sausas maistas suaugusioms, namuose gyvenan\u010dioms kat\u0117ms nuo 1 met\u0173 am\u017eiaus. Skirtas u\u017edarose patalpose gyvenan\u010dio"},"iawp_total_views":324},"product_brand":[],"product_cat":[72,83,25,9019,9016],"product_tag":[1671,1675,1682,1696],"class_list":{"0":"post-22505","1":"product","2":"type-product","3":"status-publish","4":"has-post-thumbnail","6":"product_cat-kaciu-maistas","7":"product_cat-kaciu-prekiu-gamintojai","8":"product_cat-katems","9":"product_cat-royal-canin-kaciu-prekiu-gamintojai","10":"product_cat-sausas-maistas-kaciu-maistas","11":"product_tag-begrudis-kaciu-maistas","12":"product_tag-kaciu-edalas","13":"product_tag-kaciu-maistas-super-premium-klases","14":"product_tag-super-premium-maistas-katems","15":"pa_pasaro-sudetis-ryziai","16":"pa_pasaro-sudetis-vistiena","17":"pa_prekiu-zenklai-royal-canin","19":"first","20":"instock","21":"sale","22":"featured","23":"taxable","24":"shipping-taxable","25":"purchasable","26":"product-type-variable"},"acf":[],"_links":{"self":[{"href":"https:\/\/zooprekes24.lt\/et\/wp-json\/wp\/v2\/product\/22505","targetHints":{"allow":["GET"]}}],"collection":[{"href":"https:\/\/zooprekes24.lt\/et\/wp-json\/wp\/v2\/product"}],"about":[{"href":"https:\/\/zooprekes24.lt\/et\/wp-json\/wp\/v2\/types\/product"}],"replies":[{"embeddable":true,"href":"https:\/\/zooprekes24.lt\/et\/wp-json\/wp\/v2\/comments?post=22505"}],"wp:featuredmedia":[{"embeddable":true,"href":"https:\/\/zooprekes24.lt\/et\/wp-json\/wp\/v2\/media\/19821"}],"wp:attachment":[{"href":"https:\/\/zooprekes24.lt\/et\/wp-json\/wp\/v2\/media?parent=22505"}],"wp:term":[{"taxonomy":"product_brand","embeddable":true,"href":"https:\/\/zooprekes24.lt\/et\/wp-json\/wp\/v2\/product_brand?post=22505"},{"taxonomy":"product_cat","embeddable":true,"href":"https:\/\/zooprekes24.lt\/et\/wp-json\/wp\/v2\/product_cat?post=22505"},{"taxonomy":"product_tag","embeddable":true,"href":"https:\/\/zooprekes24.lt\/et\/wp-json\/wp\/v2\/product_tag?post=22505"}],"curies":[{"name":"wp","href":"https:\/\/api.w.org\/{rel}","templated":true}]}}