{"id":22503,"date":"2024-04-19T13:01:51","date_gmt":"2024-04-19T10:01:51","guid":{"rendered":"https:\/\/zooprekes24.lt\/produktas\/royal-canin-persian-adult\/"},"modified":"2026-02-27T07:28:07","modified_gmt":"2026-02-27T05:28:07","slug":"royal-canin-persian-adult","status":"publish","type":"product","link":"https:\/\/zooprekes24.lt\/et\/produktas\/royal-canin-persian-adult\/","title":{"rendered":"Royal Canin Persian Adult kasside kuivtoit"},"content":{"rendered":"<h3>Royal Canin Persian Adult on spetsiaalselt koostatud toit, mis vastab k\u00f5ikidele p\u00e4rsia kasside toitumisvajadustele.<\/h3>\n<ul>\n<li>S\u00f6\u00f6t koosneb j\u00e4rgmistest elementidest <a href=\"https:\/\/www.royalcanin.com\/lt\/about-us\/quality-and-food-safety\" target=\"_blank\" rel=\"noopener noreferrer\">eksklusiivsete toitainete kompleks<\/a> \"Beauty Shine\" (boraagia\u00f5li, EPA\/DHA ja vitamiinid), mis on oluline pika karvaga p\u00e4rsia kasside tiheda karvkatte ilu suurendamiseks - v\u00e4rvus muutub heledamaks, karvkate on l\u00e4ikivam ja pehmem ning nahk on v\u00e4hem \u00e4rritunud.<\/li>\n<li>Naatriumfosfaatidega, mis aeglustavad hambakivi ja hambakivi teket, p\u00fc\u00fcdes kaltsiumi s\u00fcljesse.<\/li>\n<li>FOS (frukto-oligosahhariidid) ja MOS (mannan-oligosahhariidid) ning luteiini, tauriini ja C- ja E-vitamiini sisaldav s\u00fcnergiline antioks\u00fcdantide kompleks tagavad optimaalse seedimise.<\/li>\n<li>Royal Canin Persian Adult toidus <a href=\"https:\/\/www.youtube.com\/watch?reload=9&amp;v=FYwO1fiYoa8\" target=\"_blank\" rel=\"noopener noreferrer\">ainulaadne kiudude \u00fchend<\/a> v\u00e4hendades karvapallide moodustumise t\u00f5en\u00e4osust maos ja parandades mao liikuvust.<\/li>\n<li>Spetsiaalsed mandlikujulised graanulid, mis on spetsiaalselt kavandatud <a href=\"https:\/\/zooprekes24.lt\/et\/toode\/royal-canin-persian-konservas-padaze-85-g\/\" target=\"_blank\" rel=\"noopener noreferrer\">P\u00e4rsia kasside puhul<\/a>mida iseloomustab pol\u00fcgooniataoline toidu haaramine.<\/li>\n<\/ul>\n<p><img loading=\"lazy\" decoding=\"async\" class=\"\" src=\"https:\/\/zooprekes24.lt\/wp-content\/uploads\/bc7h-persian-adult-in-black-and-white-13.jpeg\" width=\"350\" height=\"246\" \/><\/p>","protected":false},"excerpt":{"rendered":"<p>Royal Canin Persian Adult &#8211; ypatingai sukurtas \u0117dalas, kuris patenkins visus Pers\u0173 veisl\u0117s ka\u010di\u0173 mitybos poreikius. Pa\u0161ar\u0105 sudaro i\u0161skirtini\u0173 maistini\u0173 med\u017eiag\u0173 kompleksas \u201eBeauty Shine\u201c (agurkl\u0117s aliejus, EPA\/DHA ir vitaminai), kuris b\u016btinas norint i\u0161ry\u0161kinti ilgaplauki\u0173 Pers\u0173 veisl\u0117s ka\u010di\u0173 tankaus kailio gro\u017e\u012f &#8211; spalva tampa ry\u0161kesn\u0117, kailiukas labiau spindi ir tampa \u0161velnus, o oda yra ma\u017eiau dirginama&#8230;.<\/p>","protected":false},"featured_media":19820,"comment_status":"closed","ping_status":"closed","template":"","meta":{"_acf_changed":false,"slim_seo":{"title":"Royal Canin Persian Adult sausas maistas kat\u0117ms - Zooprekes24","description":"Royal Canin Persian Adult - ypatingai sukurtas \u0117dalas, kuris patenkins visus Pers\u0173 veisl\u0117s ka\u010di\u0173 mitybos poreikius. Pa\u0161ar\u0105 sudaro i\u0161skirtini\u0173 maistini\u0173 med\u017eiag\u0173"},"iawp_total_views":256},"product_brand":[],"product_cat":[72,83,25,9019,9016],"product_tag":[1671,1675,1682,1696],"class_list":{"0":"post-22503","1":"product","2":"type-product","3":"status-publish","4":"has-post-thumbnail","6":"product_cat-kaciu-maistas","7":"product_cat-kaciu-prekiu-gamintojai","8":"product_cat-katems","9":"product_cat-royal-canin-kaciu-prekiu-gamintojai","10":"product_cat-sausas-maistas-kaciu-maistas","11":"product_tag-begrudis-kaciu-maistas","12":"product_tag-kaciu-edalas","13":"product_tag-kaciu-maistas-super-premium-klases","14":"product_tag-super-premium-maistas-katems","15":"pa_pasaro-sudetis-ryziai","16":"pa_pasaro-sudetis-vistiena","17":"pa_prekiu-zenklai-royal-canin","19":"first","20":"instock","21":"sale","22":"featured","23":"taxable","24":"shipping-taxable","25":"purchasable","26":"product-type-variable"},"acf":[],"_links":{"self":[{"href":"https:\/\/zooprekes24.lt\/et\/wp-json\/wp\/v2\/product\/22503","targetHints":{"allow":["GET"]}}],"collection":[{"href":"https:\/\/zooprekes24.lt\/et\/wp-json\/wp\/v2\/product"}],"about":[{"href":"https:\/\/zooprekes24.lt\/et\/wp-json\/wp\/v2\/types\/product"}],"replies":[{"embeddable":true,"href":"https:\/\/zooprekes24.lt\/et\/wp-json\/wp\/v2\/comments?post=22503"}],"wp:featuredmedia":[{"embeddable":true,"href":"https:\/\/zooprekes24.lt\/et\/wp-json\/wp\/v2\/media\/19820"}],"wp:attachment":[{"href":"https:\/\/zooprekes24.lt\/et\/wp-json\/wp\/v2\/media?parent=22503"}],"wp:term":[{"taxonomy":"product_brand","embeddable":true,"href":"https:\/\/zooprekes24.lt\/et\/wp-json\/wp\/v2\/product_brand?post=22503"},{"taxonomy":"product_cat","embeddable":true,"href":"https:\/\/zooprekes24.lt\/et\/wp-json\/wp\/v2\/product_cat?post=22503"},{"taxonomy":"product_tag","embeddable":true,"href":"https:\/\/zooprekes24.lt\/et\/wp-json\/wp\/v2\/product_tag?post=22503"}],"curies":[{"name":"wp","href":"https:\/\/api.w.org\/{rel}","templated":true}]}}