{"id":22501,"date":"2024-04-19T13:01:51","date_gmt":"2024-04-19T10:01:51","guid":{"rendered":"https:\/\/zooprekes24.lt\/produktas\/royal-canin-british-shorthair-adult\/"},"modified":"2026-02-27T07:35:17","modified_gmt":"2026-02-27T05:35:17","slug":"royal-canin-briti-luhikarvaline-taiskasvanu","status":"publish","type":"product","link":"https:\/\/zooprekes24.lt\/et\/produktas\/royal-canin-british-shorthair-adult\/","title":{"rendered":"Royal Canin Briti l\u00fchikarvaline t\u00e4iskasvanud kasside kuivtoit"},"content":{"rendered":"<h3>Royal Canin British Shorthair Adult - selle toidu koostisosad tugevdavad teie kassi luustikku, lihaseid ja s\u00fcdametegevust ning aitavad s\u00e4ilitada optimaalset suuh\u00fcgieeni. <a href=\"https:\/\/www.royalcanin.com\/lt\/about-us\/quality-and-food-safety\" target=\"_blank\" rel=\"noopener noreferrer\">Eriretseptiga toit<\/a> on \u00e4\u00e4rmiselt maitsev ja tekitab kiiresti k\u00fcllastustunde.<\/h3>\n<ul>\n<li>T\u00e4iskasvanutele <a href=\"https:\/\/www.royalcanin.com\/lt\/cats\/breeds\/breed-library\/british-shorthair\" target=\"_blank\" rel=\"noopener noreferrer\">Briti l\u00fchikarvaliste kasside puhul<\/a> alates 1 aastast.<\/li>\n<li>Lambapelletid <a href=\"https:\/\/zooprekes24.lt\/et\/toode\/royal-canin-british-shorthair-konservas-85-g\/\" target=\"_blank\" rel=\"noopener noreferrer\">mis on spetsiaalselt kohandatud Briti l\u00fchikarvaliste kasside l\u00f5ualuudele.<\/a> Graanulide suurus ja tekstuur julgustavad kassid intensiivsemalt n\u00e4rima ja kergemini toitu haarama. Selle tulemuseks on toidu parem seedimine ja lemmiklooma optimaalne seedimine.<\/li>\n<li>Toit aitab s\u00e4ilitada head suu- ja hambah\u00fcgieeni.<\/li>\n<li>Optimaalne valgusisaldus ja L-karnitiin aitavad s\u00e4ilitada Briti l\u00fchikarvalistele kassidele iseloomulikku lihasmassi.<\/li>\n<li>Koostisosades sisalduv kaltsium, fosfor ja EPA\/DHA tugevdavad luid ja liigeseid.<\/li>\n<li><a href=\"https:\/\/www.youtube.com\/watch?v=FYwO1fiYoa8\" target=\"_blank\" rel=\"noopener noreferrer\">S\u00f6\u00f6mine vabatahtlikult.<\/a> Spetsiaalselt valmistatud toidud on \u00e4\u00e4rmiselt maitsvad ja meeldivad ka k\u00f5ige n\u00f5udlikumatele gurmaanidele.<\/li>\n<li>Royal Canin British Shorthair Adult'i koostisained tugevdavad teie kassi luustikku, lihaseid ja s\u00fcdametegevust.<\/li>\n<\/ul>\n<p><img loading=\"lazy\" decoding=\"async\" class=\"\" src=\"https:\/\/zooprekes24.lt\/wp-content\/uploads\/bc3h-hub-british-shorthair-adult-black-and-white-15.jpeg\" width=\"390\" height=\"292\" \/><\/p>","protected":false},"excerpt":{"rendered":"<p>Royal Canin British Shorthair Adult &#8211; \u0117dale esantys komponentai stiprina kat\u0117s kaulus, raumenis, \u0161irdies darb\u0105 bei padeda palaikyti optimali\u0105 burnos higien\u0105. Pagal ypating\u0105 recept\u0105 pagamintas maistas yra ypa\u010d skanus ir greitai sukeliantis sotumo jausm\u0105. Skirta\u00a0suaugusioms brit\u0173 trumpaplauki\u0173 veisl\u0117s kat\u0117ms nuo 1 met\u0173. \u0116dalo granul\u0117s specialiai pritaikytos brit\u0173 trumpaplauki\u0173 ka\u010di\u0173 \u017eandikauliams. Granuli\u0173 dydis ir tekst\u016bra skatina&#8230;<\/p>","protected":false},"featured_media":19819,"comment_status":"closed","ping_status":"closed","template":"","meta":{"_acf_changed":false,"slim_seo":{"title":"Royal Canin British Shorthair Adult sausas maistas kat\u0117ms - Zooprekes24","description":"Royal Canin British Shorthair Adult - selle toidu koostisosad tugevdavad teie kassi luustikku, lihaseid ja s\u00fcdametegevust ning aitavad s\u00e4ilitada optimaalset suuh\u00fcgieeni. Pa"},"iawp_total_views":952},"product_brand":[],"product_cat":[72,83,25,9019,9016],"product_tag":[1671,1675,1682,1696],"class_list":{"0":"post-22501","1":"product","2":"type-product","3":"status-publish","4":"has-post-thumbnail","6":"product_cat-kaciu-maistas","7":"product_cat-kaciu-prekiu-gamintojai","8":"product_cat-katems","9":"product_cat-royal-canin-kaciu-prekiu-gamintojai","10":"product_cat-sausas-maistas-kaciu-maistas","11":"product_tag-begrudis-kaciu-maistas","12":"product_tag-kaciu-edalas","13":"product_tag-kaciu-maistas-super-premium-klases","14":"product_tag-super-premium-maistas-katems","15":"pa_pasaro-sudetis-ryziai","16":"pa_pasaro-sudetis-vistiena","17":"pa_prekiu-zenklai-royal-canin","19":"first","20":"instock","21":"sale","22":"featured","23":"taxable","24":"shipping-taxable","25":"purchasable","26":"product-type-variable"},"acf":[],"_links":{"self":[{"href":"https:\/\/zooprekes24.lt\/et\/wp-json\/wp\/v2\/product\/22501","targetHints":{"allow":["GET"]}}],"collection":[{"href":"https:\/\/zooprekes24.lt\/et\/wp-json\/wp\/v2\/product"}],"about":[{"href":"https:\/\/zooprekes24.lt\/et\/wp-json\/wp\/v2\/types\/product"}],"replies":[{"embeddable":true,"href":"https:\/\/zooprekes24.lt\/et\/wp-json\/wp\/v2\/comments?post=22501"}],"wp:featuredmedia":[{"embeddable":true,"href":"https:\/\/zooprekes24.lt\/et\/wp-json\/wp\/v2\/media\/19819"}],"wp:attachment":[{"href":"https:\/\/zooprekes24.lt\/et\/wp-json\/wp\/v2\/media?parent=22501"}],"wp:term":[{"taxonomy":"product_brand","embeddable":true,"href":"https:\/\/zooprekes24.lt\/et\/wp-json\/wp\/v2\/product_brand?post=22501"},{"taxonomy":"product_cat","embeddable":true,"href":"https:\/\/zooprekes24.lt\/et\/wp-json\/wp\/v2\/product_cat?post=22501"},{"taxonomy":"product_tag","embeddable":true,"href":"https:\/\/zooprekes24.lt\/et\/wp-json\/wp\/v2\/product_tag?post=22501"}],"curies":[{"name":"wp","href":"https:\/\/api.w.org\/{rel}","templated":true}]}}