{"id":22499,"date":"2024-04-19T13:01:51","date_gmt":"2024-04-19T10:01:51","guid":{"rendered":"https:\/\/zooprekes24.lt\/produktas\/royal-canin-maine-coon-adult\/"},"modified":"2026-02-27T07:22:48","modified_gmt":"2026-02-27T05:22:48","slug":"royal-canin-maine-coon-taiskasvanud","status":"publish","type":"product","link":"https:\/\/zooprekes24.lt\/et\/produktas\/royal-canin-maine-coon-adult\/","title":{"rendered":"Royal Canin Maine Coon Adult kasside kuivtoit"},"content":{"rendered":"<h3>Royal Canin Maine Coon Adult - koostisained <a href=\"https:\/\/www.youtube.com\/watch?v=FYwO1fiYoa8\" target=\"_blank\" rel=\"noopener noreferrer\">hoolikalt valitud materjalid<\/a> aitab s\u00e4ilitada tugevat s\u00fcdant ja liigeseid, samuti tervet nahka ja ilusat karvkatte. Spetsiaalse kujuga graanulid on kohandatud nende kasside suurtele l\u00f5uadele.<\/h3>\n<ul>\n<li>T\u00e4iskasvanutele <a href=\"https:\/\/www.royalcanin.com\/lt\/cats\/breeds\/breed-library\/maine-coon\" target=\"_blank\" rel=\"noopener noreferrer\">Maine Coon kasside puhul<\/a>.<\/li>\n<li>Magneesiumi, naatriumi, kaaliumi, arginiini, eikosapentaeenhappe (EPA) ja dokosaheksaeenhappe (DHA), tauriini, L-karnitiini ja antioks\u00fcdantide (E- ja C-vitamiinid ning rohelise tee ja viinamarjade pol\u00fcfenoolid) kohandatud sisaldus aitab s\u00fcdamel korralikult toimida.<\/li>\n<li>Royal Canin Maine Coon Adult'i eksklusiivne segu kondroitiinsulfaadist, gl\u00fckosamiinist ja kala\u00f5list ning k\u00f5rge eikosapentaeenhappe (EPA) ja dokosaheksaeenhappe (DHA) sisaldusega kaitseb teie lemmiklooma liigeseid.<\/li>\n<li>Toidus sisalduvad rasvad, linoolhapped ja aminohapped, samuti tsink, biotiin ja vitamiinid tugevdavad naha kaitsebarj\u00e4\u00e4ri omadusi ning s\u00e4ilitavad kauni karvkatte ja selle loomuliku v\u00e4rvi.<\/li>\n<li>Spetsiaalselt graanulid<a href=\"https:\/\/zooprekes24.lt\/et\/toode\/royal-canin-maine-coon-konservas-padaze-85-g\/\" target=\"_blank\" rel=\"noopener noreferrer\"> kohanenud Maine Coonide l\u00f5ugadega.<\/a><\/li>\n<li>Aitab s\u00e4ilitada head suu- ja hambah\u00fcgieeni.<\/li>\n<\/ul>\n<p><img loading=\"lazy\" decoding=\"async\" class=\"\" src=\"https:\/\/zooprekes24.lt\/wp-content\/uploads\/bc4h-hub-maine-coon-adult-black-and-white-12.jpeg\" width=\"400\" height=\"300\" \/><\/p>","protected":false},"excerpt":{"rendered":"<p>Royal Canin Maine Coon Adult &#8211; maisto sud\u0117tyje esan\u010dios kruop\u0161\u010diai atrinktos med\u017eiagos padeda palaikyti stipri\u0105 \u0161ird\u012f ir s\u0105narius, bei sveik\u0105 od\u0105 bei gra\u017e\u0173 kail\u012f. Specialios formos granul\u0117s pritaikytos dideliems \u0161i\u0173 ka\u010di\u0173 \u017eandikauliams. Skirta suaugusioms Meino me\u0161k\u0117n\u0173 veisl\u0117s kat\u0117ms. Adaptuoti magnio, natrio, kalio, arginino, eikozapentaeno (EPA) ir dokozaheksaeno (DHA) r\u016bg\u0161\u010di\u0173, taurino, L-karnitino ir antioksidant\u0173 (vitamin\u0173 E&#8230;<\/p>","protected":false},"featured_media":19818,"comment_status":"closed","ping_status":"closed","template":"","meta":{"_acf_changed":false,"slim_seo":{"title":"Royal Canin Maine Coon Adult sausas maistas kat\u0117ms - Zooprekes24","description":"Royal Canin Maine Coon Adult - maisto sud\u0117tyje esan\u010dios kruop\u0161\u010diai atrinktos med\u017eiagos padeda palaikyti stipri\u0105 \u0161ird\u012f ir s\u0105narius, bei sveik\u0105 od\u0105 bei gra\u017e\u0173 kail"},"iawp_total_views":800},"product_brand":[],"product_cat":[72,83,25,9019,9016],"product_tag":[1671,1675,1682,1696],"class_list":{"0":"post-22499","1":"product","2":"type-product","3":"status-publish","4":"has-post-thumbnail","6":"product_cat-kaciu-maistas","7":"product_cat-kaciu-prekiu-gamintojai","8":"product_cat-katems","9":"product_cat-royal-canin-kaciu-prekiu-gamintojai","10":"product_cat-sausas-maistas-kaciu-maistas","11":"product_tag-begrudis-kaciu-maistas","12":"product_tag-kaciu-edalas","13":"product_tag-kaciu-maistas-super-premium-klases","14":"product_tag-super-premium-maistas-katems","15":"pa_pasaro-sudetis-ryziai","16":"pa_pasaro-sudetis-vistiena","17":"pa_prekiu-zenklai-royal-canin","19":"first","20":"instock","21":"sale","22":"featured","23":"taxable","24":"shipping-taxable","25":"purchasable","26":"product-type-variable"},"acf":[],"_links":{"self":[{"href":"https:\/\/zooprekes24.lt\/et\/wp-json\/wp\/v2\/product\/22499","targetHints":{"allow":["GET"]}}],"collection":[{"href":"https:\/\/zooprekes24.lt\/et\/wp-json\/wp\/v2\/product"}],"about":[{"href":"https:\/\/zooprekes24.lt\/et\/wp-json\/wp\/v2\/types\/product"}],"replies":[{"embeddable":true,"href":"https:\/\/zooprekes24.lt\/et\/wp-json\/wp\/v2\/comments?post=22499"}],"wp:featuredmedia":[{"embeddable":true,"href":"https:\/\/zooprekes24.lt\/et\/wp-json\/wp\/v2\/media\/19818"}],"wp:attachment":[{"href":"https:\/\/zooprekes24.lt\/et\/wp-json\/wp\/v2\/media?parent=22499"}],"wp:term":[{"taxonomy":"product_brand","embeddable":true,"href":"https:\/\/zooprekes24.lt\/et\/wp-json\/wp\/v2\/product_brand?post=22499"},{"taxonomy":"product_cat","embeddable":true,"href":"https:\/\/zooprekes24.lt\/et\/wp-json\/wp\/v2\/product_cat?post=22499"},{"taxonomy":"product_tag","embeddable":true,"href":"https:\/\/zooprekes24.lt\/et\/wp-json\/wp\/v2\/product_tag?post=22499"}],"curies":[{"name":"wp","href":"https:\/\/api.w.org\/{rel}","templated":true}]}}