{"id":22496,"date":"2024-04-19T13:01:51","date_gmt":"2024-04-19T10:01:51","guid":{"rendered":"https:\/\/zooprekes24.lt\/produktas\/brit-care-adult-large-breed-salmon-potato\/"},"modified":"2024-06-20T15:58:52","modified_gmt":"2024-06-20T12:58:52","slug":"brit-care-adult-large-breed-salmon-potato","status":"publish","type":"product","link":"https:\/\/zooprekes24.lt\/et\/produktas\/brit-care-adult-large-breed-salmon-potato\/","title":{"rendered":"Brit Care Adult Large Breed Salmon kuivtoit koertele"},"content":{"rendered":"<h3>Brit Care Adult Large Breed Salmon &#8211; Super Premium, begr\u016bdis maistas skirtas suaugusiems dideli\u0173 veisli\u0173 \u0161unims. Sud\u0117tyje yra b\u016btin\u0173 chondroprotektini\u0173 med\u017eiag\u0173 sveikiems s\u0105nariams ir kremzl\u0117ms palaikyti bei daug maisting\u0173 baltym\u0173 ir riebal\u0173 r\u016bg\u0161\u010di\u0173, kurios r\u016bpinasi augintinio odos ir kailio b\u016bkle.\u00a0Begr\u016bd\u0117 formul\u0117 idealiai tinka \u0161unims, turintiems nepageidaujam\u0173 reakcij\u0173 \u012f kitokio tipo maist\u0105.<\/h3>\n<ul>\n<li>Probiootikumid ja antioks\u00fcdandid aitavad tugevdada immuuns\u00fcsteemi ja toetada seedetrakti tervist.<\/li>\n<li>Kondroprotektorid aitavad s\u00e4ilitada terveid liigeseid, luid ja k\u00f5hre, mis on suurte t\u00f5ugu koerte puhul v\u00e4ga oluline.<\/li>\n<li>Optimaalne aminohapete profiil, mis on olemas <a href=\"https:\/\/krmivo-brit.cz\/cs\" target=\"_blank\" rel=\"noopener\">Brit Care<\/a> T\u00e4iskasvanud suure t\u00f5ugu l\u00f5he toidus\u00a0<a href=\"https:\/\/zooprekes24.lt\/et\/toode\/fitmin-purity-sport-regenereerimine-sunims\/\" target=\"_blank\" rel=\"noopener\">aitab taastada lihaskoe.<\/a><\/li>\n<\/ul>","protected":false},"excerpt":{"rendered":"<p>Brit Care Adult Large Breed Salmon &#8211; Super Premium, begr\u016bdis maistas skirtas suaugusiems dideli\u0173 veisli\u0173 \u0161unims. Sud\u0117tyje yra b\u016btin\u0173 chondroprotektini\u0173 med\u017eiag\u0173 sveikiems s\u0105nariams ir kremzl\u0117ms palaikyti bei daug maisting\u0173 baltym\u0173 ir riebal\u0173 r\u016bg\u0161\u010di\u0173, kurios r\u016bpinasi augintinio odos ir kailio b\u016bkle.\u00a0Begr\u016bd\u0117 formul\u0117 idealiai tinka \u0161unims, turintiems nepageidaujam\u0173 reakcij\u0173 \u012f kitokio tipo maist\u0105. Probiotikai ir antioksidantai padeda&#8230;<\/p>","protected":false},"featured_media":27569,"comment_status":"closed","ping_status":"closed","template":"","meta":{"_acf_changed":false,"slim_seo":{"title":"Brit Care Adult Large Breed Salmon sausas maistas \u0161unims - Zooprekes24","description":"Brit Care Adult Large Breed Salmon - Super Premium, begr\u016bdis maistas skirtas suaugusiems dideli\u0173 veisli\u0173 \u0161unims. Sud\u0117tyje yra b\u016btin\u0173 chondroprotektini\u0173 med\u017eiag\u0173"},"iawp_total_views":134},"product_brand":[],"product_cat":[9001,9029,9002,8999,29,31],"product_tag":[176,177,200],"class_list":{"0":"post-22496","1":"product","2":"type-product","3":"status-publish","4":"has-post-thumbnail","6":"product_cat-begrudis-maistas","7":"product_cat-brit-care","8":"product_cat-sausas-maistas","9":"product_cat-sunims","10":"product_cat-sunu-maistas","11":"product_cat-sunu-prekiu-gamintojai","12":"product_tag-begrudis-sunu-maistas","13":"product_tag-edalas-sunims","14":"product_tag-super-premium-maistas-sunims","15":"pa_pasaro-sudetis-bulves","16":"pa_pasaro-sudetis-lasisa","17":"pa_pasaro-sudetis-vaisiai","18":"pa_pasaro-sudetis-zuvis","19":"pa_prekiu-zenklai-brit-care","20":"pa_suns-amzius-suaugusiems","21":"pa_veisles-dydis-didelems-veislems","23":"first","24":"instock","25":"featured","26":"taxable","27":"shipping-taxable","28":"purchasable","29":"product-type-variable"},"acf":[],"_links":{"self":[{"href":"https:\/\/zooprekes24.lt\/et\/wp-json\/wp\/v2\/product\/22496","targetHints":{"allow":["GET"]}}],"collection":[{"href":"https:\/\/zooprekes24.lt\/et\/wp-json\/wp\/v2\/product"}],"about":[{"href":"https:\/\/zooprekes24.lt\/et\/wp-json\/wp\/v2\/types\/product"}],"replies":[{"embeddable":true,"href":"https:\/\/zooprekes24.lt\/et\/wp-json\/wp\/v2\/comments?post=22496"}],"wp:featuredmedia":[{"embeddable":true,"href":"https:\/\/zooprekes24.lt\/et\/wp-json\/wp\/v2\/media\/27569"}],"wp:attachment":[{"href":"https:\/\/zooprekes24.lt\/et\/wp-json\/wp\/v2\/media?parent=22496"}],"wp:term":[{"taxonomy":"product_brand","embeddable":true,"href":"https:\/\/zooprekes24.lt\/et\/wp-json\/wp\/v2\/product_brand?post=22496"},{"taxonomy":"product_cat","embeddable":true,"href":"https:\/\/zooprekes24.lt\/et\/wp-json\/wp\/v2\/product_cat?post=22496"},{"taxonomy":"product_tag","embeddable":true,"href":"https:\/\/zooprekes24.lt\/et\/wp-json\/wp\/v2\/product_tag?post=22496"}],"curies":[{"name":"wp","href":"https:\/\/api.w.org\/{rel}","templated":true}]}}