{"id":22495,"date":"2024-04-19T13:01:51","date_gmt":"2024-04-19T10:01:51","guid":{"rendered":"https:\/\/zooprekes24.lt\/produktas\/brit-care-junior-large-breed-salmon\/"},"modified":"2024-06-21T19:39:25","modified_gmt":"2024-06-21T16:39:25","slug":"brit-care-junior-suurtougu-lohe","status":"publish","type":"product","link":"https:\/\/zooprekes24.lt\/et\/produktas\/brit-care-junior-large-breed-salmon\/","title":{"rendered":"Brit Care Junior Large Breed Salmon kuivtoit koertele"},"content":{"rendered":"<h3>Brit Care Junior Large Breed Salmon &#8211; Super Premium, begr\u016bdis maistas skirtas sveikam <a href=\"https:\/\/zooprekes24.lt\/kategorija\/prekes-sunims\/sunu-maistas\/?filters=veisles-dydis[239]|suns-amzius[235]\" target=\"_blank\" rel=\"noopener\">dideli\u0173 veisli\u0173 \u0161uniuk\u0173<\/a> vystymuisi ir imuniteto palaikymui. Maistas ypatingai tinkamas \u0161unims, kurie turi jautr\u0173 vir\u0161kinim\u0105, taip pat augintiniams, turintiems speciali\u0173 mitybos reikalavim\u0173. Receptas praturtintas probiotikais, kad subalansuot\u0173 \u017earnyno mikroflor\u0105 ir palaikyt\u0173 dideli\u0173 veisli\u0173 \u0161uniuk\u0173 imunitet\u0105.<\/h3>\n<ul>\n<li>Subalansuotas baltym\u0173 ir riebal\u0173 kiekis, optimaliam augimo palaikymui.<\/li>\n<li>Chondroprotektoriai padeda palaikyti sveik\u0105 s\u0105nari\u0173, kaul\u0173 ir kremzli\u0173 augim\u0105 bei vystym\u0105si.<\/li>\n<li><a href=\"https:\/\/krmivo-brit.cz\/cs\" target=\"_blank\" rel=\"noopener\">Brit Care<\/a> Junior Large Breed Salmon maisto sud\u0117tyje esantys probiotikai ir antioksidantai stiprina augintinio imunin\u0119 sistem\u0105 ir palaiko ger\u0105 vir\u0161kinimo sistemos veikl\u0105.<\/li>\n<\/ul>\n","protected":false},"excerpt":{"rendered":"<p>Brit Care Junior Large Breed Salmon &#8211; Super Premium, begr\u016bdis maistas skirtas sveikam dideli\u0173 veisli\u0173 \u0161uniuk\u0173 vystymuisi ir imuniteto palaikymui. Maistas ypatingai tinkamas \u0161unims, kurie turi jautr\u0173 vir\u0161kinim\u0105, taip pat augintiniams, turintiems speciali\u0173 mitybos reikalavim\u0173. Receptas praturtintas probiotikais, kad subalansuot\u0173 \u017earnyno mikroflor\u0105 ir palaikyt\u0173 dideli\u0173 veisli\u0173 \u0161uniuk\u0173 imunitet\u0105. Subalansuotas baltym\u0173 ir riebal\u0173 kiekis, optimaliam augimo&#8230;<\/p>","protected":false},"featured_media":27639,"comment_status":"closed","ping_status":"closed","template":"","meta":{"_acf_changed":false,"slim_seo":{"title":"Brit Care Junior Large Breed Salmon sausas maistas \u0161unims - Zooprekes24","description":"Brit Care Junior Large Breed Salmon - Super Premium, teraviljavaba toit suurte t\u00f5ugu kutsikate tervislikuks arenguks ja immuuns\u00fcsteemi toetamiseks. Toit on eriline"},"iawp_total_views":186},"product_brand":[],"product_cat":[9001,9029,9002,8999,29,31],"product_tag":[176,220,177,200],"class_list":{"0":"post-22495","1":"product","2":"type-product","3":"status-publish","4":"has-post-thumbnail","6":"product_cat-begrudis-maistas","7":"product_cat-brit-care","8":"product_cat-sausas-maistas","9":"product_cat-sunims","10":"product_cat-sunu-maistas","11":"product_cat-sunu-prekiu-gamintojai","12":"product_tag-begrudis-sunu-maistas","13":"product_tag-brit-care-junior-su-lasisa","14":"product_tag-edalas-sunims","15":"product_tag-super-premium-maistas-sunims","16":"pa_pasaro-sudetis-bulves","17":"pa_pasaro-sudetis-lasisa","18":"pa_pasaro-sudetis-vaisiai","19":"pa_pasaro-sudetis-zuvis","20":"pa_prekiu-zenklai-brit-care","21":"pa_suns-amzius-jauniems","22":"pa_veisles-dydis-didelems-veislems","24":"first","25":"instock","26":"featured","27":"taxable","28":"shipping-taxable","29":"purchasable","30":"product-type-variable"},"acf":[],"_links":{"self":[{"href":"https:\/\/zooprekes24.lt\/et\/wp-json\/wp\/v2\/product\/22495","targetHints":{"allow":["GET"]}}],"collection":[{"href":"https:\/\/zooprekes24.lt\/et\/wp-json\/wp\/v2\/product"}],"about":[{"href":"https:\/\/zooprekes24.lt\/et\/wp-json\/wp\/v2\/types\/product"}],"replies":[{"embeddable":true,"href":"https:\/\/zooprekes24.lt\/et\/wp-json\/wp\/v2\/comments?post=22495"}],"wp:featuredmedia":[{"embeddable":true,"href":"https:\/\/zooprekes24.lt\/et\/wp-json\/wp\/v2\/media\/27639"}],"wp:attachment":[{"href":"https:\/\/zooprekes24.lt\/et\/wp-json\/wp\/v2\/media?parent=22495"}],"wp:term":[{"taxonomy":"product_brand","embeddable":true,"href":"https:\/\/zooprekes24.lt\/et\/wp-json\/wp\/v2\/product_brand?post=22495"},{"taxonomy":"product_cat","embeddable":true,"href":"https:\/\/zooprekes24.lt\/et\/wp-json\/wp\/v2\/product_cat?post=22495"},{"taxonomy":"product_tag","embeddable":true,"href":"https:\/\/zooprekes24.lt\/et\/wp-json\/wp\/v2\/product_tag?post=22495"}],"curies":[{"name":"wp","href":"https:\/\/api.w.org\/{rel}","templated":true}]}}