{"id":22494,"date":"2024-04-19T13:01:51","date_gmt":"2024-04-19T10:01:51","guid":{"rendered":"https:\/\/zooprekes24.lt\/produktas\/brit-care-adult-salmon-potato\/"},"modified":"2024-06-20T16:17:09","modified_gmt":"2024-06-20T13:17:09","slug":"brit-care-taiskasvanud-lohe-kartul","status":"publish","type":"product","link":"https:\/\/zooprekes24.lt\/et\/produktas\/brit-care-adult-salmon-potato\/","title":{"rendered":"Brit Care Adult Salmon kuivtoit koertele"},"content":{"rendered":"<h3>Brit Care Adult Salmon - Super Premium Grain Free kuivtoit on spetsiaalselt m\u00f5eldud v\u00e4ikestele ja keskmise suurusega koertele. See retsept aitab s\u00e4ilitada naha ja karvkatte head seisundit, optimaalset s\u00fcdametegevust ja tugevat immuunsust.<\/h3>\n<ul>\n<li>Astelpaju aitab kaasa neerude ja kuseteede tervisele.<\/li>\n<li>Omega-3-rasvhapped stimuleerivad lihas\u00fcnteesi ja aitavad kaasa lihaste kiiremale taastumisele.<\/li>\n<li>K\u00f5rge oomega-3 rasvhapete sisaldus\u00a0<a href=\"https:\/\/zooprekes24.lt\/et\/toode\/fitmin-purity-lassi-oli-300ml\/\" target=\"_blank\" rel=\"noopener\">Annab koera karvkattele s\u00e4ra<\/a> ja hoolitseda naha tervise eest.<\/li>\n<li><a href=\"https:\/\/krmivo-brit.cz\/cs\" target=\"_blank\" rel=\"noopener\">Brit Care<\/a> Adult Salmon &amp; Potato's sisalduvad probiootikumid ja antioks\u00fcdandid tugevdavad teie lemmiklooma immuuns\u00fcsteemi ja toetavad head seedimistoimimist.<\/li>\n<\/ul>","protected":false},"excerpt":{"rendered":"<p>Brit Care Adult Salmon &#8211; Super Premium begr\u016bdis sausas maistas buvo specialiai sukurtas ma\u017e\u0173 ir vidutini\u0173 veisli\u0173 \u0161unims. \u0160is receptas gali pad\u0117ti palaikyti ger\u0105 odos ir kailio b\u016bkl\u0119, optimali\u0105 \u0161irdies veikl\u0105 bei stipr\u0173 imunitet\u0105. \u0160altalankiai prisideda prie inkst\u0173 ir \u0161lapimo tak\u0173 sveikatos palaikymo. Omega-3 riebal\u0173 r\u016bg\u0161tys skatina raumen\u0173 sintez\u0119 ir prisideda prie greitesnio j\u0173 atsigavimo&#8230;.<\/p>","protected":false},"featured_media":27571,"comment_status":"closed","ping_status":"closed","template":"","meta":{"_acf_changed":false,"slim_seo":{"title":"Brit Care Adult Salmon sausas maistas \u0161unims - Zooprekes24","description":"Brit Care Adult Salmon - Super Premium Grain Free kuivtoit on spetsiaalselt m\u00f5eldud v\u00e4ikestele ja keskmise suurusega koertele. See retsept aitab s\u00e4ilitada head"},"iawp_total_views":251},"product_brand":[],"product_cat":[9001,9029,9002,8999,29,31],"product_tag":[176,177,200],"class_list":{"0":"post-22494","1":"product","2":"type-product","3":"status-publish","4":"has-post-thumbnail","6":"product_cat-begrudis-maistas","7":"product_cat-brit-care","8":"product_cat-sausas-maistas","9":"product_cat-sunims","10":"product_cat-sunu-maistas","11":"product_cat-sunu-prekiu-gamintojai","12":"product_tag-begrudis-sunu-maistas","13":"product_tag-edalas-sunims","14":"product_tag-super-premium-maistas-sunims","15":"pa_pasaro-sudetis-bulves","16":"pa_pasaro-sudetis-lasisa","17":"pa_pasaro-sudetis-vaisiai","18":"pa_pasaro-sudetis-zuvis","19":"pa_prekiu-zenklai-brit-care","20":"pa_suns-amzius-suaugusiems","21":"pa_veisles-dydis-didelems-veislems","22":"pa_veisles-dydis-mazoms-veislems","23":"pa_veisles-dydis-vidutinems-veislems","24":"pa_veisles-dydis-visu-dydziu-veislems","26":"first","27":"instock","28":"featured","29":"taxable","30":"shipping-taxable","31":"purchasable","32":"product-type-variable"},"acf":[],"_links":{"self":[{"href":"https:\/\/zooprekes24.lt\/et\/wp-json\/wp\/v2\/product\/22494","targetHints":{"allow":["GET"]}}],"collection":[{"href":"https:\/\/zooprekes24.lt\/et\/wp-json\/wp\/v2\/product"}],"about":[{"href":"https:\/\/zooprekes24.lt\/et\/wp-json\/wp\/v2\/types\/product"}],"replies":[{"embeddable":true,"href":"https:\/\/zooprekes24.lt\/et\/wp-json\/wp\/v2\/comments?post=22494"}],"wp:featuredmedia":[{"embeddable":true,"href":"https:\/\/zooprekes24.lt\/et\/wp-json\/wp\/v2\/media\/27571"}],"wp:attachment":[{"href":"https:\/\/zooprekes24.lt\/et\/wp-json\/wp\/v2\/media?parent=22494"}],"wp:term":[{"taxonomy":"product_brand","embeddable":true,"href":"https:\/\/zooprekes24.lt\/et\/wp-json\/wp\/v2\/product_brand?post=22494"},{"taxonomy":"product_cat","embeddable":true,"href":"https:\/\/zooprekes24.lt\/et\/wp-json\/wp\/v2\/product_cat?post=22494"},{"taxonomy":"product_tag","embeddable":true,"href":"https:\/\/zooprekes24.lt\/et\/wp-json\/wp\/v2\/product_tag?post=22494"}],"curies":[{"name":"wp","href":"https:\/\/api.w.org\/{rel}","templated":true}]}}