{"id":22492,"date":"2024-04-19T13:01:51","date_gmt":"2024-04-19T10:01:51","guid":{"rendered":"https:\/\/zooprekes24.lt\/produktas\/brit-care-hypoallergenic-adult-lb-lamb\/"},"modified":"2024-09-26T12:00:59","modified_gmt":"2024-09-26T09:00:59","slug":"brit-care-hypoallergenic-adult-lb-lamb","status":"publish","type":"product","link":"https:\/\/zooprekes24.lt\/et\/produktas\/brit-care-hypoallergenic-adult-lb-lamb\/","title":{"rendered":"Brit Care Hypoallergenic Adult Large Breed Lamb kuivtoit koertele"},"content":{"rendered":"<h3>Brit Care Hypoallergenic Adult Large Breed Lamb &#8211; Super Premium hipoalerginis vieno baltymo maistas skirtas alergini\u0173 reakcij\u0173 prevencijai. Idealiai tinka suaugusiems dideli\u0173 veisli\u0173 \u0161unims, kurie turi jautr\u0173 vir\u0161kinim\u0105, taip pat augintiniams, kurie turi speciali\u0173 mitybos poreiki\u0173. Receptas praturtintas probiotikais, u\u017etikrinan\u010diais subalansuot\u0105 \u017earnyno mikroflor\u0105 bei tikruoju margainiu, kuris padeda palaikyti ger\u0105 kepen\u0173 veikl\u0105.<\/h3>\n<ul>\n<li>Kondroprotektorid aitavad s\u00e4ilitada terveid liigeseid, luid ja k\u00f5hre.<\/li>\n<li>Probiootikumid ja antioks\u00fcdandid aitavad tugevdada immuuns\u00fcsteemi ja toetada seedetrakti tervist.<\/li>\n<li>Optimaalne aminohapete profiil, mis on olemas <a href=\"https:\/\/krmivo-brit.cz\/cs\" target=\"_blank\" rel=\"noopener\">Brit Care<\/a> H\u00fcpoallergeenne t\u00e4iskasvanud suurte t\u00f5ugude lambaliha toidus\u00a0<a href=\"https:\/\/zooprekes24.lt\/et\/toode\/fitmin-purity-sport-regenereerimine-sunims\/\" target=\"_blank\" rel=\"noopener\">aitab taastada lihaskoe.<\/a><\/li>\n<\/ul>","protected":false},"excerpt":{"rendered":"<p>Brit Care Hypoallergenic Adult Large Breed Lamb &#8211; Super Premium hipoalerginis vieno baltymo maistas skirtas alergini\u0173 reakcij\u0173 prevencijai. Idealiai tinka suaugusiems dideli\u0173 veisli\u0173 \u0161unims, kurie turi jautr\u0173 vir\u0161kinim\u0105, taip pat augintiniams, kurie turi speciali\u0173 mitybos poreiki\u0173. Receptas praturtintas probiotikais, u\u017etikrinan\u010diais subalansuot\u0105 \u017earnyno mikroflor\u0105 bei tikruoju margainiu, kuris padeda palaikyti ger\u0105 kepen\u0173 veikl\u0105. Chondroprotektoriai padeda palaikyti&#8230;<\/p>","protected":false},"featured_media":27586,"comment_status":"closed","ping_status":"closed","template":"","meta":{"_acf_changed":false,"slim_seo":{"title":"Brit Care Hypoallergenic Adult Large Breed Lamb sausas maistas \u0161unims - Zooprekes24","description":"Brit Care Hypoallergenic Adult Large Breed Lamb - Super Premium hipoalerginis vieno baltymo maistas skirtas alergini\u0173 reakcij\u0173 prevencijai. Idealiai tinka suaug"},"iawp_total_views":371},"product_brand":[],"product_cat":[9029,9002,8999,29,31],"product_tag":[176,177,555,200],"class_list":{"0":"post-22492","1":"product","2":"type-product","3":"status-publish","4":"has-post-thumbnail","6":"product_cat-brit-care","7":"product_cat-sausas-maistas","8":"product_cat-sunims","9":"product_cat-sunu-maistas","10":"product_cat-sunu-prekiu-gamintojai","11":"product_tag-begrudis-sunu-maistas","12":"product_tag-edalas-sunims","13":"product_tag-hipoalerginis","14":"product_tag-super-premium-maistas-sunims","15":"pa_pasaro-sudetis-eriena","16":"pa_pasaro-sudetis-ryziai","17":"pa_pasaro-sudetis-vaisiai","18":"pa_prekiu-zenklai-brit-care","19":"pa_suns-amzius-suaugusiems","20":"pa_veisles-dydis-didelems-veislems","22":"first","23":"instock","24":"featured","25":"taxable","26":"shipping-taxable","27":"purchasable","28":"product-type-variable"},"acf":[],"_links":{"self":[{"href":"https:\/\/zooprekes24.lt\/et\/wp-json\/wp\/v2\/product\/22492","targetHints":{"allow":["GET"]}}],"collection":[{"href":"https:\/\/zooprekes24.lt\/et\/wp-json\/wp\/v2\/product"}],"about":[{"href":"https:\/\/zooprekes24.lt\/et\/wp-json\/wp\/v2\/types\/product"}],"replies":[{"embeddable":true,"href":"https:\/\/zooprekes24.lt\/et\/wp-json\/wp\/v2\/comments?post=22492"}],"wp:featuredmedia":[{"embeddable":true,"href":"https:\/\/zooprekes24.lt\/et\/wp-json\/wp\/v2\/media\/27586"}],"wp:attachment":[{"href":"https:\/\/zooprekes24.lt\/et\/wp-json\/wp\/v2\/media?parent=22492"}],"wp:term":[{"taxonomy":"product_brand","embeddable":true,"href":"https:\/\/zooprekes24.lt\/et\/wp-json\/wp\/v2\/product_brand?post=22492"},{"taxonomy":"product_cat","embeddable":true,"href":"https:\/\/zooprekes24.lt\/et\/wp-json\/wp\/v2\/product_cat?post=22492"},{"taxonomy":"product_tag","embeddable":true,"href":"https:\/\/zooprekes24.lt\/et\/wp-json\/wp\/v2\/product_tag?post=22492"}],"curies":[{"name":"wp","href":"https:\/\/api.w.org\/{rel}","templated":true}]}}