{"id":22490,"date":"2024-04-19T13:01:51","date_gmt":"2024-04-19T10:01:51","guid":{"rendered":"https:\/\/zooprekes24.lt\/produktas\/brit-care-sustainable-activity-sunims\/"},"modified":"2024-06-27T14:44:03","modified_gmt":"2024-06-27T11:44:03","slug":"brit-care-sustainable-activity-sunims","status":"publish","type":"product","link":"https:\/\/zooprekes24.lt\/et\/produktas\/brit-care-sustainable-activity-sunims\/","title":{"rendered":"Brit Care Sustainable Activity Chicken &amp; Insect kuivtoit koertele"},"content":{"rendered":"<h3>Brit Care Sustainable Activity Chicken &amp; Insect &#8211; Super Premium tvarus ir draugi\u0161kas gamtai sausas maistas skirtas palaikyti ger\u0105 \u0161uns vir\u0161kinimo veikl\u0105, suma\u017einti stres\u0105, pagerinti fizin\u0119 b\u016bkl\u0119 bei apr\u016bpinti reikiama energij\u0105. Idealiai tinka <a href=\"https:\/\/zooprekes24.lt\/et\/?s=performance&amp;post_type=product\" target=\"_blank\" rel=\"noopener\">aktiivsetele koertele<\/a>. See sisaldab kergesti seeditavaid ja toitvaid valke koos aminohapetega, mis tagavad suurep\u00e4rase lihastoonuse.<\/h3>\n<ul>\n<li>Omega-3 ja DHA toetavad normaalset s\u00fcdametegevust, suurendavad energiat ja stimuleerivad immuuns\u00fcsteemi.<\/li>\n<li>Kohandatud valgu koostis aitab mitte ainult s\u00e4ilitada optimaalset lihastoonust, vaid ka suurendada koera vastupidavust.<\/li>\n<li>Keskkonnas\u00f5bralik toit, mis on valmistatud j\u00e4tkusuutlikest valkudest ja koostisosadest, millel on 35 % v\u00e4hem negatiivset m\u00f5ju keskkonnale.<\/li>\n<li><a href=\"https:\/\/brit-petfood.com\/en\/company-profile\" target=\"_blank\" rel=\"noopener\">Brit Care<\/a> L-karnitiin s\u00e4\u00e4stva tegevuse toiduainetes annab kiiret energiat ja parandab lihaste taastumist.<\/li>\n<\/ul>","protected":false},"excerpt":{"rendered":"<p>Brit Care Sustainable Activity Chicken &amp; Insect &#8211; Super Premium tvarus ir draugi\u0161kas gamtai sausas maistas skirtas palaikyti ger\u0105 \u0161uns vir\u0161kinimo veikl\u0105, suma\u017einti stres\u0105, pagerinti fizin\u0119 b\u016bkl\u0119 bei apr\u016bpinti reikiama energij\u0105. Idealiai tinka aktyviems \u0161unims. Sud\u0117tyje yra lengvai vir\u0161kinam\u0173 ir maisting\u0173 baltym\u0173 su amino r\u016bg\u0161timis, kurios u\u017etikrina puik\u0173 raumen\u0173 tonus\u0105. Omega-3 ir DHR palaiko normali\u0105&#8230;<\/p>","protected":false},"featured_media":27837,"comment_status":"closed","ping_status":"closed","template":"","meta":{"_acf_changed":false,"slim_seo":{"title":"Brit Care Sustainable Activity Chicken & Insect sausas maistas \u0161unims - Zooprekes24","description":"Brit Care Sustainable Activity Chicken &amp; Insect - Super Premium tvarus ir draugi\u0161kas gamtai sausas maistas skirtas palaikyti ger\u0105 \u0161uns vir\u0161kinimo veikl\u0105, su"},"iawp_total_views":41},"product_brand":[],"product_cat":[9029,9002,8999,29,31],"product_tag":[697,177,555,200],"class_list":{"0":"post-22490","1":"product","2":"type-product","3":"status-publish","4":"has-post-thumbnail","6":"product_cat-brit-care","7":"product_cat-sausas-maistas","8":"product_cat-sunims","9":"product_cat-sunu-maistas","10":"product_cat-sunu-prekiu-gamintojai","11":"product_tag-brit-maistas-aktyviam-suniui","12":"product_tag-edalas-sunims","13":"product_tag-hipoalerginis","14":"product_tag-super-premium-maistas-sunims","15":"pa_pasaro-sudetis-vabzdziai","16":"pa_pasaro-sudetis-vaisiai","17":"pa_pasaro-sudetis-vistiena","18":"pa_prekiu-zenklai-brit-care","19":"pa_suns-amzius-suaugusiems","20":"pa_veisles-dydis-didelems-veislems","21":"pa_veisles-dydis-mazoms-veislems","22":"pa_veisles-dydis-vidutinems-veislems","23":"pa_veisles-dydis-visu-dydziu-veislems","25":"first","26":"instock","27":"featured","28":"taxable","29":"shipping-taxable","30":"purchasable","31":"product-type-variable"},"acf":[],"_links":{"self":[{"href":"https:\/\/zooprekes24.lt\/et\/wp-json\/wp\/v2\/product\/22490","targetHints":{"allow":["GET"]}}],"collection":[{"href":"https:\/\/zooprekes24.lt\/et\/wp-json\/wp\/v2\/product"}],"about":[{"href":"https:\/\/zooprekes24.lt\/et\/wp-json\/wp\/v2\/types\/product"}],"replies":[{"embeddable":true,"href":"https:\/\/zooprekes24.lt\/et\/wp-json\/wp\/v2\/comments?post=22490"}],"wp:featuredmedia":[{"embeddable":true,"href":"https:\/\/zooprekes24.lt\/et\/wp-json\/wp\/v2\/media\/27837"}],"wp:attachment":[{"href":"https:\/\/zooprekes24.lt\/et\/wp-json\/wp\/v2\/media?parent=22490"}],"wp:term":[{"taxonomy":"product_brand","embeddable":true,"href":"https:\/\/zooprekes24.lt\/et\/wp-json\/wp\/v2\/product_brand?post=22490"},{"taxonomy":"product_cat","embeddable":true,"href":"https:\/\/zooprekes24.lt\/et\/wp-json\/wp\/v2\/product_cat?post=22490"},{"taxonomy":"product_tag","embeddable":true,"href":"https:\/\/zooprekes24.lt\/et\/wp-json\/wp\/v2\/product_tag?post=22490"}],"curies":[{"name":"wp","href":"https:\/\/api.w.org\/{rel}","templated":true}]}}