{"id":22489,"date":"2024-04-19T13:01:51","date_gmt":"2024-04-19T10:01:51","guid":{"rendered":"https:\/\/zooprekes24.lt\/produktas\/brit-care-sensitive-venison\/"},"modified":"2024-09-26T12:04:31","modified_gmt":"2024-09-26T09:04:31","slug":"brit-care-sensitive-venison","status":"publish","type":"product","link":"https:\/\/zooprekes24.lt\/et\/produktas\/brit-care-sensitive-venison\/","title":{"rendered":"Brit Care Sensitive Venison kuivtoit koertele"},"content":{"rendered":"<h3>Brit Care Sensitive Venison teraviljavaba retsept on spetsiaalselt v\u00e4lja t\u00f6\u00f6tatud tundliku seedimise ja toidutalumatusega koertele. Hirveliharasv aitab v\u00e4hendada toidutalumatuse, seedeprobleemide ja nahatundlikkuse riski. Lambal\u00e4\u00e4ts aitab s\u00e4ilitada head maksa- ja seedimistalitlust ning ennetab nahap\u00f5letikku. Omega-3-rasvhapped aitavad s\u00e4ilitada naha head seisundit ja l\u00e4ikivat karvkatte. Sobib ideaalselt koertele, kellel on teatud toidu talumatus.<\/h3>\n<ul>\n<li><a href=\"https:\/\/zooprekes24.lt\/et\/?s=venison&amp;post_type=product\" target=\"_blank\" rel=\"noopener\">Hirvep\u00f5hine<\/a> retsept, mis on valmistatud allergiliste reaktsioonide v\u00e4ltimiseks.<\/li>\n<li>Probiootikumid ja antioks\u00fcdandid tugevdavad immuuns\u00fcsteemi ja toetavad head seedimistoimimist.<\/li>\n<li><a href=\"https:\/\/krmivo-brit.cz\/cs\" target=\"_blank\" rel=\"noopener\">Brit Care<\/a> Sensitive Venison sisaldab rohkelt oomega-3-rasvhappeid, mis annavad karvkattele s\u00e4ra ja hoolitsevad naha tervise eest.<\/li>\n<\/ul>","protected":false},"excerpt":{"rendered":"<p>Brit Care Sensitive Venison begr\u016bdis receptas buvo specialiai sukurtas \u0161unims, kurie turi jautr\u0173 vir\u0161kinim\u0105 ir maisto netoleravim\u0105. Elnienos riebalai padeda suma\u017einti maisto netoleravimo rizik\u0105, vir\u0161kinimo problemas ir odos jautrum\u0105. Tikrasis margainis padeda palaikyti ger\u0105 kepen\u0173 ir vir\u0161kinimo veikl\u0105, apsaugo nuo odos u\u017edegim\u0173. Omega-3 riebal\u0173 r\u016bg\u0161tys padeda palaikyti ger\u0105 odos b\u016bkl\u0119 ir blizgant\u012f kail\u012f. Idealiai tinka&#8230;<\/p>","protected":false},"featured_media":27818,"comment_status":"closed","ping_status":"closed","template":"","meta":{"_acf_changed":false,"slim_seo":{"title":"Brit Care Sensitive Venison sausas maistas \u0161unims - Zooprekes24","description":"Brit Care Sensitive Venison begr\u016bdis receptas buvo specialiai sukurtas \u0161unims, kurie turi jautr\u0173 vir\u0161kinim\u0105 ir maisto netoleravim\u0105. Elnienos riebalai padeda sum"},"iawp_total_views":293},"product_brand":[],"product_cat":[9001,9029,9002,8999,29,31],"product_tag":[176,177,200],"class_list":{"0":"post-22489","1":"product","2":"type-product","3":"status-publish","4":"has-post-thumbnail","6":"product_cat-begrudis-maistas","7":"product_cat-brit-care","8":"product_cat-sausas-maistas","9":"product_cat-sunims","10":"product_cat-sunu-maistas","11":"product_cat-sunu-prekiu-gamintojai","12":"product_tag-begrudis-sunu-maistas","13":"product_tag-edalas-sunims","14":"product_tag-super-premium-maistas-sunims","15":"pa_pasaro-sudetis-bulves","16":"pa_pasaro-sudetis-stirniena-elniena","17":"pa_pasaro-sudetis-vaisiai","18":"pa_prekiu-zenklai-brit-care","19":"pa_suns-amzius-suaugusiems","20":"pa_veisles-dydis-didelems-veislems","21":"pa_veisles-dydis-mazoms-veislems","22":"pa_veisles-dydis-vidutinems-veislems","23":"pa_veisles-dydis-visu-dydziu-veislems","25":"first","26":"instock","27":"featured","28":"taxable","29":"shipping-taxable","30":"purchasable","31":"product-type-variable"},"acf":[],"_links":{"self":[{"href":"https:\/\/zooprekes24.lt\/et\/wp-json\/wp\/v2\/product\/22489","targetHints":{"allow":["GET"]}}],"collection":[{"href":"https:\/\/zooprekes24.lt\/et\/wp-json\/wp\/v2\/product"}],"about":[{"href":"https:\/\/zooprekes24.lt\/et\/wp-json\/wp\/v2\/types\/product"}],"replies":[{"embeddable":true,"href":"https:\/\/zooprekes24.lt\/et\/wp-json\/wp\/v2\/comments?post=22489"}],"wp:featuredmedia":[{"embeddable":true,"href":"https:\/\/zooprekes24.lt\/et\/wp-json\/wp\/v2\/media\/27818"}],"wp:attachment":[{"href":"https:\/\/zooprekes24.lt\/et\/wp-json\/wp\/v2\/media?parent=22489"}],"wp:term":[{"taxonomy":"product_brand","embeddable":true,"href":"https:\/\/zooprekes24.lt\/et\/wp-json\/wp\/v2\/product_brand?post=22489"},{"taxonomy":"product_cat","embeddable":true,"href":"https:\/\/zooprekes24.lt\/et\/wp-json\/wp\/v2\/product_cat?post=22489"},{"taxonomy":"product_tag","embeddable":true,"href":"https:\/\/zooprekes24.lt\/et\/wp-json\/wp\/v2\/product_tag?post=22489"}],"curies":[{"name":"wp","href":"https:\/\/api.w.org\/{rel}","templated":true}]}}