{"id":22487,"date":"2024-04-19T13:01:29","date_gmt":"2024-04-19T10:01:29","guid":{"rendered":"https:\/\/zooprekes24.lt\/produktas\/brit-care-sustainable-puppy-chicken\/"},"modified":"2024-06-27T15:25:43","modified_gmt":"2024-06-27T12:25:43","slug":"briti-hooldus-jatkusuutlik-kutsikas-kana","status":"publish","type":"product","link":"https:\/\/zooprekes24.lt\/et\/produktas\/brit-care-sustainable-puppy-chicken\/","title":{"rendered":"Brit Care Sustainable Puppy Chicken &amp; Insect kuivtoit kutsikatele 12 kg"},"content":{"rendered":"<h3>Brit Care Sustainable Puppy Chicken &amp; Insect - Super Premium, j\u00e4tkusuutlik ja keskkonnas\u00f5bralik kuivtoit, mis on spetsiaalselt koostatud tervisliku seedimise, stressi juhtimise, optimaalse f\u00fc\u00fcsilise arengu ja immuuns\u00fcsteemi toetamiseks. Ideaalne k\u00f5ikidele t\u00f5ugudele kutsikatele. Sisaldab kergesti seeditavaid valke koos t\u00e4ielike aminohapetega suurep\u00e4rase lihastoonuse ja tervete kudede saavutamiseks. Gluteenivaba retsept sobib kasvavate kutsikate seedimisele.<\/h3>\n<ul>\n<li>Oomega-3-rasvhapped DHA ja EPA toetavad aju ja s\u00fcdame normaalset arengut.<\/li>\n<li>Keskkonnas\u00f5bralik toit, mis on valmistatud j\u00e4tkusuutlikest valkudest ja koostisosadest, millel on 35 % v\u00e4hem negatiivset m\u00f5ju keskkonnale.<\/li>\n<li><a href=\"https:\/\/krmivo-brit.cz\/cs\" target=\"_blank\" rel=\"noopener\">Brit Care<\/a> J\u00e4tkusuutlik <a href=\"https:\/\/zooprekes24.lt\/et\/?s=puppy&amp;post_type=product\" target=\"_blank\" rel=\"noopener\">Kutsikas<\/a> Probiotikumid ja antioks\u00fcdandid Chicken &amp; Insect toidus tugevdavad teie lemmiklooma immuuns\u00fcsteemi ja toetavad head seedimistoimimist.<\/li>\n<\/ul>","protected":false},"excerpt":{"rendered":"<p>Brit Care Sustainable Puppy Chicken &amp; Insect &#8211;\u00a0Super Premium, tvarus ir draugi\u0161kas gamtai sausas maistas specialiai sukurtas sveikam vir\u0161kinimui, streso valdymui, optimaliam fiziniam vystymuisi ir imuniteto palaikymui. Idealiai tinka vis\u0173 veisli\u0173 \u0161uniukams. Sud\u0117tyje yra lengvai vir\u0161kinam\u0173 baltym\u0173 su visavert\u0117mis amino r\u016bg\u0161timis, u\u017etikrinan\u010diomis puik\u0173 raumen\u0173 tonus\u0105 ir sveikus audinius. Receptas be glitimo tinka augan\u010di\u0173 \u0161uniuk\u0173 vir\u0161kinimui&#8230;.<\/p>","protected":false},"featured_media":27849,"comment_status":"closed","ping_status":"closed","template":"","meta":{"_acf_changed":false,"slim_seo":{"title":"Brit Care Sustainable Puppy Chicken & Insect sausas maistas \u0161uniukams 12 kg - Zooprekes24","description":"Brit Care Sustainable Puppy Chicken &amp; Insect -\u00a0Super Premium, tvarus ir draugi\u0161kas gamtai sausas maistas specialiai sukurtas sveikam vir\u0161kinimui, streso val"},"iawp_total_views":70},"product_brand":[],"product_cat":[9029,9002,8999,29,31],"product_tag":[177,200],"class_list":{"0":"post-22487","1":"product","2":"type-product","3":"status-publish","4":"has-post-thumbnail","6":"product_cat-brit-care","7":"product_cat-sausas-maistas","8":"product_cat-sunims","9":"product_cat-sunu-maistas","10":"product_cat-sunu-prekiu-gamintojai","11":"product_tag-edalas-sunims","12":"product_tag-super-premium-maistas-sunims","13":"pa_pasaro-sudetis-vabzdziai","14":"pa_pasaro-sudetis-vaisiai","15":"pa_pasaro-sudetis-vistiena","16":"pa_prekiu-zenklai-brit-care","17":"pa_suns-amzius-jauniems","18":"pa_veisles-dydis-didelems-veislems","19":"pa_veisles-dydis-mazoms-veislems","20":"pa_veisles-dydis-vidutinems-veislems","21":"pa_veisles-dydis-visu-dydziu-veislems","23":"first","24":"instock","25":"featured","26":"taxable","27":"shipping-taxable","28":"purchasable","29":"product-type-simple"},"acf":[],"_links":{"self":[{"href":"https:\/\/zooprekes24.lt\/et\/wp-json\/wp\/v2\/product\/22487","targetHints":{"allow":["GET"]}}],"collection":[{"href":"https:\/\/zooprekes24.lt\/et\/wp-json\/wp\/v2\/product"}],"about":[{"href":"https:\/\/zooprekes24.lt\/et\/wp-json\/wp\/v2\/types\/product"}],"replies":[{"embeddable":true,"href":"https:\/\/zooprekes24.lt\/et\/wp-json\/wp\/v2\/comments?post=22487"}],"wp:featuredmedia":[{"embeddable":true,"href":"https:\/\/zooprekes24.lt\/et\/wp-json\/wp\/v2\/media\/27849"}],"wp:attachment":[{"href":"https:\/\/zooprekes24.lt\/et\/wp-json\/wp\/v2\/media?parent=22487"}],"wp:term":[{"taxonomy":"product_brand","embeddable":true,"href":"https:\/\/zooprekes24.lt\/et\/wp-json\/wp\/v2\/product_brand?post=22487"},{"taxonomy":"product_cat","embeddable":true,"href":"https:\/\/zooprekes24.lt\/et\/wp-json\/wp\/v2\/product_cat?post=22487"},{"taxonomy":"product_tag","embeddable":true,"href":"https:\/\/zooprekes24.lt\/et\/wp-json\/wp\/v2\/product_tag?post=22487"}],"curies":[{"name":"wp","href":"https:\/\/api.w.org\/{rel}","templated":true}]}}