{"id":22486,"date":"2024-04-19T13:01:29","date_gmt":"2024-04-19T10:01:29","guid":{"rendered":"https:\/\/zooprekes24.lt\/produktas\/brit-care-sustainable-adult-small-breed\/"},"modified":"2024-06-27T15:06:57","modified_gmt":"2024-06-27T12:06:57","slug":"briti-hooldus-jatkusuutlik-taiskasvanud-vaike-toug","status":"publish","type":"product","link":"https:\/\/zooprekes24.lt\/et\/produktas\/brit-care-sustainable-adult-small-breed\/","title":{"rendered":"Brit Care Sustainable Adult Small Breed Chicken &amp; Insect kuivtoit koertele"},"content":{"rendered":"<h3>V\u00e4ikesed ja k\u00e4\u00e4bust\u00f5ugud vajavad k\u00f5rge energiasisaldusega toitu, mis vastab nende aktiivsete ja temperamentsete lemmikloomade toitumisvajadusele, s\u00f6\u00f6tes v\u00e4ikeseid portsjoneid. See Super Premium Brit Care Sustainable Adult Small Breed toit on j\u00e4tkusuutlik ja keskkonnas\u00f5bralik. T\u00e4nu oma ainulaadsele koostisele aitab toit s\u00e4ilitada tervislikku seedes\u00fcsteemi, v\u00e4hendada stressitaset, parandada f\u00fc\u00fcsilist vormi ja toetada koera tugevat immuunsust.<\/h3>\n<ul>\n<li>Probiootikumid ja antioks\u00fcdandid tugevdavad immuuns\u00fcsteemi ja toetavad head seedimistoimimist.<\/li>\n<li><a href=\"https:\/\/krmivo-brit.cz\/cs\" target=\"_blank\" rel=\"noopener\">Brit Care<\/a> J\u00e4tkusuutlik <a href=\"https:\/\/zooprekes24.lt\/et\/?s=adult+small+breed&amp;post_type=product\" target=\"_blank\" rel=\"noopener\">T\u00e4iskasvanud v\u00e4iket\u00f5ugu<\/a> Retsept on m\u00f5eldud CO2-jalaj\u00e4lje v\u00e4hendamiseks.<\/li>\n<li>L-tr\u00fcptofaan rahustab stressiolukordi ja kuivatatud mahlapuu aitab v\u00e4hendada \u00e4revust.<\/li>\n<li>Sisaldab kergesti seeditavaid, toitvaid valke ja aminohappeid, mis aitavad s\u00e4ilitada head lihastoonust. Brit Care Sustainable Adult Small Breed Chicken &amp; Insect looduss\u00f5bralik gluteenivaba retsept on maitsestatud koostisosadega, mis on 35 % v\u00e4hem keskkonnam\u00f5juga.<\/li>\n<\/ul>","protected":false},"excerpt":{"rendered":"<p>Ma\u017e\u0173 ir nyk\u0161tukini\u0173 veisli\u0173 \u0161unims reikia \u0117dalo su dideliu energijos kiekiu, kuriuo \u0161eriant ma\u017eomis porcijomis, b\u016bt\u0173 patenkintas aktyvi\u0173 ir temperamenting\u0173 \u0161i\u0173 augintini\u0173 maisto med\u017eiag\u0173 poreikis. \u0160is Super Premium Brit Care Sustainable Adult Small Breed maistas tvarus ir draugi\u0161kas gamtai. Unikalios formul\u0117s d\u0117ka maistas gali pad\u0117ti palaikyti sveik\u0105 vir\u0161kinimo sistem\u0105, suma\u017einti streso lyg\u012f, pagerinti fizin\u0119 b\u016bkl\u0119&#8230;<\/p>","protected":false},"featured_media":27844,"comment_status":"closed","ping_status":"closed","template":"","meta":{"_acf_changed":false,"slim_seo":{"title":"Brit Care Sustainable Adult Small Breed Chicken & Insect sausas maistas \u0161unims - Zooprekes24","description":"V\u00e4ikesed ja k\u00e4\u00e4bust\u00f5ugud vajavad suure energiakogusega toitu, mis v\u00e4ikestes portsjonites s\u00f6\u00f6duna vastab nende aktiivse ja temperamentse loomuse vajadustele."},"iawp_total_views":78},"product_brand":[],"product_cat":[9029,9002,8999,29,31],"product_tag":[177,555,200],"class_list":{"0":"post-22486","1":"product","2":"type-product","3":"status-publish","4":"has-post-thumbnail","6":"product_cat-brit-care","7":"product_cat-sausas-maistas","8":"product_cat-sunims","9":"product_cat-sunu-maistas","10":"product_cat-sunu-prekiu-gamintojai","11":"product_tag-edalas-sunims","12":"product_tag-hipoalerginis","13":"product_tag-super-premium-maistas-sunims","14":"pa_pasaro-sudetis-vabzdziai","15":"pa_pasaro-sudetis-vaisiai","16":"pa_pasaro-sudetis-vistiena","17":"pa_prekiu-zenklai-brit-care","18":"pa_suns-amzius-suaugusiems","19":"pa_veisles-dydis-mazoms-veislems","21":"first","22":"instock","23":"featured","24":"taxable","25":"shipping-taxable","26":"purchasable","27":"product-type-variable"},"acf":[],"_links":{"self":[{"href":"https:\/\/zooprekes24.lt\/et\/wp-json\/wp\/v2\/product\/22486","targetHints":{"allow":["GET"]}}],"collection":[{"href":"https:\/\/zooprekes24.lt\/et\/wp-json\/wp\/v2\/product"}],"about":[{"href":"https:\/\/zooprekes24.lt\/et\/wp-json\/wp\/v2\/types\/product"}],"replies":[{"embeddable":true,"href":"https:\/\/zooprekes24.lt\/et\/wp-json\/wp\/v2\/comments?post=22486"}],"wp:featuredmedia":[{"embeddable":true,"href":"https:\/\/zooprekes24.lt\/et\/wp-json\/wp\/v2\/media\/27844"}],"wp:attachment":[{"href":"https:\/\/zooprekes24.lt\/et\/wp-json\/wp\/v2\/media?parent=22486"}],"wp:term":[{"taxonomy":"product_brand","embeddable":true,"href":"https:\/\/zooprekes24.lt\/et\/wp-json\/wp\/v2\/product_brand?post=22486"},{"taxonomy":"product_cat","embeddable":true,"href":"https:\/\/zooprekes24.lt\/et\/wp-json\/wp\/v2\/product_cat?post=22486"},{"taxonomy":"product_tag","embeddable":true,"href":"https:\/\/zooprekes24.lt\/et\/wp-json\/wp\/v2\/product_tag?post=22486"}],"curies":[{"name":"wp","href":"https:\/\/api.w.org\/{rel}","templated":true}]}}