{"id":22485,"date":"2024-04-19T13:01:29","date_gmt":"2024-04-19T10:01:29","guid":{"rendered":"https:\/\/zooprekes24.lt\/produktas\/brit-care-mini-light-sterilised\/"},"modified":"2024-07-31T18:16:38","modified_gmt":"2024-07-31T15:16:38","slug":"brit-care-mini-light-sterilised","status":"publish","type":"product","link":"https:\/\/zooprekes24.lt\/et\/produktas\/brit-care-mini-light-sterilised\/","title":{"rendered":"Brit Care Mini Light &amp; Steriliseeritud kuivtoit koertele"},"content":{"rendered":"<h3>Brit Care Mini Light &amp; Sterilised &#8211; stiprina ma\u017e\u0173 \u0161un\u0173 imunitet\u0105, \u0161ird\u012f, kail\u012f, od\u0105 ir dantis. Triu\u0161iena ir laukin\u0117 la\u0161i\u0161a &#8211; auk\u0161\u010diausios kokyb\u0117s baltym\u0173 \u0161altiniai kurie itin maistingi ir nesukelia alergijos. \u0160vie\u017eioje m\u0117soje ir \u017euvyje gausu pagrindini\u0173 riebi\u0173j\u0173 r\u016bg\u0161\u010di\u0173, maitinan\u010di\u0173 augintio raumenis bei audinius.<\/h3>\n<p>Miks valida <a href=\"https:\/\/zooprekes24.lt\/et\/?s=Brit+Care+Mini&amp;post_type=product&amp;product_cat=0\" target=\"_blank\" rel=\"noopener noreferrer\">Brit Care Mini<\/a> Light &amp; Sterilised saus\u0105 \u0161un\u0173 maist\u0105? Brit Care Mini &#8211; tai vienintel\u0117 ma\u017e\u0173 \u0161un\u0173 pa\u0161aro be gr\u016bd\u0173 linija, skirta visiems gyvenimo etapams ir atitaikant j\u0173 specifinius poreikius. Svarbiausi maisto privalumai yra vir\u0161kinamumas ir skonis, pasiekiamas d\u0117l \u0161vie\u017ei\u0173 baltym\u0173 ir \u201eprevencin\u0117s mitybos\u201c (angl. <a href=\"https:\/\/brit-petfood.com\/lt\/brit-care-mini\" target=\"_blank\" rel=\"noopener noreferrer\">Toitumise ennetamine<\/a>) filosoofia, mis v\u00e4ikeste koerte puhul t\u00e4hendab immuuns\u00fcsteemi toetavate looduslike koostisosade koostist.<\/p>","protected":false},"excerpt":{"rendered":"<p>Brit Care Mini Light &amp; Sterilised &#8211; stiprina ma\u017e\u0173 \u0161un\u0173 imunitet\u0105, \u0161ird\u012f, kail\u012f, od\u0105 ir dantis. Triu\u0161iena ir laukin\u0117 la\u0161i\u0161a &#8211; auk\u0161\u010diausios kokyb\u0117s baltym\u0173 \u0161altiniai kurie itin maistingi ir nesukelia alergijos. \u0160vie\u017eioje m\u0117soje ir \u017euvyje gausu pagrindini\u0173 riebi\u0173j\u0173 r\u016bg\u0161\u010di\u0173, maitinan\u010di\u0173 augintio raumenis bei audinius. Kod\u0117l verta rinktis Brit Care Mini Light &amp; Sterilised saus\u0105 \u0161un\u0173&#8230;<\/p>","protected":false},"featured_media":27728,"comment_status":"closed","ping_status":"closed","template":"","meta":{"_acf_changed":false,"slim_seo":{"title":"Brit Care Mini Light & Sterilised sausas maistas \u0161unims - Zooprekes24","description":"Brit Care Mini Light &amp; Sterilised - stiprina ma\u017e\u0173 \u0161un\u0173 imunitet\u0105, \u0161ird\u012f, kail\u012f, od\u0105 ir dantis. Triu\u0161iena ir laukin\u0117 la\u0161i\u0161a - auk\u0161\u010diausios kokyb\u0117s baltym\u0173 \u0161a"},"iawp_total_views":383},"product_brand":[],"product_cat":[9001,9029,9002,8999,29,31],"product_tag":[176,177,555,200],"class_list":{"0":"post-22485","1":"product","2":"type-product","3":"status-publish","4":"has-post-thumbnail","6":"product_cat-begrudis-maistas","7":"product_cat-brit-care","8":"product_cat-sausas-maistas","9":"product_cat-sunims","10":"product_cat-sunu-maistas","11":"product_cat-sunu-prekiu-gamintojai","12":"product_tag-begrudis-sunu-maistas","13":"product_tag-edalas-sunims","14":"product_tag-hipoalerginis","15":"product_tag-super-premium-maistas-sunims","16":"pa_pasaro-sudetis-darzoves","17":"pa_pasaro-sudetis-lasisa","18":"pa_pasaro-sudetis-triusiena","19":"pa_pasaro-sudetis-uogos","20":"pa_pasaro-sudetis-vaisiai","21":"pa_prekiu-zenklai-brit-care","22":"pa_suns-amzius-suaugusiems","23":"pa_veisles-dydis-mazoms-veislems","25":"first","26":"instock","27":"featured","28":"taxable","29":"shipping-taxable","30":"purchasable","31":"product-type-variable"},"acf":[],"_links":{"self":[{"href":"https:\/\/zooprekes24.lt\/et\/wp-json\/wp\/v2\/product\/22485","targetHints":{"allow":["GET"]}}],"collection":[{"href":"https:\/\/zooprekes24.lt\/et\/wp-json\/wp\/v2\/product"}],"about":[{"href":"https:\/\/zooprekes24.lt\/et\/wp-json\/wp\/v2\/types\/product"}],"replies":[{"embeddable":true,"href":"https:\/\/zooprekes24.lt\/et\/wp-json\/wp\/v2\/comments?post=22485"}],"wp:featuredmedia":[{"embeddable":true,"href":"https:\/\/zooprekes24.lt\/et\/wp-json\/wp\/v2\/media\/27728"}],"wp:attachment":[{"href":"https:\/\/zooprekes24.lt\/et\/wp-json\/wp\/v2\/media?parent=22485"}],"wp:term":[{"taxonomy":"product_brand","embeddable":true,"href":"https:\/\/zooprekes24.lt\/et\/wp-json\/wp\/v2\/product_brand?post=22485"},{"taxonomy":"product_cat","embeddable":true,"href":"https:\/\/zooprekes24.lt\/et\/wp-json\/wp\/v2\/product_cat?post=22485"},{"taxonomy":"product_tag","embeddable":true,"href":"https:\/\/zooprekes24.lt\/et\/wp-json\/wp\/v2\/product_tag?post=22485"}],"curies":[{"name":"wp","href":"https:\/\/api.w.org\/{rel}","templated":true}]}}